{"id":11774,"date":"2022-08-09T08:11:49","date_gmt":"2022-08-09T06:11:49","guid":{"rendered":"https:\/\/nanabeeldjes.nl\/winkel\/niet-gecategoriseerd\/dikke-dame-beeldje-los-klassiek-yoga\/"},"modified":"2025-12-15T00:16:03","modified_gmt":"2025-12-14T23:16:03","slug":"nana-beeldje-yoga-los-diy","status":"publish","type":"product","link":"https:\/\/nanabeeldjes.nl\/cs\/winkel\/cadeau-tips\/nana-beeldje-yoga-los-diy\/","title":{"rendered":"Nana Figurka Yoga DIY"},"content":{"rendered":"<p>S na\u0161\u00ed figurkou Nany m\u016f\u017eete b\u00fdt doma kreativn\u00ed. Tuto jedine\u010dnou figurku si m\u016f\u017eete doma snadno namalovat. Uspo\u0159\u00e1dejte tedy dom\u00e1c\u00ed d\u00edlnu s p\u0159\u00e1teli, kamar\u00e1dkami nebo rodinou, nebo se do toho pus\u0165te sami. B\u011bhem tv\u016fr\u010d\u00edch d\u00edlen v Artwise se inspirujeme um\u011blkyn\u00ed Niki de Saint Phalle. Tato francouzsk\u00e1 mal\u00ed\u0159ka a socha\u0159ka vytvo\u0159ila sv\u00e9 prvn\u00ed sochy barevn\u00fdch \u017een v roce 1965. Tyto sochy nazvala Nana. Jej\u00ed Nany symbolizuj\u00ed siln\u00e9 a svobodn\u00e9 \u017eeny. Po vzoru t\u00e9to francouzsk\u00e9 um\u011blkyn\u011b si m\u016f\u017eete namalovat svou vlastn\u00ed barevnou Nanu! Vyberte si n\u00e1vrh na <a href=\"\/\/nl.pinterest.com\/artwise0418\/dikke-dame-beeldjes-artwise-workshops\/?invite_code=8f6d27c08f684973ae3ac92c95800c1b&amp;sender=806074170713579610\\&quot;\" target=\"\\&quot;_blank\\&quot;\" rel=\"\\&quot;noopener\\&quot; noopener\">Pinterest<\/a>, namalujte figurku akrylovou barvou a vytvo\u0159te si jedine\u010dnou figurku!<\/p>\n<p>&nbsp;<\/p>\n<p>Figurky jsou vyr\u00e1b\u011bny ru\u010dn\u011b. To znamen\u00e1, \u017ee na figurk\u00e1ch mohou b\u00fdt patrn\u00e9 minim\u00e1ln\u00ed nedostatky. Tyto nedokonalosti lze na\u0161t\u011bst\u00ed dokonale zakr\u00fdt malov\u00e1n\u00edm.<\/p>\n<p>&nbsp;<\/p>\n<p>R\u00e1di tr\u00e1v\u00edte odpoledne nebo ve\u010der kreativn\u00edm tvo\u0159en\u00edm? Ale nev\u00edte, kde za\u010d\u00edt, kde naj\u00edt pot\u0159eby nebo jak projekt vyrobit? Nebo si r\u00e1di nejprve vyzkou\u0161\u00edte nov\u00fd kreativn\u00ed kon\u00ed\u010dek, ale nechcete hned kupovat spoustu hobby materi\u00e1l\u016f? Pak je sada pro kutily od Artwise p\u0159esn\u011b pro v\u00e1s!<\/p>\n<p>&nbsp;<\/p>\n<p>Chcete rad\u011bji za\u010d\u00edt se sadou Artwise pro kutily, kter\u00e1 obsahuje v\u0161echny pot\u0159eby a n\u00e1vody? Za p\u0159\u00edplatek 5\u20ac obdr\u017e\u00edte kompletn\u00ed kreativn\u00ed mal\u00ed\u0159skou sadu. <a href=\"https:\/\/nanabeeldjes.nl\/cs\/winkel\/cadeau-tips\/diy-pakket-nana-beeldje-beschilderen-yoga-dans\/\">Klikn\u011bte zde<\/a><\/p>\n<p>&nbsp;<\/p>\n<p><i>Kreativn\u00ed d\u00e1rek, Figurky tlust\u00e9 d\u00e1my, kter\u00e9 si m\u016f\u017eete namalovat sami, Sada pro kutily pro dosp\u011bl\u00e9, Sada pro kutily pro dosp\u011bl\u00e9, Figurky tlust\u00fdch \u017een, Figurky tlust\u00fdch dam<\/i><\/p>","protected":false},"excerpt":{"rendered":"<p>Tuto polystonovou figurku Nany o velikosti cca 20 cm s podstavcem si m\u016f\u017eete namalovat podle sv\u00fdch p\u0159edstav. T\u011bmto vesel\u00fdm a obl\u00edben\u00fdm figurk\u00e1m se tak\u00e9 \u0159\u00edk\u00e1 Fat Ladies nebo Dolly. Nany jsou zn\u00e1m\u00e9 d\u00edky francouzsk\u00e9mu mal\u00ed\u0159i a socha\u0159i Nikimu de Saint Phalle. Jej\u00ed Nany symbolizuj\u00ed silnou a svobodnou \u017eenu.<\/p>\n<p>V na\u0161em internetov\u00e9m obchod\u011b najdete 2 typy figurek. Vyberte si variantu j\u00f3gy nebo variantu tance. Pak se doma pus\u0165te do pr\u00e1ce s akrylov\u00fdmi barvami a vytvo\u0159te si vlastn\u00ed jedine\u010dn\u00fd design!<\/p>","protected":false},"featured_media":17750,"comment_status":"closed","ping_status":"closed","template":"","meta":{"site-sidebar-layout":"default","site-content-layout":"default","ast-site-content-layout":"default","site-content-style":"default","site-sidebar-style":"default","ast-global-header-display":"","ast-banner-title-visibility":"","ast-main-header-display":"","ast-hfb-above-header-display":"","ast-hfb-below-header-display":"","ast-hfb-mobile-header-display":"","site-post-title":"","ast-breadcrumbs-content":"","ast-featured-img":"","footer-sml-layout":"","ast-disable-related-posts":"","theme-transparent-header-meta":"default","adv-header-id-meta":"","stick-header-meta":"default","header-above-stick-meta":"","header-main-stick-meta":"","header-below-stick-meta":"","astra-migrate-meta-layouts":"set","ast-page-background-enabled":"default","ast-page-background-meta":{"desktop":{"background-color":"var(--ast-global-color-4)","background-image":"","background-repeat":"repeat","background-position":"center center","background-size":"auto","background-attachment":"scroll","background-type":"","background-media":"","overlay-type":"","overlay-color":"","overlay-opacity":"","overlay-gradient":""},"tablet":{"background-color":"","background-image":"","background-repeat":"repeat","background-position":"center center","background-size":"auto","background-attachment":"scroll","background-type":"","background-media":"","overlay-type":"","overlay-color":"","overlay-opacity":"","overlay-gradient":""},"mobile":{"background-color":"","background-image":"","background-repeat":"repeat","background-position":"center center","background-size":"auto","background-attachment":"scroll","background-type":"","background-media":"","overlay-type":"","overlay-color":"","overlay-opacity":"","overlay-gradient":""}},"ast-content-background-meta":{"desktop":{"background-color":"var(--ast-global-color-5)","background-image":"","background-repeat":"repeat","background-position":"center center","background-size":"auto","background-attachment":"scroll","background-type":"","background-media":"","overlay-type":"","overlay-color":"","overlay-opacity":"","overlay-gradient":""},"tablet":{"background-color":"var(--ast-global-color-5)","background-image":"","background-repeat":"repeat","background-position":"center center","background-size":"auto","background-attachment":"scroll","background-type":"","background-media":"","overlay-type":"","overlay-color":"","overlay-opacity":"","overlay-gradient":""},"mobile":{"background-color":"var(--ast-global-color-5)","background-image":"","background-repeat":"repeat","background-position":"center center","background-size":"auto","background-attachment":"scroll","background-type":"","background-media":"","overlay-type":"","overlay-color":"","overlay-opacity":"","overlay-gradient":""}}},"product_brand":[],"product_cat":[30,55,57],"product_tag":[],"class_list":{"0":"post-11774","1":"product","2":"type-product","3":"status-publish","4":"has-post-thumbnail","6":"product_cat-cadeau-tips","7":"product_cat-knutselmaterialen","8":"product_cat-nana-beeldjes","9":"product_shipping_class-pakket","10":"desktop-align-left","11":"tablet-align-left","12":"mobile-align-left","13":"ast-product-gallery-layout-horizontal-slider","14":"ast-product-tabs-layout-horizontal","16":"first","17":"instock","18":"featured","19":"downloadable","20":"taxable","21":"shipping-taxable","22":"purchasable","23":"product-type-simple"},"yoast_head":"<!-- This site is optimized with the Yoast SEO Premium plugin v27.3 (Yoast SEO v27.5) - https:\/\/yoast.com\/product\/yoast-seo-premium-wordpress\/ -->\n<title>NANA Beeldjes Yoga Los<\/title>\n<meta name=\"description\" content=\"Dit stevige polystone NANA beeldje of dikke dame beeldje Yoga kun je beschilderen naar eigen inzicht. Maak een uniek kunstwerk voor thuis of kantoor.\" \/>\n<meta name=\"robots\" content=\"index, follow, max-snippet:-1, max-image-preview:large, max-video-preview:-1\" \/>\n<link rel=\"canonical\" href=\"https:\/\/nanabeeldjes.nl\/cs\/winkel\/cadeau-tips\/nana-beeldje-yoga-los-diy\/\" \/>\n<meta property=\"og:locale\" content=\"cs_CZ\" \/>\n<meta property=\"og:type\" content=\"article\" \/>\n<meta property=\"og:title\" content=\"Dikke dame beeldjes los\" \/>\n<meta property=\"og:description\" content=\"Dit polystone Dikke Dame beeldjes los 20 cm met kun je beschilderen naar je eigen smaak. Met mooie kortingen voor ateliers en grote groepen.\" \/>\n<meta property=\"og:url\" content=\"https:\/\/nanabeeldjes.nl\/cs\/winkel\/cadeau-tips\/nana-beeldje-yoga-los-diy\/\" \/>\n<meta property=\"og:site_name\" content=\"NANA BEELDJES\" \/>\n<meta property=\"article:modified_time\" content=\"2025-12-14T23:16:03+00:00\" \/>\n<meta name=\"twitter:card\" content=\"summary_large_image\" \/>\n<meta name=\"twitter:title\" content=\"Nana Beeldje Yoga DIY\" \/>\n<meta name=\"twitter:image\" content=\"https:\/\/nanabeeldjes.nl\/wp-content\/uploads\/2024\/11\/nana_beeldje_yoga_voorkant-scaled.webp\" \/>\n<meta name=\"twitter:label1\" content=\"Cena\" \/>\n\t<meta name=\"twitter:data1\" content=\"&euro;&nbsp;24,95\" \/>\n\t<meta name=\"twitter:label2\" content=\"Dostupnost\" \/>\n\t<meta name=\"twitter:data2\" content=\"Skladem\" \/>\n<script type=\"application\/ld+json\" class=\"yoast-schema-graph\">{\"@context\":\"https:\\\/\\\/schema.org\",\"@graph\":[{\"@type\":[\"WebPage\",\"ItemPage\"],\"@id\":\"https:\\\/\\\/nanabeeldjes.nl\\\/winkel\\\/cadeau-tips\\\/nana-beeldje-yoga-los-diy\\\/\",\"url\":\"https:\\\/\\\/nanabeeldjes.nl\\\/winkel\\\/cadeau-tips\\\/nana-beeldje-yoga-los-diy\\\/\",\"name\":\"NANA Beeldjes Yoga Los\",\"isPartOf\":{\"@id\":\"https:\\\/\\\/nanabeeldjes.nl\\\/#website\"},\"primaryImageOfPage\":{\"@id\":\"https:\\\/\\\/nanabeeldjes.nl\\\/winkel\\\/cadeau-tips\\\/nana-beeldje-yoga-los-diy\\\/#primaryimage\"},\"image\":{\"@id\":\"https:\\\/\\\/nanabeeldjes.nl\\\/winkel\\\/cadeau-tips\\\/nana-beeldje-yoga-los-diy\\\/#primaryimage\"},\"thumbnailUrl\":\"https:\\\/\\\/nanabeeldjes.nl\\\/wp-content\\\/uploads\\\/2024\\\/11\\\/nana_beeldje_yoga_voorkant-scaled.webp\",\"datePublished\":\"2022-08-09T06:11:49+00:00\",\"dateModified\":\"2025-12-14T23:16:03+00:00\",\"description\":\"Dit stevige polystone NANA beeldje of dikke dame beeldje Yoga kun je beschilderen naar eigen inzicht. Maak een uniek kunstwerk voor thuis of kantoor.\",\"breadcrumb\":{\"@id\":\"https:\\\/\\\/nanabeeldjes.nl\\\/winkel\\\/cadeau-tips\\\/nana-beeldje-yoga-los-diy\\\/#breadcrumb\"},\"inLanguage\":\"cs\",\"potentialAction\":[{\"@type\":\"ReadAction\",\"target\":[\"https:\\\/\\\/nanabeeldjes.nl\\\/winkel\\\/cadeau-tips\\\/nana-beeldje-yoga-los-diy\\\/\"]}]},{\"@type\":\"ImageObject\",\"inLanguage\":\"cs\",\"@id\":\"https:\\\/\\\/nanabeeldjes.nl\\\/winkel\\\/cadeau-tips\\\/nana-beeldje-yoga-los-diy\\\/#primaryimage\",\"url\":\"https:\\\/\\\/nanabeeldjes.nl\\\/wp-content\\\/uploads\\\/2024\\\/11\\\/nana_beeldje_yoga_voorkant-scaled.webp\",\"contentUrl\":\"https:\\\/\\\/nanabeeldjes.nl\\\/wp-content\\\/uploads\\\/2024\\\/11\\\/nana_beeldje_yoga_voorkant-scaled.webp\",\"width\":2560,\"height\":2560},{\"@type\":\"BreadcrumbList\",\"@id\":\"https:\\\/\\\/nanabeeldjes.nl\\\/winkel\\\/cadeau-tips\\\/nana-beeldje-yoga-los-diy\\\/#breadcrumb\",\"itemListElement\":[{\"@type\":\"ListItem\",\"position\":1,\"name\":\"Home\",\"item\":\"https:\\\/\\\/nanabeeldjes.nl\\\/\"},{\"@type\":\"ListItem\",\"position\":2,\"name\":\"Shop\",\"item\":\"https:\\\/\\\/nanabeeldjes.nl\\\/shop\\\/\"},{\"@type\":\"ListItem\",\"position\":3,\"name\":\"Nana Beeldje Yoga DIY\"}]},{\"@type\":\"WebSite\",\"@id\":\"https:\\\/\\\/nanabeeldjes.nl\\\/#website\",\"url\":\"https:\\\/\\\/nanabeeldjes.nl\\\/\",\"name\":\"NANA BEELDJES\",\"description\":\"Unieke creatieve schilderpakketten\",\"publisher\":{\"@id\":\"https:\\\/\\\/nanabeeldjes.nl\\\/#organization\"},\"potentialAction\":[{\"@type\":\"SearchAction\",\"target\":{\"@type\":\"EntryPoint\",\"urlTemplate\":\"https:\\\/\\\/nanabeeldjes.nl\\\/?s={search_term_string}\"},\"query-input\":{\"@type\":\"PropertyValueSpecification\",\"valueRequired\":true,\"valueName\":\"search_term_string\"}}],\"inLanguage\":\"cs\"},{\"@type\":\"Organization\",\"@id\":\"https:\\\/\\\/nanabeeldjes.nl\\\/#organization\",\"name\":\"NANA BEELDJES\",\"url\":\"https:\\\/\\\/nanabeeldjes.nl\\\/\",\"logo\":{\"@type\":\"ImageObject\",\"inLanguage\":\"cs\",\"@id\":\"https:\\\/\\\/nanabeeldjes.nl\\\/#\\\/schema\\\/logo\\\/image\\\/\",\"url\":\"https:\\\/\\\/nanabeeldjes.nl\\\/wp-content\\\/uploads\\\/2024\\\/11\\\/cropped-nana_beeldjes_logo.png\",\"contentUrl\":\"https:\\\/\\\/nanabeeldjes.nl\\\/wp-content\\\/uploads\\\/2024\\\/11\\\/cropped-nana_beeldjes_logo.png\",\"width\":921,\"height\":111,\"caption\":\"NANA BEELDJES\"},\"image\":{\"@id\":\"https:\\\/\\\/nanabeeldjes.nl\\\/#\\\/schema\\\/logo\\\/image\\\/\"}}]}<\/script>\n<meta property=\"product:price:amount\" content=\"24.95\" \/>\n<meta property=\"product:price:currency\" content=\"EUR\" \/>\n<meta property=\"og:availability\" content=\"instock\" \/>\n<meta property=\"product:availability\" content=\"instock\" \/>\n<meta property=\"product:retailer_item_id\" content=\"nana-yoga-los\" \/>\n<meta property=\"product:condition\" content=\"new\" \/>\n<!-- \/ Yoast SEO Premium plugin. -->","yoast_head_json":{"title":"NANA Beeldjes Yoga Los","description":"Dit stevige polystone NANA beeldje of dikke dame beeldje Yoga kun je beschilderen naar eigen inzicht. Maak een uniek kunstwerk voor thuis of kantoor.","robots":{"index":"index","follow":"follow","max-snippet":"max-snippet:-1","max-image-preview":"max-image-preview:large","max-video-preview":"max-video-preview:-1"},"canonical":"https:\/\/nanabeeldjes.nl\/cs\/winkel\/cadeau-tips\/nana-beeldje-yoga-los-diy\/","og_locale":"cs_CZ","og_type":"article","og_title":"Dikke dame beeldjes los","og_description":"Dit polystone Dikke Dame beeldjes los 20 cm met kun je beschilderen naar je eigen smaak. Met mooie kortingen voor ateliers en grote groepen.","og_url":"https:\/\/nanabeeldjes.nl\/cs\/winkel\/cadeau-tips\/nana-beeldje-yoga-los-diy\/","og_site_name":"NANA BEELDJES","article_modified_time":"2025-12-14T23:16:03+00:00","twitter_card":"summary_large_image","twitter_title":"Nana Beeldje Yoga DIY","twitter_image":"https:\/\/nanabeeldjes.nl\/wp-content\/uploads\/2024\/11\/nana_beeldje_yoga_voorkant-scaled.webp","twitter_misc":{"Cena":"&euro;&nbsp;24,95","Dostupnost":"Skladem"},"schema":{"@context":"https:\/\/schema.org","@graph":[{"@type":["WebPage","ItemPage"],"@id":"https:\/\/nanabeeldjes.nl\/winkel\/cadeau-tips\/nana-beeldje-yoga-los-diy\/","url":"https:\/\/nanabeeldjes.nl\/winkel\/cadeau-tips\/nana-beeldje-yoga-los-diy\/","name":"NANA Beeldjes Yoga Los","isPartOf":{"@id":"https:\/\/nanabeeldjes.nl\/#website"},"primaryImageOfPage":{"@id":"https:\/\/nanabeeldjes.nl\/winkel\/cadeau-tips\/nana-beeldje-yoga-los-diy\/#primaryimage"},"image":{"@id":"https:\/\/nanabeeldjes.nl\/winkel\/cadeau-tips\/nana-beeldje-yoga-los-diy\/#primaryimage"},"thumbnailUrl":"https:\/\/nanabeeldjes.nl\/wp-content\/uploads\/2024\/11\/nana_beeldje_yoga_voorkant-scaled.webp","datePublished":"2022-08-09T06:11:49+00:00","dateModified":"2025-12-14T23:16:03+00:00","description":"Dit stevige polystone NANA beeldje of dikke dame beeldje Yoga kun je beschilderen naar eigen inzicht. Maak een uniek kunstwerk voor thuis of kantoor.","breadcrumb":{"@id":"https:\/\/nanabeeldjes.nl\/winkel\/cadeau-tips\/nana-beeldje-yoga-los-diy\/#breadcrumb"},"inLanguage":"cs","potentialAction":[{"@type":"ReadAction","target":["https:\/\/nanabeeldjes.nl\/winkel\/cadeau-tips\/nana-beeldje-yoga-los-diy\/"]}]},{"@type":"ImageObject","inLanguage":"cs","@id":"https:\/\/nanabeeldjes.nl\/winkel\/cadeau-tips\/nana-beeldje-yoga-los-diy\/#primaryimage","url":"https:\/\/nanabeeldjes.nl\/wp-content\/uploads\/2024\/11\/nana_beeldje_yoga_voorkant-scaled.webp","contentUrl":"https:\/\/nanabeeldjes.nl\/wp-content\/uploads\/2024\/11\/nana_beeldje_yoga_voorkant-scaled.webp","width":2560,"height":2560},{"@type":"BreadcrumbList","@id":"https:\/\/nanabeeldjes.nl\/winkel\/cadeau-tips\/nana-beeldje-yoga-los-diy\/#breadcrumb","itemListElement":[{"@type":"ListItem","position":1,"name":"Home","item":"https:\/\/nanabeeldjes.nl\/"},{"@type":"ListItem","position":2,"name":"Shop","item":"https:\/\/nanabeeldjes.nl\/shop\/"},{"@type":"ListItem","position":3,"name":"Nana Beeldje Yoga DIY"}]},{"@type":"WebSite","@id":"https:\/\/nanabeeldjes.nl\/#website","url":"https:\/\/nanabeeldjes.nl\/","name":"NANA FIGURINES","description":"Unieke creatieve schilderpakketten","publisher":{"@id":"https:\/\/nanabeeldjes.nl\/#organization"},"potentialAction":[{"@type":"SearchAction","target":{"@type":"EntryPoint","urlTemplate":"https:\/\/nanabeeldjes.nl\/?s={search_term_string}"},"query-input":{"@type":"PropertyValueSpecification","valueRequired":true,"valueName":"search_term_string"}}],"inLanguage":"cs"},{"@type":"Organization","@id":"https:\/\/nanabeeldjes.nl\/#organization","name":"NANA FIGURINES","url":"https:\/\/nanabeeldjes.nl\/","logo":{"@type":"ImageObject","inLanguage":"cs","@id":"https:\/\/nanabeeldjes.nl\/#\/schema\/logo\/image\/","url":"https:\/\/nanabeeldjes.nl\/wp-content\/uploads\/2024\/11\/cropped-nana_beeldjes_logo.png","contentUrl":"https:\/\/nanabeeldjes.nl\/wp-content\/uploads\/2024\/11\/cropped-nana_beeldjes_logo.png","width":921,"height":111,"caption":"NANA BEELDJES"},"image":{"@id":"https:\/\/nanabeeldjes.nl\/#\/schema\/logo\/image\/"}}]},"product_price_amount":"24.95","product_price_currency":"EUR","og_availability":"instock","product_availability":"instock","product_retailer_item_id":"nana-yoga-los","product_condition":"new"},"_links":{"self":[{"href":"https:\/\/nanabeeldjes.nl\/cs\/wp-json\/wp\/v2\/product\/11774","targetHints":{"allow":["GET"]}}],"collection":[{"href":"https:\/\/nanabeeldjes.nl\/cs\/wp-json\/wp\/v2\/product"}],"about":[{"href":"https:\/\/nanabeeldjes.nl\/cs\/wp-json\/wp\/v2\/types\/product"}],"replies":[{"embeddable":true,"href":"https:\/\/nanabeeldjes.nl\/cs\/wp-json\/wp\/v2\/comments?post=11774"}],"wp:featuredmedia":[{"embeddable":true,"href":"https:\/\/nanabeeldjes.nl\/cs\/wp-json\/wp\/v2\/media\/17750"}],"wp:attachment":[{"href":"https:\/\/nanabeeldjes.nl\/cs\/wp-json\/wp\/v2\/media?parent=11774"}],"wp:term":[{"taxonomy":"product_brand","embeddable":true,"href":"https:\/\/nanabeeldjes.nl\/cs\/wp-json\/wp\/v2\/product_brand?post=11774"},{"taxonomy":"product_cat","embeddable":true,"href":"https:\/\/nanabeeldjes.nl\/cs\/wp-json\/wp\/v2\/product_cat?post=11774"},{"taxonomy":"product_tag","embeddable":true,"href":"https:\/\/nanabeeldjes.nl\/cs\/wp-json\/wp\/v2\/product_tag?post=11774"}],"curies":[{"name":"wp","href":"https:\/\/api.w.org\/{rel}","templated":true}]}}