{"id":9358,"date":"2021-11-17T14:51:40","date_gmt":"2021-11-17T13:51:40","guid":{"rendered":"https:\/\/nanabeeldjes.nl\/winkel\/niet-gecategoriseerd\/diy-pakket-dikke-dame-beeldje-beschilderen-dans-vrij\/"},"modified":"2025-12-15T00:09:55","modified_gmt":"2025-12-14T23:09:55","slug":"diy-pakket-nana-beeldje-dans","status":"publish","type":"product","link":"https:\/\/nanabeeldjes.nl\/de\/winkel\/cadeau-tips\/diy-pakket-nana-beeldje-dans\/","title":{"rendered":"DIY Paket Nana Figur Tanz"},"content":{"rendered":"<p>Mit unserem kreativen DIY-Komplettpaket Nana-Figur k\u00f6nnen Sie zu Hause kreativ werden und eine einzigartige Figur bemalen. So organisieren Sie einen Heimworkshop mit Freunden, Freundinnen oder Familie oder fangen selbst an.<\/p>\n<h4><\/h4>\n<h4><strong>Das DIY-Kit enth\u00e4lt:<\/strong><\/h4>\n<ul>\n<li>Nana Figur (Polystone) 20 cm mit Sockel*<\/li>\n<li>Praktischer Flyer mit Tipps und Tricks + herunterladbare Fotoanleitung (PDF), in der Schritt f\u00fcr Schritt erkl\u00e4rt wird, wie Sie selbst eine sch\u00f6ne Figur bemalen k\u00f6nnen, auf die Sie stolz sein k\u00f6nnen! (digitaler Workshop)<\/li>\n<li>5 Pinsel in verschiedenen Gr\u00f6\u00dfen<\/li>\n<li>5 Becher Royal Talens Acrylfarbe in Prim\u00e4rfarben (Schwarz, Blau, Rot, Gelb und Wei\u00df) + Anleitung zum Mischen von Farben<\/li>\n<li>Lack, f\u00fcr einen gl\u00e4nzenden Anstrich<\/li>\n<li>Wattest\u00e4bchen<\/li>\n<\/ul>\n<p>Tipp: Wenn Sie mit Linien arbeiten, erzielen Sie mit einem Lackmarker die pr\u00e4zisesten Ergebnisse. Ob Sie diesen ben\u00f6tigen, h\u00e4ngt vom jeweiligen Design ab. Die Stifte lassen sich hervorragend verwenden! Sie k\u00f6nnen sie in Wei\u00df, Schwarz oder Gold zu Ihrer Bestellung hinzuf\u00fcgen.<\/p>\n<h4><\/h4>\n<h4><strong>Sammeln Sie sich selbst:<\/strong><\/h4>\n<ul>\n<li>Bleistift<\/li>\n<li>Ein Krug mit Wasser<\/li>\n<li>K\u00fcchenpapier<\/li>\n<li>(Kunststoff) Platte<\/li>\n<\/ul>\n<h4><\/h4>\n<h4><strong>So funktioniert unser Kreativpaket f\u00fcr zu Hause:<\/strong><\/h4>\n<p>Verbringen Sie gerne einen Nachmittag oder Abend damit, kreativ zu werden? Aber Sie wissen nicht, wo Sie anfangen sollen, wo Sie das Material finden oder wie Sie das Projekt umsetzen k\u00f6nnen? Oder m\u00f6chten Sie ein neues kreatives Hobby erst einmal ausprobieren, aber nicht gleich eine Menge Bastelmaterial kaufen? Dann ist das Do-it-yourself-Kit von Artwise genau das Richtige f\u00fcr Sie!<\/p>\n<p>&nbsp;<\/p>\n<p>In diesem kreativen Do-it-yourself-Workshop lassen wir uns von der K\u00fcnstlerin Niki de Saint Phalle inspirieren. Diese franz\u00f6sische Malerin und Bildhauerin schuf 1965 ihre ersten Skulpturen von farbenfrohen Frauen. Sie nannte diese Skulpturen Nanas. Ihre Nanas stehen symbolisch f\u00fcr starke und freie Frauen. In den Fu\u00dfstapfen dieser franz\u00f6sischen K\u00fcnstlerin wirst du deine eigene farbenfrohe Nana bemalen!<br \/>\nW\u00e4hlen Sie ein Design und bemalen Sie Ihre Figur mit den hochwertigen Farben von Royal Talens aus dem DIY Paket, um Ihre ganz pers\u00f6nliche Figur zu gestalten!<\/p>\n<p>&nbsp;<\/p>\n<p><i>Kreatives Geschenk, Dicke Damenfiguren zum Selbstbemalen, DIY Bastelset Erwachsene, DIY Bastelset Erwachsene, Dicke Frauenfiguren, Dicke Damenfiguren<\/i><\/p>","protected":false},"excerpt":{"rendered":"<p>Mit unserem kreativen DIY Paket Nana Figur bemalen, k\u00f6nnen Sie zu Hause kreativ werden und die beliebte Nana-Figur bemalen. Diese fr\u00f6hlichen Figuren werden auch Fat Ladies oder Dolly's genannt. Ber\u00fchmt sind die Nana's durch die franz\u00f6sische Malerin und Bildhauerin Niki de Saint Phalle. Ihre Nana's symbolisieren eine starke und freie Frau.<\/p>\n<p>Machen Sie sich zu Hause ans Werk mit dem kompletten DIY Paket inklusive feiner Acrylfarben von Royal Talens. Damit k\u00f6nnen Sie Ihr eigenes, einzigartiges Design kreieren! Willst du wissen, was in diesem DIY Paket enthalten ist? Dann scrollen Sie nach unten.<\/p>","protected":false},"featured_media":17752,"comment_status":"closed","ping_status":"closed","template":"","meta":{"site-sidebar-layout":"default","site-content-layout":"default","ast-site-content-layout":"default","site-content-style":"default","site-sidebar-style":"default","ast-global-header-display":"","ast-banner-title-visibility":"","ast-main-header-display":"","ast-hfb-above-header-display":"","ast-hfb-below-header-display":"","ast-hfb-mobile-header-display":"","site-post-title":"","ast-breadcrumbs-content":"","ast-featured-img":"","footer-sml-layout":"","ast-disable-related-posts":"","theme-transparent-header-meta":"default","adv-header-id-meta":"","stick-header-meta":"default","header-above-stick-meta":"","header-main-stick-meta":"","header-below-stick-meta":"","astra-migrate-meta-layouts":"set","ast-page-background-enabled":"default","ast-page-background-meta":{"desktop":{"background-color":"var(--ast-global-color-4)","background-image":"","background-repeat":"repeat","background-position":"center center","background-size":"auto","background-attachment":"scroll","background-type":"","background-media":"","overlay-type":"","overlay-color":"","overlay-opacity":"","overlay-gradient":""},"tablet":{"background-color":"","background-image":"","background-repeat":"repeat","background-position":"center center","background-size":"auto","background-attachment":"scroll","background-type":"","background-media":"","overlay-type":"","overlay-color":"","overlay-opacity":"","overlay-gradient":""},"mobile":{"background-color":"","background-image":"","background-repeat":"repeat","background-position":"center center","background-size":"auto","background-attachment":"scroll","background-type":"","background-media":"","overlay-type":"","overlay-color":"","overlay-opacity":"","overlay-gradient":""}},"ast-content-background-meta":{"desktop":{"background-color":"var(--ast-global-color-5)","background-image":"","background-repeat":"repeat","background-position":"center center","background-size":"auto","background-attachment":"scroll","background-type":"","background-media":"","overlay-type":"","overlay-color":"","overlay-opacity":"","overlay-gradient":""},"tablet":{"background-color":"var(--ast-global-color-5)","background-image":"","background-repeat":"repeat","background-position":"center center","background-size":"auto","background-attachment":"scroll","background-type":"","background-media":"","overlay-type":"","overlay-color":"","overlay-opacity":"","overlay-gradient":""},"mobile":{"background-color":"var(--ast-global-color-5)","background-image":"","background-repeat":"repeat","background-position":"center center","background-size":"auto","background-attachment":"scroll","background-type":"","background-media":"","overlay-type":"","overlay-color":"","overlay-opacity":"","overlay-gradient":""}}},"product_brand":[],"product_cat":[30,40,57,58],"product_tag":[],"class_list":{"0":"post-9358","1":"product","2":"type-product","3":"status-publish","4":"has-post-thumbnail","6":"product_cat-cadeau-tips","7":"product_cat-creatieve-diy-pakketten","8":"product_cat-nana-beeldjes","9":"product_cat-schilder-pakketten","10":"product_shipping_class-pakket","11":"desktop-align-left","12":"tablet-align-left","13":"mobile-align-left","14":"ast-product-gallery-layout-horizontal-slider","15":"ast-product-tabs-layout-horizontal","17":"first","18":"instock","19":"featured","20":"downloadable","21":"taxable","22":"shipping-taxable","23":"purchasable","24":"product-type-simple"},"yoast_head":"<!-- This site is optimized with the Yoast SEO Premium plugin v27.3 (Yoast SEO v27.5) - https:\/\/yoast.com\/product\/yoast-seo-premium-wordpress\/ -->\n<title>DIY Pakket Nana Beeldje Dans<\/title>\n<meta name=\"description\" content=\"Met ons complete creatieve DIY pakket Nana Beeldje kun je thuis creatief aan de slag en maak je zelf een uniek kunstwerk voor thuis of op kantoor.\" \/>\n<meta name=\"robots\" content=\"index, follow, max-snippet:-1, max-image-preview:large, max-video-preview:-1\" \/>\n<link rel=\"canonical\" href=\"https:\/\/nanabeeldjes.nl\/de\/winkel\/cadeau-tips\/diy-pakket-nana-beeldje-dans\/\" \/>\n<meta property=\"og:locale\" content=\"de_DE\" \/>\n<meta property=\"og:type\" content=\"article\" \/>\n<meta property=\"og:title\" content=\"DIY Pakket Nana Beeldje Dans\" \/>\n<meta property=\"og:description\" content=\"Met ons complete creatieve DIY pakket Nana Beeldje kun je thuis creatief aan de slag en maak je zelf een uniek kunstwerk voor thuis of op kantoor.\" \/>\n<meta property=\"og:url\" content=\"https:\/\/nanabeeldjes.nl\/de\/winkel\/cadeau-tips\/diy-pakket-nana-beeldje-dans\/\" \/>\n<meta property=\"og:site_name\" content=\"NANA BEELDJES\" \/>\n<meta property=\"article:modified_time\" content=\"2025-12-14T23:09:55+00:00\" \/>\n<meta property=\"og:image\" content=\"https:\/\/nanabeeldjes.nl\/wp-content\/uploads\/2024\/11\/nana_beeldje_set_dans_02.webp\" \/>\n\t<meta property=\"og:image:width\" content=\"1080\" \/>\n\t<meta property=\"og:image:height\" content=\"1080\" \/>\n\t<meta property=\"og:image:type\" content=\"image\/webp\" \/>\n<meta name=\"twitter:card\" content=\"summary_large_image\" \/>\n<meta name=\"twitter:label1\" content=\"Preis\" \/>\n\t<meta name=\"twitter:data1\" content=\"&euro;&nbsp;29,95\" \/>\n\t<meta name=\"twitter:label2\" content=\"Verf\u00fcgbarkeit\" \/>\n\t<meta name=\"twitter:data2\" content=\"Auf Lager\" \/>\n<script type=\"application\/ld+json\" class=\"yoast-schema-graph\">{\"@context\":\"https:\\\/\\\/schema.org\",\"@graph\":[{\"@type\":[\"WebPage\",\"ItemPage\"],\"@id\":\"https:\\\/\\\/nanabeeldjes.nl\\\/winkel\\\/cadeau-tips\\\/diy-pakket-nana-beeldje-dans\\\/\",\"url\":\"https:\\\/\\\/nanabeeldjes.nl\\\/winkel\\\/cadeau-tips\\\/diy-pakket-nana-beeldje-dans\\\/\",\"name\":\"DIY Pakket Nana Beeldje Dans\",\"isPartOf\":{\"@id\":\"https:\\\/\\\/nanabeeldjes.nl\\\/#website\"},\"primaryImageOfPage\":{\"@id\":\"https:\\\/\\\/nanabeeldjes.nl\\\/winkel\\\/cadeau-tips\\\/diy-pakket-nana-beeldje-dans\\\/#primaryimage\"},\"image\":{\"@id\":\"https:\\\/\\\/nanabeeldjes.nl\\\/winkel\\\/cadeau-tips\\\/diy-pakket-nana-beeldje-dans\\\/#primaryimage\"},\"thumbnailUrl\":\"https:\\\/\\\/nanabeeldjes.nl\\\/wp-content\\\/uploads\\\/2024\\\/11\\\/nana_beeldje_set_dans_02.webp\",\"datePublished\":\"2021-11-17T13:51:40+00:00\",\"dateModified\":\"2025-12-14T23:09:55+00:00\",\"description\":\"Met ons complete creatieve DIY pakket Nana Beeldje kun je thuis creatief aan de slag en maak je zelf een uniek kunstwerk voor thuis of op kantoor.\",\"breadcrumb\":{\"@id\":\"https:\\\/\\\/nanabeeldjes.nl\\\/winkel\\\/cadeau-tips\\\/diy-pakket-nana-beeldje-dans\\\/#breadcrumb\"},\"inLanguage\":\"de\",\"potentialAction\":[{\"@type\":\"ReadAction\",\"target\":[\"https:\\\/\\\/nanabeeldjes.nl\\\/winkel\\\/cadeau-tips\\\/diy-pakket-nana-beeldje-dans\\\/\"]}]},{\"@type\":\"ImageObject\",\"inLanguage\":\"de\",\"@id\":\"https:\\\/\\\/nanabeeldjes.nl\\\/winkel\\\/cadeau-tips\\\/diy-pakket-nana-beeldje-dans\\\/#primaryimage\",\"url\":\"https:\\\/\\\/nanabeeldjes.nl\\\/wp-content\\\/uploads\\\/2024\\\/11\\\/nana_beeldje_set_dans_02.webp\",\"contentUrl\":\"https:\\\/\\\/nanabeeldjes.nl\\\/wp-content\\\/uploads\\\/2024\\\/11\\\/nana_beeldje_set_dans_02.webp\",\"width\":1080,\"height\":1080},{\"@type\":\"BreadcrumbList\",\"@id\":\"https:\\\/\\\/nanabeeldjes.nl\\\/winkel\\\/cadeau-tips\\\/diy-pakket-nana-beeldje-dans\\\/#breadcrumb\",\"itemListElement\":[{\"@type\":\"ListItem\",\"position\":1,\"name\":\"Home\",\"item\":\"https:\\\/\\\/nanabeeldjes.nl\\\/\"},{\"@type\":\"ListItem\",\"position\":2,\"name\":\"Shop\",\"item\":\"https:\\\/\\\/nanabeeldjes.nl\\\/shop\\\/\"},{\"@type\":\"ListItem\",\"position\":3,\"name\":\"DIY Pakket Nana Beeldje Dans\"}]},{\"@type\":\"WebSite\",\"@id\":\"https:\\\/\\\/nanabeeldjes.nl\\\/#website\",\"url\":\"https:\\\/\\\/nanabeeldjes.nl\\\/\",\"name\":\"NANA BEELDJES\",\"description\":\"Unieke creatieve schilderpakketten\",\"publisher\":{\"@id\":\"https:\\\/\\\/nanabeeldjes.nl\\\/#organization\"},\"potentialAction\":[{\"@type\":\"SearchAction\",\"target\":{\"@type\":\"EntryPoint\",\"urlTemplate\":\"https:\\\/\\\/nanabeeldjes.nl\\\/?s={search_term_string}\"},\"query-input\":{\"@type\":\"PropertyValueSpecification\",\"valueRequired\":true,\"valueName\":\"search_term_string\"}}],\"inLanguage\":\"de\"},{\"@type\":\"Organization\",\"@id\":\"https:\\\/\\\/nanabeeldjes.nl\\\/#organization\",\"name\":\"NANA BEELDJES\",\"url\":\"https:\\\/\\\/nanabeeldjes.nl\\\/\",\"logo\":{\"@type\":\"ImageObject\",\"inLanguage\":\"de\",\"@id\":\"https:\\\/\\\/nanabeeldjes.nl\\\/#\\\/schema\\\/logo\\\/image\\\/\",\"url\":\"https:\\\/\\\/nanabeeldjes.nl\\\/wp-content\\\/uploads\\\/2024\\\/11\\\/cropped-nana_beeldjes_logo.png\",\"contentUrl\":\"https:\\\/\\\/nanabeeldjes.nl\\\/wp-content\\\/uploads\\\/2024\\\/11\\\/cropped-nana_beeldjes_logo.png\",\"width\":921,\"height\":111,\"caption\":\"NANA BEELDJES\"},\"image\":{\"@id\":\"https:\\\/\\\/nanabeeldjes.nl\\\/#\\\/schema\\\/logo\\\/image\\\/\"}}]}<\/script>\n<meta property=\"product:price:amount\" content=\"29.95\" \/>\n<meta property=\"product:price:currency\" content=\"EUR\" \/>\n<meta property=\"og:availability\" content=\"instock\" \/>\n<meta property=\"product:availability\" content=\"instock\" \/>\n<meta property=\"product:retailer_item_id\" content=\"nana-diy-pakket-nana-dans\" \/>\n<meta property=\"product:condition\" content=\"new\" \/>\n<!-- \/ Yoast SEO Premium plugin. -->","yoast_head_json":{"title":"DIY Paket Nana Figur Tanz","description":"Met ons complete creatieve DIY pakket Nana Beeldje kun je thuis creatief aan de slag en maak je zelf een uniek kunstwerk voor thuis of op kantoor.","robots":{"index":"index","follow":"follow","max-snippet":"max-snippet:-1","max-image-preview":"max-image-preview:large","max-video-preview":"max-video-preview:-1"},"canonical":"https:\/\/nanabeeldjes.nl\/de\/winkel\/cadeau-tips\/diy-pakket-nana-beeldje-dans\/","og_locale":"de_DE","og_type":"article","og_title":"DIY Pakket Nana Beeldje Dans","og_description":"Met ons complete creatieve DIY pakket Nana Beeldje kun je thuis creatief aan de slag en maak je zelf een uniek kunstwerk voor thuis of op kantoor.","og_url":"https:\/\/nanabeeldjes.nl\/de\/winkel\/cadeau-tips\/diy-pakket-nana-beeldje-dans\/","og_site_name":"NANA BEELDJES","article_modified_time":"2025-12-14T23:09:55+00:00","og_image":[{"width":1080,"height":1080,"url":"https:\/\/nanabeeldjes.nl\/wp-content\/uploads\/2024\/11\/nana_beeldje_set_dans_02.webp","type":"image\/webp"}],"twitter_card":"summary_large_image","twitter_misc":{"Preis":"&euro;&nbsp;29,95","Verf\u00fcgbarkeit":"Auf Lager"},"schema":{"@context":"https:\/\/schema.org","@graph":[{"@type":["WebPage","ItemPage"],"@id":"https:\/\/nanabeeldjes.nl\/winkel\/cadeau-tips\/diy-pakket-nana-beeldje-dans\/","url":"https:\/\/nanabeeldjes.nl\/winkel\/cadeau-tips\/diy-pakket-nana-beeldje-dans\/","name":"DIY Paket Nana Figur Tanz","isPartOf":{"@id":"https:\/\/nanabeeldjes.nl\/#website"},"primaryImageOfPage":{"@id":"https:\/\/nanabeeldjes.nl\/winkel\/cadeau-tips\/diy-pakket-nana-beeldje-dans\/#primaryimage"},"image":{"@id":"https:\/\/nanabeeldjes.nl\/winkel\/cadeau-tips\/diy-pakket-nana-beeldje-dans\/#primaryimage"},"thumbnailUrl":"https:\/\/nanabeeldjes.nl\/wp-content\/uploads\/2024\/11\/nana_beeldje_set_dans_02.webp","datePublished":"2021-11-17T13:51:40+00:00","dateModified":"2025-12-14T23:09:55+00:00","description":"Met ons complete creatieve DIY pakket Nana Beeldje kun je thuis creatief aan de slag en maak je zelf een uniek kunstwerk voor thuis of op kantoor.","breadcrumb":{"@id":"https:\/\/nanabeeldjes.nl\/winkel\/cadeau-tips\/diy-pakket-nana-beeldje-dans\/#breadcrumb"},"inLanguage":"de","potentialAction":[{"@type":"ReadAction","target":["https:\/\/nanabeeldjes.nl\/winkel\/cadeau-tips\/diy-pakket-nana-beeldje-dans\/"]}]},{"@type":"ImageObject","inLanguage":"de","@id":"https:\/\/nanabeeldjes.nl\/winkel\/cadeau-tips\/diy-pakket-nana-beeldje-dans\/#primaryimage","url":"https:\/\/nanabeeldjes.nl\/wp-content\/uploads\/2024\/11\/nana_beeldje_set_dans_02.webp","contentUrl":"https:\/\/nanabeeldjes.nl\/wp-content\/uploads\/2024\/11\/nana_beeldje_set_dans_02.webp","width":1080,"height":1080},{"@type":"BreadcrumbList","@id":"https:\/\/nanabeeldjes.nl\/winkel\/cadeau-tips\/diy-pakket-nana-beeldje-dans\/#breadcrumb","itemListElement":[{"@type":"ListItem","position":1,"name":"Home","item":"https:\/\/nanabeeldjes.nl\/"},{"@type":"ListItem","position":2,"name":"Shop","item":"https:\/\/nanabeeldjes.nl\/shop\/"},{"@type":"ListItem","position":3,"name":"DIY Pakket Nana Beeldje Dans"}]},{"@type":"WebSite","@id":"https:\/\/nanabeeldjes.nl\/#website","url":"https:\/\/nanabeeldjes.nl\/","name":"NANA FIGUREN","description":"Unieke creatieve schilderpakketten","publisher":{"@id":"https:\/\/nanabeeldjes.nl\/#organization"},"potentialAction":[{"@type":"SearchAction","target":{"@type":"EntryPoint","urlTemplate":"https:\/\/nanabeeldjes.nl\/?s={search_term_string}"},"query-input":{"@type":"PropertyValueSpecification","valueRequired":true,"valueName":"search_term_string"}}],"inLanguage":"de"},{"@type":"Organization","@id":"https:\/\/nanabeeldjes.nl\/#organization","name":"NANA FIGUREN","url":"https:\/\/nanabeeldjes.nl\/","logo":{"@type":"ImageObject","inLanguage":"de","@id":"https:\/\/nanabeeldjes.nl\/#\/schema\/logo\/image\/","url":"https:\/\/nanabeeldjes.nl\/wp-content\/uploads\/2024\/11\/cropped-nana_beeldjes_logo.png","contentUrl":"https:\/\/nanabeeldjes.nl\/wp-content\/uploads\/2024\/11\/cropped-nana_beeldjes_logo.png","width":921,"height":111,"caption":"NANA BEELDJES"},"image":{"@id":"https:\/\/nanabeeldjes.nl\/#\/schema\/logo\/image\/"}}]},"product_price_amount":"29.95","product_price_currency":"EUR","og_availability":"instock","product_availability":"instock","product_retailer_item_id":"nana-diy-pakket-nana-dans","product_condition":"new"},"_links":{"self":[{"href":"https:\/\/nanabeeldjes.nl\/de\/wp-json\/wp\/v2\/product\/9358","targetHints":{"allow":["GET"]}}],"collection":[{"href":"https:\/\/nanabeeldjes.nl\/de\/wp-json\/wp\/v2\/product"}],"about":[{"href":"https:\/\/nanabeeldjes.nl\/de\/wp-json\/wp\/v2\/types\/product"}],"replies":[{"embeddable":true,"href":"https:\/\/nanabeeldjes.nl\/de\/wp-json\/wp\/v2\/comments?post=9358"}],"wp:featuredmedia":[{"embeddable":true,"href":"https:\/\/nanabeeldjes.nl\/de\/wp-json\/wp\/v2\/media\/17752"}],"wp:attachment":[{"href":"https:\/\/nanabeeldjes.nl\/de\/wp-json\/wp\/v2\/media?parent=9358"}],"wp:term":[{"taxonomy":"product_brand","embeddable":true,"href":"https:\/\/nanabeeldjes.nl\/de\/wp-json\/wp\/v2\/product_brand?post=9358"},{"taxonomy":"product_cat","embeddable":true,"href":"https:\/\/nanabeeldjes.nl\/de\/wp-json\/wp\/v2\/product_cat?post=9358"},{"taxonomy":"product_tag","embeddable":true,"href":"https:\/\/nanabeeldjes.nl\/de\/wp-json\/wp\/v2\/product_tag?post=9358"}],"curies":[{"name":"wp","href":"https:\/\/api.w.org\/{rel}","templated":true}]}}