{"id":11774,"date":"2022-08-09T08:11:49","date_gmt":"2022-08-09T06:11:49","guid":{"rendered":"https:\/\/nanabeeldjes.nl\/winkel\/niet-gecategoriseerd\/dikke-dame-beeldje-los-klassiek-yoga\/"},"modified":"2025-12-15T00:16:03","modified_gmt":"2025-12-14T23:16:03","slug":"nana-beeldje-yoga-los-diy","status":"publish","type":"product","link":"https:\/\/nanabeeldjes.nl\/es\/winkel\/cadeau-tips\/nana-beeldje-yoga-los-diy\/","title":{"rendered":"Figurita Nana Yoga DIY"},"content":{"rendered":"<p>Con nuestra figurita de Nana, puedes dar rienda suelta a tu creatividad en casa. Pinta f\u00e1cilmente esta singular figurita en casa. Organiza un taller casero con amigos, amigas o familiares, o hazlo t\u00fa mismo. En los talleres creativos de Artwise, nos inspiramos en la artista Niki de Saint Phalle. Esta pintora y escultora francesa hizo sus primeras esculturas de mujeres de colores en 1965. A estas esculturas las llam\u00f3 Nanas. Sus Nanas simbolizan mujeres fuertes y libres. Siguiendo los pasos de esta artista francesa, puedes pintar tu propia Nana de colores. Elija un dise\u00f1o en <a href=\"\/\/nl.pinterest.com\/artwise0418\/dikke-dame-beeldjes-artwise-workshops\/?invite_code=8f6d27c08f684973ae3ac92c95800c1b&amp;sender=806074170713579610\\&quot;\" target=\"\\&quot;_blank\\&quot;\" rel=\"\\&quot;noopener\\&quot; noopener\">Pinterest<\/a>, pinta tu figurita con pintura acr\u00edlica y crea tu figurita \u00fanica.<\/p>\n<p>&nbsp;<\/p>\n<p>Las figuras est\u00e1n hechas a mano. Esto significa que pueden presentar m\u00ednimas imperfecciones. Afortunadamente, estas imperfecciones se pueden disimular perfectamente pint\u00e1ndolas.<\/p>\n<p>&nbsp;<\/p>\n<p>\u00bfTe gusta pasar la tarde o la noche siendo creativo? \u00bfPero no sabe por d\u00f3nde empezar, d\u00f3nde encontrar los materiales o c\u00f3mo realizar el proyecto? \u00bfO le gusta probar primero un nuevo pasatiempo creativo, pero no quiere comprar un mont\u00f3n de materiales de pasatiempo de inmediato? Entonces el kit de bricolaje de Artwise es justo lo que necesitas.<\/p>\n<p>&nbsp;<\/p>\n<p>\u00bfPrefiere empezar con el kit de bricolaje de Artwise que incluye todos los materiales e instrucciones? Por 5\u20ac m\u00e1s recibir\u00e1s un kit completo de pintura creativa. <a href=\"https:\/\/nanabeeldjes.nl\/es\/winkel\/cadeau-tips\/diy-pakket-nana-beeldje-beschilderen-yoga-dans\/\">Pulse aqu\u00ed<\/a><\/p>\n<p>&nbsp;<\/p>\n<p><i>Regalo creativo, Figuras gruesas de se\u00f1ora para pintar t\u00fa mismo, Kit de manualidades para adultos, Kit de bricolaje para adultos, Figuras gruesas de mujer, Figuras gruesas de se\u00f1ora<\/i><\/p>","protected":false},"excerpt":{"rendered":"<p>Esta figurita de Nana de polystone de aprox. 20 cm con z\u00f3calo se puede pintar a su gusto. Estas alegres y populares figuritas tambi\u00e9n reciben el nombre de Fat Ladies o Dolly's. Las Nanas son famosas gracias a la pintora y escultora francesa Niki de Saint Phalle. Sus Nanas simbolizan una mujer fuerte y libre.<\/p>\n<p>En nuestra tienda web encontrar\u00e1s 2 tipos de figuras. Elige entre la variante yoga o la variante danza. Despu\u00e9s, ponte manos a la obra en casa con pintura acr\u00edlica y crea tu propio dise\u00f1o exclusivo.<\/p>","protected":false},"featured_media":17750,"comment_status":"closed","ping_status":"closed","template":"","meta":{"site-sidebar-layout":"default","site-content-layout":"default","ast-site-content-layout":"default","site-content-style":"default","site-sidebar-style":"default","ast-global-header-display":"","ast-banner-title-visibility":"","ast-main-header-display":"","ast-hfb-above-header-display":"","ast-hfb-below-header-display":"","ast-hfb-mobile-header-display":"","site-post-title":"","ast-breadcrumbs-content":"","ast-featured-img":"","footer-sml-layout":"","ast-disable-related-posts":"","theme-transparent-header-meta":"default","adv-header-id-meta":"","stick-header-meta":"default","header-above-stick-meta":"","header-main-stick-meta":"","header-below-stick-meta":"","astra-migrate-meta-layouts":"set","ast-page-background-enabled":"default","ast-page-background-meta":{"desktop":{"background-color":"var(--ast-global-color-4)","background-image":"","background-repeat":"repeat","background-position":"center center","background-size":"auto","background-attachment":"scroll","background-type":"","background-media":"","overlay-type":"","overlay-color":"","overlay-opacity":"","overlay-gradient":""},"tablet":{"background-color":"","background-image":"","background-repeat":"repeat","background-position":"center center","background-size":"auto","background-attachment":"scroll","background-type":"","background-media":"","overlay-type":"","overlay-color":"","overlay-opacity":"","overlay-gradient":""},"mobile":{"background-color":"","background-image":"","background-repeat":"repeat","background-position":"center center","background-size":"auto","background-attachment":"scroll","background-type":"","background-media":"","overlay-type":"","overlay-color":"","overlay-opacity":"","overlay-gradient":""}},"ast-content-background-meta":{"desktop":{"background-color":"var(--ast-global-color-5)","background-image":"","background-repeat":"repeat","background-position":"center center","background-size":"auto","background-attachment":"scroll","background-type":"","background-media":"","overlay-type":"","overlay-color":"","overlay-opacity":"","overlay-gradient":""},"tablet":{"background-color":"var(--ast-global-color-5)","background-image":"","background-repeat":"repeat","background-position":"center center","background-size":"auto","background-attachment":"scroll","background-type":"","background-media":"","overlay-type":"","overlay-color":"","overlay-opacity":"","overlay-gradient":""},"mobile":{"background-color":"var(--ast-global-color-5)","background-image":"","background-repeat":"repeat","background-position":"center center","background-size":"auto","background-attachment":"scroll","background-type":"","background-media":"","overlay-type":"","overlay-color":"","overlay-opacity":"","overlay-gradient":""}}},"product_brand":[],"product_cat":[30,55,57],"product_tag":[],"class_list":{"0":"post-11774","1":"product","2":"type-product","3":"status-publish","4":"has-post-thumbnail","6":"product_cat-cadeau-tips","7":"product_cat-knutselmaterialen","8":"product_cat-nana-beeldjes","9":"product_shipping_class-pakket","10":"desktop-align-left","11":"tablet-align-left","12":"mobile-align-left","13":"ast-product-gallery-layout-horizontal-slider","14":"ast-product-tabs-layout-horizontal","16":"first","17":"instock","18":"featured","19":"downloadable","20":"taxable","21":"shipping-taxable","22":"purchasable","23":"product-type-simple"},"yoast_head":"<!-- This site is optimized with the Yoast SEO Premium plugin v27.3 (Yoast SEO v27.5) - https:\/\/yoast.com\/product\/yoast-seo-premium-wordpress\/ -->\n<title>NANA Beeldjes Yoga Los<\/title>\n<meta name=\"description\" content=\"Dit stevige polystone NANA beeldje of dikke dame beeldje Yoga kun je beschilderen naar eigen inzicht. Maak een uniek kunstwerk voor thuis of kantoor.\" \/>\n<meta name=\"robots\" content=\"index, follow, max-snippet:-1, max-image-preview:large, max-video-preview:-1\" \/>\n<link rel=\"canonical\" href=\"https:\/\/nanabeeldjes.nl\/es\/winkel\/cadeau-tips\/nana-beeldje-yoga-los-diy\/\" \/>\n<meta property=\"og:locale\" content=\"es_ES\" \/>\n<meta property=\"og:type\" content=\"article\" \/>\n<meta property=\"og:title\" content=\"Dikke dame beeldjes los\" \/>\n<meta property=\"og:description\" content=\"Dit polystone Dikke Dame beeldjes los 20 cm met kun je beschilderen naar je eigen smaak. Met mooie kortingen voor ateliers en grote groepen.\" \/>\n<meta property=\"og:url\" content=\"https:\/\/nanabeeldjes.nl\/es\/winkel\/cadeau-tips\/nana-beeldje-yoga-los-diy\/\" \/>\n<meta property=\"og:site_name\" content=\"NANA BEELDJES\" \/>\n<meta property=\"article:modified_time\" content=\"2025-12-14T23:16:03+00:00\" \/>\n<meta name=\"twitter:card\" content=\"summary_large_image\" \/>\n<meta name=\"twitter:title\" content=\"Nana Beeldje Yoga DIY\" \/>\n<meta name=\"twitter:image\" content=\"https:\/\/nanabeeldjes.nl\/wp-content\/uploads\/2024\/11\/nana_beeldje_yoga_voorkant-scaled.webp\" \/>\n<meta name=\"twitter:label1\" content=\"Precio\" \/>\n\t<meta name=\"twitter:data1\" content=\"&euro;&nbsp;24,95\" \/>\n\t<meta name=\"twitter:label2\" content=\"Disponibilidad\" \/>\n\t<meta name=\"twitter:data2\" content=\"Disponible\" \/>\n<script type=\"application\/ld+json\" class=\"yoast-schema-graph\">{\"@context\":\"https:\\\/\\\/schema.org\",\"@graph\":[{\"@type\":[\"WebPage\",\"ItemPage\"],\"@id\":\"https:\\\/\\\/nanabeeldjes.nl\\\/winkel\\\/cadeau-tips\\\/nana-beeldje-yoga-los-diy\\\/\",\"url\":\"https:\\\/\\\/nanabeeldjes.nl\\\/winkel\\\/cadeau-tips\\\/nana-beeldje-yoga-los-diy\\\/\",\"name\":\"NANA Beeldjes Yoga Los\",\"isPartOf\":{\"@id\":\"https:\\\/\\\/nanabeeldjes.nl\\\/#website\"},\"primaryImageOfPage\":{\"@id\":\"https:\\\/\\\/nanabeeldjes.nl\\\/winkel\\\/cadeau-tips\\\/nana-beeldje-yoga-los-diy\\\/#primaryimage\"},\"image\":{\"@id\":\"https:\\\/\\\/nanabeeldjes.nl\\\/winkel\\\/cadeau-tips\\\/nana-beeldje-yoga-los-diy\\\/#primaryimage\"},\"thumbnailUrl\":\"https:\\\/\\\/nanabeeldjes.nl\\\/wp-content\\\/uploads\\\/2024\\\/11\\\/nana_beeldje_yoga_voorkant-scaled.webp\",\"datePublished\":\"2022-08-09T06:11:49+00:00\",\"dateModified\":\"2025-12-14T23:16:03+00:00\",\"description\":\"Dit stevige polystone NANA beeldje of dikke dame beeldje Yoga kun je beschilderen naar eigen inzicht. Maak een uniek kunstwerk voor thuis of kantoor.\",\"breadcrumb\":{\"@id\":\"https:\\\/\\\/nanabeeldjes.nl\\\/winkel\\\/cadeau-tips\\\/nana-beeldje-yoga-los-diy\\\/#breadcrumb\"},\"inLanguage\":\"es\",\"potentialAction\":[{\"@type\":\"ReadAction\",\"target\":[\"https:\\\/\\\/nanabeeldjes.nl\\\/winkel\\\/cadeau-tips\\\/nana-beeldje-yoga-los-diy\\\/\"]}]},{\"@type\":\"ImageObject\",\"inLanguage\":\"es\",\"@id\":\"https:\\\/\\\/nanabeeldjes.nl\\\/winkel\\\/cadeau-tips\\\/nana-beeldje-yoga-los-diy\\\/#primaryimage\",\"url\":\"https:\\\/\\\/nanabeeldjes.nl\\\/wp-content\\\/uploads\\\/2024\\\/11\\\/nana_beeldje_yoga_voorkant-scaled.webp\",\"contentUrl\":\"https:\\\/\\\/nanabeeldjes.nl\\\/wp-content\\\/uploads\\\/2024\\\/11\\\/nana_beeldje_yoga_voorkant-scaled.webp\",\"width\":2560,\"height\":2560},{\"@type\":\"BreadcrumbList\",\"@id\":\"https:\\\/\\\/nanabeeldjes.nl\\\/winkel\\\/cadeau-tips\\\/nana-beeldje-yoga-los-diy\\\/#breadcrumb\",\"itemListElement\":[{\"@type\":\"ListItem\",\"position\":1,\"name\":\"Home\",\"item\":\"https:\\\/\\\/nanabeeldjes.nl\\\/\"},{\"@type\":\"ListItem\",\"position\":2,\"name\":\"Shop\",\"item\":\"https:\\\/\\\/nanabeeldjes.nl\\\/shop\\\/\"},{\"@type\":\"ListItem\",\"position\":3,\"name\":\"Nana Beeldje Yoga DIY\"}]},{\"@type\":\"WebSite\",\"@id\":\"https:\\\/\\\/nanabeeldjes.nl\\\/#website\",\"url\":\"https:\\\/\\\/nanabeeldjes.nl\\\/\",\"name\":\"NANA BEELDJES\",\"description\":\"Unieke creatieve schilderpakketten\",\"publisher\":{\"@id\":\"https:\\\/\\\/nanabeeldjes.nl\\\/#organization\"},\"potentialAction\":[{\"@type\":\"SearchAction\",\"target\":{\"@type\":\"EntryPoint\",\"urlTemplate\":\"https:\\\/\\\/nanabeeldjes.nl\\\/?s={search_term_string}\"},\"query-input\":{\"@type\":\"PropertyValueSpecification\",\"valueRequired\":true,\"valueName\":\"search_term_string\"}}],\"inLanguage\":\"es\"},{\"@type\":\"Organization\",\"@id\":\"https:\\\/\\\/nanabeeldjes.nl\\\/#organization\",\"name\":\"NANA BEELDJES\",\"url\":\"https:\\\/\\\/nanabeeldjes.nl\\\/\",\"logo\":{\"@type\":\"ImageObject\",\"inLanguage\":\"es\",\"@id\":\"https:\\\/\\\/nanabeeldjes.nl\\\/#\\\/schema\\\/logo\\\/image\\\/\",\"url\":\"https:\\\/\\\/nanabeeldjes.nl\\\/wp-content\\\/uploads\\\/2024\\\/11\\\/cropped-nana_beeldjes_logo.png\",\"contentUrl\":\"https:\\\/\\\/nanabeeldjes.nl\\\/wp-content\\\/uploads\\\/2024\\\/11\\\/cropped-nana_beeldjes_logo.png\",\"width\":921,\"height\":111,\"caption\":\"NANA BEELDJES\"},\"image\":{\"@id\":\"https:\\\/\\\/nanabeeldjes.nl\\\/#\\\/schema\\\/logo\\\/image\\\/\"}}]}<\/script>\n<meta property=\"product:price:amount\" content=\"24.95\" \/>\n<meta property=\"product:price:currency\" content=\"EUR\" \/>\n<meta property=\"og:availability\" content=\"instock\" \/>\n<meta property=\"product:availability\" content=\"instock\" \/>\n<meta property=\"product:retailer_item_id\" content=\"nana-yoga-los\" \/>\n<meta property=\"product:condition\" content=\"new\" \/>\n<!-- \/ Yoast SEO Premium plugin. -->","yoast_head_json":{"title":"NANA Beeldjes Yoga Los","description":"Dit stevige polystone NANA beeldje of dikke dame beeldje Yoga kun je beschilderen naar eigen inzicht. Maak een uniek kunstwerk voor thuis of kantoor.","robots":{"index":"index","follow":"follow","max-snippet":"max-snippet:-1","max-image-preview":"max-image-preview:large","max-video-preview":"max-video-preview:-1"},"canonical":"https:\/\/nanabeeldjes.nl\/es\/winkel\/cadeau-tips\/nana-beeldje-yoga-los-diy\/","og_locale":"es_ES","og_type":"article","og_title":"Dikke dame beeldjes los","og_description":"Dit polystone Dikke Dame beeldjes los 20 cm met kun je beschilderen naar je eigen smaak. Met mooie kortingen voor ateliers en grote groepen.","og_url":"https:\/\/nanabeeldjes.nl\/es\/winkel\/cadeau-tips\/nana-beeldje-yoga-los-diy\/","og_site_name":"NANA BEELDJES","article_modified_time":"2025-12-14T23:16:03+00:00","twitter_card":"summary_large_image","twitter_title":"Nana Beeldje Yoga DIY","twitter_image":"https:\/\/nanabeeldjes.nl\/wp-content\/uploads\/2024\/11\/nana_beeldje_yoga_voorkant-scaled.webp","twitter_misc":{"Precio":"&euro;&nbsp;24,95","Disponibilidad":"Disponible"},"schema":{"@context":"https:\/\/schema.org","@graph":[{"@type":["WebPage","ItemPage"],"@id":"https:\/\/nanabeeldjes.nl\/winkel\/cadeau-tips\/nana-beeldje-yoga-los-diy\/","url":"https:\/\/nanabeeldjes.nl\/winkel\/cadeau-tips\/nana-beeldje-yoga-los-diy\/","name":"NANA Beeldjes Yoga Los","isPartOf":{"@id":"https:\/\/nanabeeldjes.nl\/#website"},"primaryImageOfPage":{"@id":"https:\/\/nanabeeldjes.nl\/winkel\/cadeau-tips\/nana-beeldje-yoga-los-diy\/#primaryimage"},"image":{"@id":"https:\/\/nanabeeldjes.nl\/winkel\/cadeau-tips\/nana-beeldje-yoga-los-diy\/#primaryimage"},"thumbnailUrl":"https:\/\/nanabeeldjes.nl\/wp-content\/uploads\/2024\/11\/nana_beeldje_yoga_voorkant-scaled.webp","datePublished":"2022-08-09T06:11:49+00:00","dateModified":"2025-12-14T23:16:03+00:00","description":"Dit stevige polystone NANA beeldje of dikke dame beeldje Yoga kun je beschilderen naar eigen inzicht. Maak een uniek kunstwerk voor thuis of kantoor.","breadcrumb":{"@id":"https:\/\/nanabeeldjes.nl\/winkel\/cadeau-tips\/nana-beeldje-yoga-los-diy\/#breadcrumb"},"inLanguage":"es","potentialAction":[{"@type":"ReadAction","target":["https:\/\/nanabeeldjes.nl\/winkel\/cadeau-tips\/nana-beeldje-yoga-los-diy\/"]}]},{"@type":"ImageObject","inLanguage":"es","@id":"https:\/\/nanabeeldjes.nl\/winkel\/cadeau-tips\/nana-beeldje-yoga-los-diy\/#primaryimage","url":"https:\/\/nanabeeldjes.nl\/wp-content\/uploads\/2024\/11\/nana_beeldje_yoga_voorkant-scaled.webp","contentUrl":"https:\/\/nanabeeldjes.nl\/wp-content\/uploads\/2024\/11\/nana_beeldje_yoga_voorkant-scaled.webp","width":2560,"height":2560},{"@type":"BreadcrumbList","@id":"https:\/\/nanabeeldjes.nl\/winkel\/cadeau-tips\/nana-beeldje-yoga-los-diy\/#breadcrumb","itemListElement":[{"@type":"ListItem","position":1,"name":"Home","item":"https:\/\/nanabeeldjes.nl\/"},{"@type":"ListItem","position":2,"name":"Shop","item":"https:\/\/nanabeeldjes.nl\/shop\/"},{"@type":"ListItem","position":3,"name":"Nana Beeldje Yoga DIY"}]},{"@type":"WebSite","@id":"https:\/\/nanabeeldjes.nl\/#website","url":"https:\/\/nanabeeldjes.nl\/","name":"FIGURAS DE NANA","description":"Unieke creatieve schilderpakketten","publisher":{"@id":"https:\/\/nanabeeldjes.nl\/#organization"},"potentialAction":[{"@type":"SearchAction","target":{"@type":"EntryPoint","urlTemplate":"https:\/\/nanabeeldjes.nl\/?s={search_term_string}"},"query-input":{"@type":"PropertyValueSpecification","valueRequired":true,"valueName":"search_term_string"}}],"inLanguage":"es"},{"@type":"Organization","@id":"https:\/\/nanabeeldjes.nl\/#organization","name":"FIGURAS DE NANA","url":"https:\/\/nanabeeldjes.nl\/","logo":{"@type":"ImageObject","inLanguage":"es","@id":"https:\/\/nanabeeldjes.nl\/#\/schema\/logo\/image\/","url":"https:\/\/nanabeeldjes.nl\/wp-content\/uploads\/2024\/11\/cropped-nana_beeldjes_logo.png","contentUrl":"https:\/\/nanabeeldjes.nl\/wp-content\/uploads\/2024\/11\/cropped-nana_beeldjes_logo.png","width":921,"height":111,"caption":"NANA BEELDJES"},"image":{"@id":"https:\/\/nanabeeldjes.nl\/#\/schema\/logo\/image\/"}}]},"product_price_amount":"24.95","product_price_currency":"EUR","og_availability":"instock","product_availability":"instock","product_retailer_item_id":"nana-yoga-los","product_condition":"new"},"_links":{"self":[{"href":"https:\/\/nanabeeldjes.nl\/es\/wp-json\/wp\/v2\/product\/11774","targetHints":{"allow":["GET"]}}],"collection":[{"href":"https:\/\/nanabeeldjes.nl\/es\/wp-json\/wp\/v2\/product"}],"about":[{"href":"https:\/\/nanabeeldjes.nl\/es\/wp-json\/wp\/v2\/types\/product"}],"replies":[{"embeddable":true,"href":"https:\/\/nanabeeldjes.nl\/es\/wp-json\/wp\/v2\/comments?post=11774"}],"wp:featuredmedia":[{"embeddable":true,"href":"https:\/\/nanabeeldjes.nl\/es\/wp-json\/wp\/v2\/media\/17750"}],"wp:attachment":[{"href":"https:\/\/nanabeeldjes.nl\/es\/wp-json\/wp\/v2\/media?parent=11774"}],"wp:term":[{"taxonomy":"product_brand","embeddable":true,"href":"https:\/\/nanabeeldjes.nl\/es\/wp-json\/wp\/v2\/product_brand?post=11774"},{"taxonomy":"product_cat","embeddable":true,"href":"https:\/\/nanabeeldjes.nl\/es\/wp-json\/wp\/v2\/product_cat?post=11774"},{"taxonomy":"product_tag","embeddable":true,"href":"https:\/\/nanabeeldjes.nl\/es\/wp-json\/wp\/v2\/product_tag?post=11774"}],"curies":[{"name":"wp","href":"https:\/\/api.w.org\/{rel}","templated":true}]}}