{"id":12892,"date":"2023-01-08T16:13:33","date_gmt":"2023-01-08T15:13:33","guid":{"rendered":"https:\/\/nanabeeldjes.nl\/winkel\/niet-gecategoriseerd\/beeldje-balloon-dog\/"},"modified":"2026-04-01T11:59:05","modified_gmt":"2026-04-01T09:59:05","slug":"beeldje-balloon-dog-diy","status":"publish","type":"product","link":"https:\/\/nanabeeldjes.nl\/es\/winkel\/figuras-perros-globo\/beeldje-balloon-dog-diy\/","title":{"rendered":"Figurita Perro Blobo DIY"},"content":{"rendered":"<p>Con esta figurita de perro Globo, puedes ponerte creativo en casa y pintar una figurita \u00fanica en un abrir y cerrar de ojos. As\u00ed podr\u00e1s crear tu propia obra de arte \u00fanica. Por ejemplo, organice un taller casero con amigos, amigas o familiares o empiece usted mismo.<\/p>\n<p>&nbsp;<\/p>\n<p>\u00bfTe gusta pasar la tarde o la noche siendo creativo? \u00bfPero no sabe por d\u00f3nde empezar, d\u00f3nde encontrar los materiales o c\u00f3mo realizar el proyecto? \u00bfO le gusta probar primero un nuevo pasatiempo creativo, pero no quiere comprar un mont\u00f3n de materiales de pasatiempo de inmediato? Entonces el kit de bricolaje de Artwise es justo lo que necesitas.<\/p>\n<p>&nbsp;<\/p>\n<p><i>Regalo creativo, figuritas para pintar t\u00fa mismo, kit de manualidades DIY adultos, kit DIY adultos, kit hazlo t\u00fa mismo, hacer obras de arte, atr\u00e9vete a hacer, artwise, pintura de perros con globos, Jeff Koons, perros con globos, pintura de perros con globos, obra de arte de un perro, figurita \u00fanica para pintar t\u00fa mismo, perro, pintura de mascotas, regalo divertido de obras de arte.<\/i><\/p>","protected":false},"excerpt":{"rendered":"<p>Pinte ahora su propia y exclusiva figura de Perro Globo como Jeff Koons.<span class=\"\\&quot;Apple-converted-space\\&quot;\">\u00a0<\/span>Crea un bonito dise\u00f1o para esta figurita sin pintar. La figurita est\u00e1 hecha de resistente polystone con una bonita superficie lisa y 15 cm de alto x 18 cm de ancho, as\u00ed que nada de pl\u00e1stico. Ponte manos a la obra en casa con pintura acr\u00edlica y crea tu propio dise\u00f1o \u00fanico. En un abrir y cerrar de ojos, \u00a1crear\u00e1s tu propia obra de arte \u00fanica! Ideal como regalo o como bonita pieza de decoraci\u00f3n en tu hogar.<\/p>","protected":false},"featured_media":17444,"comment_status":"closed","ping_status":"closed","template":"","meta":{"site-sidebar-layout":"default","site-content-layout":"default","ast-site-content-layout":"default","site-content-style":"default","site-sidebar-style":"default","ast-global-header-display":"","ast-banner-title-visibility":"","ast-main-header-display":"","ast-hfb-above-header-display":"","ast-hfb-below-header-display":"","ast-hfb-mobile-header-display":"","site-post-title":"","ast-breadcrumbs-content":"","ast-featured-img":"","footer-sml-layout":"","ast-disable-related-posts":"","theme-transparent-header-meta":"default","adv-header-id-meta":"","stick-header-meta":"default","header-above-stick-meta":"","header-main-stick-meta":"","header-below-stick-meta":"","astra-migrate-meta-layouts":"set","ast-page-background-enabled":"default","ast-page-background-meta":{"desktop":{"background-color":"var(--ast-global-color-4)","background-image":"","background-repeat":"repeat","background-position":"center center","background-size":"auto","background-attachment":"scroll","background-type":"","background-media":"","overlay-type":"","overlay-color":"","overlay-opacity":"","overlay-gradient":""},"tablet":{"background-color":"","background-image":"","background-repeat":"repeat","background-position":"center center","background-size":"auto","background-attachment":"scroll","background-type":"","background-media":"","overlay-type":"","overlay-color":"","overlay-opacity":"","overlay-gradient":""},"mobile":{"background-color":"","background-image":"","background-repeat":"repeat","background-position":"center center","background-size":"auto","background-attachment":"scroll","background-type":"","background-media":"","overlay-type":"","overlay-color":"","overlay-opacity":"","overlay-gradient":""}},"ast-content-background-meta":{"desktop":{"background-color":"var(--ast-global-color-5)","background-image":"","background-repeat":"repeat","background-position":"center center","background-size":"auto","background-attachment":"scroll","background-type":"","background-media":"","overlay-type":"","overlay-color":"","overlay-opacity":"","overlay-gradient":""},"tablet":{"background-color":"var(--ast-global-color-5)","background-image":"","background-repeat":"repeat","background-position":"center center","background-size":"auto","background-attachment":"scroll","background-type":"","background-media":"","overlay-type":"","overlay-color":"","overlay-opacity":"","overlay-gradient":""},"mobile":{"background-color":"var(--ast-global-color-5)","background-image":"","background-repeat":"repeat","background-position":"center center","background-size":"auto","background-attachment":"scroll","background-type":"","background-media":"","overlay-type":"","overlay-color":"","overlay-opacity":"","overlay-gradient":""}}},"product_brand":[],"product_cat":[63,30,55],"product_tag":[],"class_list":{"0":"post-12892","1":"product","2":"type-product","3":"status-publish","4":"has-post-thumbnail","6":"product_cat-balloon-dog-beeldjes","7":"product_cat-cadeau-tips","8":"product_cat-knutselmaterialen","9":"product_shipping_class-pakket","10":"desktop-align-left","11":"tablet-align-left","12":"mobile-align-left","13":"ast-product-gallery-layout-horizontal-slider","14":"ast-product-tabs-layout-horizontal","16":"first","17":"outofstock","18":"featured","19":"downloadable","20":"taxable","21":"shipping-taxable","22":"purchasable","23":"product-type-simple"},"yoast_head":"<!-- This site is optimized with the Yoast SEO Premium plugin v27.3 (Yoast SEO v27.5) - https:\/\/yoast.com\/product\/yoast-seo-premium-wordpress\/ -->\n<title>Balloon Dog Beeldje DIY<\/title>\n<meta name=\"description\" content=\"Dit prachtige zware poly-stone Balloon Dog beeldje is weer op voorraad en kan je beschilderen naar je eigen smaak. Cre\u00eber zo in no time een uniek kunstwerk!\" \/>\n<meta name=\"robots\" content=\"index, follow, max-snippet:-1, max-image-preview:large, max-video-preview:-1\" \/>\n<link rel=\"canonical\" href=\"https:\/\/nanabeeldjes.nl\/es\/winkel\/cadeau-tips\/beeldje-balloon-dog-diy\/\" \/>\n<meta property=\"og:locale\" content=\"es_ES\" \/>\n<meta property=\"og:type\" content=\"article\" \/>\n<meta property=\"og:title\" content=\"Dikke dame beeldjes los\" \/>\n<meta property=\"og:description\" content=\"Dit polystone Dikke Dame beeldjes los 20 cm met kun je beschilderen naar je eigen smaak. Met mooie kortingen voor ateliers en grote groepen.\" \/>\n<meta property=\"og:url\" content=\"https:\/\/nanabeeldjes.nl\/es\/winkel\/cadeau-tips\/beeldje-balloon-dog-diy\/\" \/>\n<meta property=\"og:site_name\" content=\"NANA BEELDJES\" \/>\n<meta property=\"article:modified_time\" content=\"2026-04-01T09:59:05+00:00\" \/>\n<meta name=\"twitter:card\" content=\"summary_large_image\" \/>\n<meta name=\"twitter:title\" content=\"Balloon Dog Beeldje DIY\" \/>\n<meta name=\"twitter:image\" content=\"https:\/\/nanabeeldjes.nl\/wp-content\/uploads\/2024\/11\/balloon_dog_beeldje_artwise_01.webp\" \/>\n<meta name=\"twitter:label1\" content=\"Precio\" \/>\n\t<meta name=\"twitter:data1\" content=\"&euro;&nbsp;24,95\" \/>\n\t<meta name=\"twitter:label2\" content=\"Disponibilidad\" \/>\n\t<meta name=\"twitter:data2\" content=\"Sin existencias\" \/>\n<script type=\"application\/ld+json\" class=\"yoast-schema-graph\">{\"@context\":\"https:\\\/\\\/schema.org\",\"@graph\":[{\"@type\":[\"WebPage\",\"ItemPage\"],\"@id\":\"https:\\\/\\\/nanabeeldjes.nl\\\/winkel\\\/cadeau-tips\\\/beeldje-balloon-dog-diy\\\/\",\"url\":\"https:\\\/\\\/nanabeeldjes.nl\\\/winkel\\\/cadeau-tips\\\/beeldje-balloon-dog-diy\\\/\",\"name\":\"Balloon Dog Beeldje DIY\",\"isPartOf\":{\"@id\":\"https:\\\/\\\/nanabeeldjes.nl\\\/#website\"},\"primaryImageOfPage\":{\"@id\":\"https:\\\/\\\/nanabeeldjes.nl\\\/winkel\\\/cadeau-tips\\\/beeldje-balloon-dog-diy\\\/#primaryimage\"},\"image\":{\"@id\":\"https:\\\/\\\/nanabeeldjes.nl\\\/winkel\\\/cadeau-tips\\\/beeldje-balloon-dog-diy\\\/#primaryimage\"},\"thumbnailUrl\":\"https:\\\/\\\/nanabeeldjes.nl\\\/wp-content\\\/uploads\\\/2024\\\/11\\\/balloon_dog_beeldje_artwise_01.webp\",\"datePublished\":\"2023-01-08T15:13:33+00:00\",\"dateModified\":\"2026-04-01T09:59:05+00:00\",\"description\":\"Dit prachtige zware poly-stone Balloon Dog beeldje is weer op voorraad en kan je beschilderen naar je eigen smaak. Cre\u00eber zo in no time een uniek kunstwerk!\",\"breadcrumb\":{\"@id\":\"https:\\\/\\\/nanabeeldjes.nl\\\/winkel\\\/cadeau-tips\\\/beeldje-balloon-dog-diy\\\/#breadcrumb\"},\"inLanguage\":\"es\",\"potentialAction\":[{\"@type\":\"ReadAction\",\"target\":[\"https:\\\/\\\/nanabeeldjes.nl\\\/winkel\\\/cadeau-tips\\\/beeldje-balloon-dog-diy\\\/\"]}]},{\"@type\":\"ImageObject\",\"inLanguage\":\"es\",\"@id\":\"https:\\\/\\\/nanabeeldjes.nl\\\/winkel\\\/cadeau-tips\\\/beeldje-balloon-dog-diy\\\/#primaryimage\",\"url\":\"https:\\\/\\\/nanabeeldjes.nl\\\/wp-content\\\/uploads\\\/2024\\\/11\\\/balloon_dog_beeldje_artwise_01.webp\",\"contentUrl\":\"https:\\\/\\\/nanabeeldjes.nl\\\/wp-content\\\/uploads\\\/2024\\\/11\\\/balloon_dog_beeldje_artwise_01.webp\",\"width\":1080,\"height\":1080},{\"@type\":\"BreadcrumbList\",\"@id\":\"https:\\\/\\\/nanabeeldjes.nl\\\/winkel\\\/cadeau-tips\\\/beeldje-balloon-dog-diy\\\/#breadcrumb\",\"itemListElement\":[{\"@type\":\"ListItem\",\"position\":1,\"name\":\"Home\",\"item\":\"https:\\\/\\\/nanabeeldjes.nl\\\/\"},{\"@type\":\"ListItem\",\"position\":2,\"name\":\"Shop\",\"item\":\"https:\\\/\\\/nanabeeldjes.nl\\\/shop\\\/\"},{\"@type\":\"ListItem\",\"position\":3,\"name\":\"Balloon Dog Beeldje DIY\"}]},{\"@type\":\"WebSite\",\"@id\":\"https:\\\/\\\/nanabeeldjes.nl\\\/#website\",\"url\":\"https:\\\/\\\/nanabeeldjes.nl\\\/\",\"name\":\"NANA BEELDJES\",\"description\":\"Unieke creatieve schilderpakketten\",\"publisher\":{\"@id\":\"https:\\\/\\\/nanabeeldjes.nl\\\/#organization\"},\"potentialAction\":[{\"@type\":\"SearchAction\",\"target\":{\"@type\":\"EntryPoint\",\"urlTemplate\":\"https:\\\/\\\/nanabeeldjes.nl\\\/?s={search_term_string}\"},\"query-input\":{\"@type\":\"PropertyValueSpecification\",\"valueRequired\":true,\"valueName\":\"search_term_string\"}}],\"inLanguage\":\"es\"},{\"@type\":\"Organization\",\"@id\":\"https:\\\/\\\/nanabeeldjes.nl\\\/#organization\",\"name\":\"NANA BEELDJES\",\"url\":\"https:\\\/\\\/nanabeeldjes.nl\\\/\",\"logo\":{\"@type\":\"ImageObject\",\"inLanguage\":\"es\",\"@id\":\"https:\\\/\\\/nanabeeldjes.nl\\\/#\\\/schema\\\/logo\\\/image\\\/\",\"url\":\"https:\\\/\\\/nanabeeldjes.nl\\\/wp-content\\\/uploads\\\/2024\\\/11\\\/cropped-nana_beeldjes_logo.png\",\"contentUrl\":\"https:\\\/\\\/nanabeeldjes.nl\\\/wp-content\\\/uploads\\\/2024\\\/11\\\/cropped-nana_beeldjes_logo.png\",\"width\":921,\"height\":111,\"caption\":\"NANA BEELDJES\"},\"image\":{\"@id\":\"https:\\\/\\\/nanabeeldjes.nl\\\/#\\\/schema\\\/logo\\\/image\\\/\"}}]}<\/script>\n<meta property=\"product:price:amount\" content=\"24.95\" \/>\n<meta property=\"product:price:currency\" content=\"EUR\" \/>\n<meta property=\"og:availability\" content=\"out of stock\" \/>\n<meta property=\"product:availability\" content=\"out of stock\" \/>\n<meta property=\"product:retailer_item_id\" content=\"nana-balloon-dog-los\" \/>\n<meta property=\"product:condition\" content=\"new\" \/>\n<!-- \/ Yoast SEO Premium plugin. -->","yoast_head_json":{"title":"Figurita Perro Blobo DIY","description":"Dit prachtige zware poly-stone Balloon Dog beeldje is weer op voorraad en kan je beschilderen naar je eigen smaak. Cre\u00eber zo in no time een uniek kunstwerk!","robots":{"index":"index","follow":"follow","max-snippet":"max-snippet:-1","max-image-preview":"max-image-preview:large","max-video-preview":"max-video-preview:-1"},"canonical":"https:\/\/nanabeeldjes.nl\/es\/winkel\/cadeau-tips\/beeldje-balloon-dog-diy\/","og_locale":"es_ES","og_type":"article","og_title":"Dikke dame beeldjes los","og_description":"Dit polystone Dikke Dame beeldjes los 20 cm met kun je beschilderen naar je eigen smaak. Met mooie kortingen voor ateliers en grote groepen.","og_url":"https:\/\/nanabeeldjes.nl\/es\/winkel\/cadeau-tips\/beeldje-balloon-dog-diy\/","og_site_name":"NANA BEELDJES","article_modified_time":"2026-04-01T09:59:05+00:00","twitter_card":"summary_large_image","twitter_title":"Balloon Dog Beeldje DIY","twitter_image":"https:\/\/nanabeeldjes.nl\/wp-content\/uploads\/2024\/11\/balloon_dog_beeldje_artwise_01.webp","twitter_misc":{"Precio":"&euro;&nbsp;24,95","Disponibilidad":"Sin existencias"},"schema":{"@context":"https:\/\/schema.org","@graph":[{"@type":["WebPage","ItemPage"],"@id":"https:\/\/nanabeeldjes.nl\/winkel\/cadeau-tips\/beeldje-balloon-dog-diy\/","url":"https:\/\/nanabeeldjes.nl\/winkel\/cadeau-tips\/beeldje-balloon-dog-diy\/","name":"Figurita Perro Blobo DIY","isPartOf":{"@id":"https:\/\/nanabeeldjes.nl\/#website"},"primaryImageOfPage":{"@id":"https:\/\/nanabeeldjes.nl\/winkel\/cadeau-tips\/beeldje-balloon-dog-diy\/#primaryimage"},"image":{"@id":"https:\/\/nanabeeldjes.nl\/winkel\/cadeau-tips\/beeldje-balloon-dog-diy\/#primaryimage"},"thumbnailUrl":"https:\/\/nanabeeldjes.nl\/wp-content\/uploads\/2024\/11\/balloon_dog_beeldje_artwise_01.webp","datePublished":"2023-01-08T15:13:33+00:00","dateModified":"2026-04-01T09:59:05+00:00","description":"Dit prachtige zware poly-stone Balloon Dog beeldje is weer op voorraad en kan je beschilderen naar je eigen smaak. Cre\u00eber zo in no time een uniek kunstwerk!","breadcrumb":{"@id":"https:\/\/nanabeeldjes.nl\/winkel\/cadeau-tips\/beeldje-balloon-dog-diy\/#breadcrumb"},"inLanguage":"es","potentialAction":[{"@type":"ReadAction","target":["https:\/\/nanabeeldjes.nl\/winkel\/cadeau-tips\/beeldje-balloon-dog-diy\/"]}]},{"@type":"ImageObject","inLanguage":"es","@id":"https:\/\/nanabeeldjes.nl\/winkel\/cadeau-tips\/beeldje-balloon-dog-diy\/#primaryimage","url":"https:\/\/nanabeeldjes.nl\/wp-content\/uploads\/2024\/11\/balloon_dog_beeldje_artwise_01.webp","contentUrl":"https:\/\/nanabeeldjes.nl\/wp-content\/uploads\/2024\/11\/balloon_dog_beeldje_artwise_01.webp","width":1080,"height":1080},{"@type":"BreadcrumbList","@id":"https:\/\/nanabeeldjes.nl\/winkel\/cadeau-tips\/beeldje-balloon-dog-diy\/#breadcrumb","itemListElement":[{"@type":"ListItem","position":1,"name":"Home","item":"https:\/\/nanabeeldjes.nl\/"},{"@type":"ListItem","position":2,"name":"Shop","item":"https:\/\/nanabeeldjes.nl\/shop\/"},{"@type":"ListItem","position":3,"name":"Balloon Dog Beeldje DIY"}]},{"@type":"WebSite","@id":"https:\/\/nanabeeldjes.nl\/#website","url":"https:\/\/nanabeeldjes.nl\/","name":"FIGURAS DE NANA","description":"Unieke creatieve schilderpakketten","publisher":{"@id":"https:\/\/nanabeeldjes.nl\/#organization"},"potentialAction":[{"@type":"SearchAction","target":{"@type":"EntryPoint","urlTemplate":"https:\/\/nanabeeldjes.nl\/?s={search_term_string}"},"query-input":{"@type":"PropertyValueSpecification","valueRequired":true,"valueName":"search_term_string"}}],"inLanguage":"es"},{"@type":"Organization","@id":"https:\/\/nanabeeldjes.nl\/#organization","name":"FIGURAS DE NANA","url":"https:\/\/nanabeeldjes.nl\/","logo":{"@type":"ImageObject","inLanguage":"es","@id":"https:\/\/nanabeeldjes.nl\/#\/schema\/logo\/image\/","url":"https:\/\/nanabeeldjes.nl\/wp-content\/uploads\/2024\/11\/cropped-nana_beeldjes_logo.png","contentUrl":"https:\/\/nanabeeldjes.nl\/wp-content\/uploads\/2024\/11\/cropped-nana_beeldjes_logo.png","width":921,"height":111,"caption":"NANA BEELDJES"},"image":{"@id":"https:\/\/nanabeeldjes.nl\/#\/schema\/logo\/image\/"}}]},"product_price_amount":"24.95","product_price_currency":"EUR","og_availability":"out of stock","product_availability":"out of stock","product_retailer_item_id":"nana-balloon-dog-los","product_condition":"new"},"_links":{"self":[{"href":"https:\/\/nanabeeldjes.nl\/es\/wp-json\/wp\/v2\/product\/12892","targetHints":{"allow":["GET"]}}],"collection":[{"href":"https:\/\/nanabeeldjes.nl\/es\/wp-json\/wp\/v2\/product"}],"about":[{"href":"https:\/\/nanabeeldjes.nl\/es\/wp-json\/wp\/v2\/types\/product"}],"replies":[{"embeddable":true,"href":"https:\/\/nanabeeldjes.nl\/es\/wp-json\/wp\/v2\/comments?post=12892"}],"wp:featuredmedia":[{"embeddable":true,"href":"https:\/\/nanabeeldjes.nl\/es\/wp-json\/wp\/v2\/media\/17444"}],"wp:attachment":[{"href":"https:\/\/nanabeeldjes.nl\/es\/wp-json\/wp\/v2\/media?parent=12892"}],"wp:term":[{"taxonomy":"product_brand","embeddable":true,"href":"https:\/\/nanabeeldjes.nl\/es\/wp-json\/wp\/v2\/product_brand?post=12892"},{"taxonomy":"product_cat","embeddable":true,"href":"https:\/\/nanabeeldjes.nl\/es\/wp-json\/wp\/v2\/product_cat?post=12892"},{"taxonomy":"product_tag","embeddable":true,"href":"https:\/\/nanabeeldjes.nl\/es\/wp-json\/wp\/v2\/product_tag?post=12892"}],"curies":[{"name":"wp","href":"https:\/\/api.w.org\/{rel}","templated":true}]}}