{"id":12897,"date":"2023-01-08T16:33:30","date_gmt":"2023-01-08T15:33:30","guid":{"rendered":"https:\/\/nanabeeldjes.nl\/winkel\/niet-gecategoriseerd\/diy-pakket-balloon-dog-beschilderen\/"},"modified":"2026-04-01T11:58:51","modified_gmt":"2026-04-01T09:58:51","slug":"diy-pakket-balloon-dog-beschilderen","status":"publish","type":"product","link":"https:\/\/nanabeeldjes.nl\/es\/winkel\/figuras-perros-globo\/diy-pakket-balloon-dog-beschilderen\/","title":{"rendered":"DIY Kit Perro Globo"},"content":{"rendered":"<p>Con esta figurita de perro Globo, puedes ponerte creativo en casa y pintar una figurita \u00fanica en un abrir y cerrar de ojos. As\u00ed podr\u00e1s crear tu propia obra de arte \u00fanica. Por ejemplo, organice un taller casero con amigos, amigas o familiares o empiece usted mismo.<\/p>\n<h4><\/h4>\n<h4><strong>El kit de bricolaje incluye:<\/strong><\/h4>\n<ul>\n<li>Figurita de perro globo (polystone) que mide 18 cm<\/li>\n<li>5 cepillos de diferentes tama\u00f1os<\/li>\n<li>5 tazas de pintura acr\u00edlica Royal Talens<\/li>\n<li>Barniz, para una capa brillante<\/li>\n<\/ul>\n<h4><strong>Rec\u00f3gete a ti mismo:<\/strong><\/h4>\n<ul>\n<li>L\u00e1piz<\/li>\n<li>Una jarra de agua<\/li>\n<li>Papel de cocina<\/li>\n<li>Placa (de pl\u00e1stico)<\/li>\n<\/ul>\n<p><strong>Figurita Globo Perro<\/strong><\/p>\n<p>\u00bfTe gusta pasar la tarde o la noche siendo creativo? \u00bfPero no sabe por d\u00f3nde empezar, d\u00f3nde encontrar los materiales o c\u00f3mo realizar el proyecto? \u00bfO le gusta probar primero un nuevo pasatiempo creativo, pero no quiere comprar un mont\u00f3n de materiales de pasatiempo de inmediato? Entonces el kit de bricolaje de Artwise es justo lo que necesitas.<\/p>\n<p>&nbsp;<\/p>\n<p><i>Regalo creativo, figuritas para pintar t\u00fa mismo, kit bricolaje adultos, kit bricolaje adultos, Regalo creativo, figuritas para pintar t\u00fa mismo, kit bricolaje adultos, kit bricolaje adultos, kit hazlo t\u00fa mismo, crear obra de arte, atr\u00e9vete a crear, artwise, globos para pintar perros, Jeff Koons, globos para pintar perros, globos para pintar perros, obra de arte de un perro, figurita \u00fanica para pintar t\u00fa mismo, perro, pintar mascota, regalo obra de arte divertida, fiestas de empresa creativas, salidas de grupo creativas<\/i><\/p>","protected":false},"excerpt":{"rendered":"<p>\u00a1Pinta ahora tu propia y exclusiva figurita de perro-globo como Jeff Koons! Crea un bonito dise\u00f1o para esta figurita sin pintar. La figurita est\u00e1 hecha de resistente poliestireno con una superficie maravillosamente lisa y mide 15 cm de alto x 18 cm de ancho. Ponte manos a la obra en casa con pintura acr\u00edlica y crea tu propio dise\u00f1o \u00fanico. \u00a1Ideal como regalo o como pieza de decoraci\u00f3n \u00fanica en casa!<\/p>","protected":false},"featured_media":17757,"comment_status":"closed","ping_status":"closed","template":"","meta":{"site-sidebar-layout":"default","site-content-layout":"default","ast-site-content-layout":"default","site-content-style":"default","site-sidebar-style":"default","ast-global-header-display":"","ast-banner-title-visibility":"","ast-main-header-display":"","ast-hfb-above-header-display":"","ast-hfb-below-header-display":"","ast-hfb-mobile-header-display":"","site-post-title":"","ast-breadcrumbs-content":"","ast-featured-img":"","footer-sml-layout":"","ast-disable-related-posts":"","theme-transparent-header-meta":"default","adv-header-id-meta":"","stick-header-meta":"default","header-above-stick-meta":"","header-main-stick-meta":"","header-below-stick-meta":"","astra-migrate-meta-layouts":"set","ast-page-background-enabled":"default","ast-page-background-meta":{"desktop":{"background-color":"var(--ast-global-color-4)","background-image":"","background-repeat":"repeat","background-position":"center center","background-size":"auto","background-attachment":"scroll","background-type":"","background-media":"","overlay-type":"","overlay-color":"","overlay-opacity":"","overlay-gradient":""},"tablet":{"background-color":"","background-image":"","background-repeat":"repeat","background-position":"center center","background-size":"auto","background-attachment":"scroll","background-type":"","background-media":"","overlay-type":"","overlay-color":"","overlay-opacity":"","overlay-gradient":""},"mobile":{"background-color":"","background-image":"","background-repeat":"repeat","background-position":"center center","background-size":"auto","background-attachment":"scroll","background-type":"","background-media":"","overlay-type":"","overlay-color":"","overlay-opacity":"","overlay-gradient":""}},"ast-content-background-meta":{"desktop":{"background-color":"var(--ast-global-color-5)","background-image":"","background-repeat":"repeat","background-position":"center center","background-size":"auto","background-attachment":"scroll","background-type":"","background-media":"","overlay-type":"","overlay-color":"","overlay-opacity":"","overlay-gradient":""},"tablet":{"background-color":"var(--ast-global-color-5)","background-image":"","background-repeat":"repeat","background-position":"center center","background-size":"auto","background-attachment":"scroll","background-type":"","background-media":"","overlay-type":"","overlay-color":"","overlay-opacity":"","overlay-gradient":""},"mobile":{"background-color":"var(--ast-global-color-5)","background-image":"","background-repeat":"repeat","background-position":"center center","background-size":"auto","background-attachment":"scroll","background-type":"","background-media":"","overlay-type":"","overlay-color":"","overlay-opacity":"","overlay-gradient":""}}},"product_brand":[],"product_cat":[63,30,40],"product_tag":[],"class_list":{"0":"post-12897","1":"product","2":"type-product","3":"status-publish","4":"has-post-thumbnail","6":"product_cat-balloon-dog-beeldjes","7":"product_cat-cadeau-tips","8":"product_cat-creatieve-diy-pakketten","9":"product_shipping_class-pakket","10":"desktop-align-left","11":"tablet-align-left","12":"mobile-align-left","13":"ast-product-gallery-layout-horizontal-slider","14":"ast-product-tabs-layout-horizontal","16":"first","17":"outofstock","18":"featured","19":"downloadable","20":"taxable","21":"shipping-taxable","22":"purchasable","23":"product-type-simple"},"yoast_head":"<!-- This site is optimized with the Yoast SEO Premium plugin v27.3 (Yoast SEO v27.5) - https:\/\/yoast.com\/product\/yoast-seo-premium-wordpress\/ -->\n<title>DIY Pakket Balloon Dog Beschilderen<\/title>\n<meta name=\"description\" content=\"Dit DIY Pakket Balloon Dog van zwaar en glad poly-stone materiaal kun je beschilderen naar je eigen smaak. Maak nu zelf een geweldig kunstwerk, net als Jeff Koons!\" \/>\n<meta name=\"robots\" content=\"index, follow, max-snippet:-1, max-image-preview:large, max-video-preview:-1\" \/>\n<link rel=\"canonical\" href=\"https:\/\/nanabeeldjes.nl\/es\/winkel\/cadeau-tips\/diy-pakket-balloon-dog-beschilderen\/\" \/>\n<meta property=\"og:locale\" content=\"es_ES\" \/>\n<meta property=\"og:type\" content=\"article\" \/>\n<meta property=\"og:title\" content=\"Dikke dame beeldjes los\" \/>\n<meta property=\"og:description\" content=\"Dit polystone Dikke Dame beeldjes los 20 cm met kun je beschilderen naar je eigen smaak. Met mooie kortingen voor ateliers en grote groepen.\" \/>\n<meta property=\"og:url\" content=\"https:\/\/nanabeeldjes.nl\/es\/winkel\/cadeau-tips\/diy-pakket-balloon-dog-beschilderen\/\" \/>\n<meta property=\"og:site_name\" content=\"NANA BEELDJES\" \/>\n<meta property=\"article:modified_time\" content=\"2026-04-01T09:58:51+00:00\" \/>\n<meta name=\"twitter:card\" content=\"summary_large_image\" \/>\n<meta name=\"twitter:title\" content=\"DIY Pakket Balloon Dog Beschilderen\" \/>\n<meta name=\"twitter:image\" content=\"https:\/\/nanabeeldjes.nl\/wp-content\/uploads\/2024\/11\/balloon_dog_set_03.webp\" \/>\n<meta name=\"twitter:label1\" content=\"Precio\" \/>\n\t<meta name=\"twitter:data1\" content=\"&euro;&nbsp;29,95\" \/>\n\t<meta name=\"twitter:label2\" content=\"Disponibilidad\" \/>\n\t<meta name=\"twitter:data2\" content=\"Sin existencias\" \/>\n<script type=\"application\/ld+json\" class=\"yoast-schema-graph\">{\"@context\":\"https:\\\/\\\/schema.org\",\"@graph\":[{\"@type\":[\"WebPage\",\"ItemPage\"],\"@id\":\"https:\\\/\\\/nanabeeldjes.nl\\\/winkel\\\/cadeau-tips\\\/diy-pakket-balloon-dog-beschilderen\\\/\",\"url\":\"https:\\\/\\\/nanabeeldjes.nl\\\/winkel\\\/cadeau-tips\\\/diy-pakket-balloon-dog-beschilderen\\\/\",\"name\":\"DIY Pakket Balloon Dog Beschilderen\",\"isPartOf\":{\"@id\":\"https:\\\/\\\/nanabeeldjes.nl\\\/#website\"},\"primaryImageOfPage\":{\"@id\":\"https:\\\/\\\/nanabeeldjes.nl\\\/winkel\\\/cadeau-tips\\\/diy-pakket-balloon-dog-beschilderen\\\/#primaryimage\"},\"image\":{\"@id\":\"https:\\\/\\\/nanabeeldjes.nl\\\/winkel\\\/cadeau-tips\\\/diy-pakket-balloon-dog-beschilderen\\\/#primaryimage\"},\"thumbnailUrl\":\"https:\\\/\\\/nanabeeldjes.nl\\\/wp-content\\\/uploads\\\/2024\\\/11\\\/balloon_dog_set_03.webp\",\"datePublished\":\"2023-01-08T15:33:30+00:00\",\"dateModified\":\"2026-04-01T09:58:51+00:00\",\"description\":\"Dit DIY Pakket Balloon Dog van zwaar en glad poly-stone materiaal kun je beschilderen naar je eigen smaak. Maak nu zelf een geweldig kunstwerk, net als Jeff Koons!\",\"breadcrumb\":{\"@id\":\"https:\\\/\\\/nanabeeldjes.nl\\\/winkel\\\/cadeau-tips\\\/diy-pakket-balloon-dog-beschilderen\\\/#breadcrumb\"},\"inLanguage\":\"es\",\"potentialAction\":[{\"@type\":\"ReadAction\",\"target\":[\"https:\\\/\\\/nanabeeldjes.nl\\\/winkel\\\/cadeau-tips\\\/diy-pakket-balloon-dog-beschilderen\\\/\"]}]},{\"@type\":\"ImageObject\",\"inLanguage\":\"es\",\"@id\":\"https:\\\/\\\/nanabeeldjes.nl\\\/winkel\\\/cadeau-tips\\\/diy-pakket-balloon-dog-beschilderen\\\/#primaryimage\",\"url\":\"https:\\\/\\\/nanabeeldjes.nl\\\/wp-content\\\/uploads\\\/2024\\\/11\\\/balloon_dog_set_03.webp\",\"contentUrl\":\"https:\\\/\\\/nanabeeldjes.nl\\\/wp-content\\\/uploads\\\/2024\\\/11\\\/balloon_dog_set_03.webp\",\"width\":1080,\"height\":1080},{\"@type\":\"BreadcrumbList\",\"@id\":\"https:\\\/\\\/nanabeeldjes.nl\\\/winkel\\\/cadeau-tips\\\/diy-pakket-balloon-dog-beschilderen\\\/#breadcrumb\",\"itemListElement\":[{\"@type\":\"ListItem\",\"position\":1,\"name\":\"Home\",\"item\":\"https:\\\/\\\/nanabeeldjes.nl\\\/\"},{\"@type\":\"ListItem\",\"position\":2,\"name\":\"Shop\",\"item\":\"https:\\\/\\\/nanabeeldjes.nl\\\/shop\\\/\"},{\"@type\":\"ListItem\",\"position\":3,\"name\":\"DIY Pakket Balloon Dog Beschilderen\"}]},{\"@type\":\"WebSite\",\"@id\":\"https:\\\/\\\/nanabeeldjes.nl\\\/#website\",\"url\":\"https:\\\/\\\/nanabeeldjes.nl\\\/\",\"name\":\"NANA BEELDJES\",\"description\":\"Unieke creatieve schilderpakketten\",\"publisher\":{\"@id\":\"https:\\\/\\\/nanabeeldjes.nl\\\/#organization\"},\"potentialAction\":[{\"@type\":\"SearchAction\",\"target\":{\"@type\":\"EntryPoint\",\"urlTemplate\":\"https:\\\/\\\/nanabeeldjes.nl\\\/?s={search_term_string}\"},\"query-input\":{\"@type\":\"PropertyValueSpecification\",\"valueRequired\":true,\"valueName\":\"search_term_string\"}}],\"inLanguage\":\"es\"},{\"@type\":\"Organization\",\"@id\":\"https:\\\/\\\/nanabeeldjes.nl\\\/#organization\",\"name\":\"NANA BEELDJES\",\"url\":\"https:\\\/\\\/nanabeeldjes.nl\\\/\",\"logo\":{\"@type\":\"ImageObject\",\"inLanguage\":\"es\",\"@id\":\"https:\\\/\\\/nanabeeldjes.nl\\\/#\\\/schema\\\/logo\\\/image\\\/\",\"url\":\"https:\\\/\\\/nanabeeldjes.nl\\\/wp-content\\\/uploads\\\/2024\\\/11\\\/cropped-nana_beeldjes_logo.png\",\"contentUrl\":\"https:\\\/\\\/nanabeeldjes.nl\\\/wp-content\\\/uploads\\\/2024\\\/11\\\/cropped-nana_beeldjes_logo.png\",\"width\":921,\"height\":111,\"caption\":\"NANA BEELDJES\"},\"image\":{\"@id\":\"https:\\\/\\\/nanabeeldjes.nl\\\/#\\\/schema\\\/logo\\\/image\\\/\"}}]}<\/script>\n<meta property=\"product:price:amount\" content=\"29.95\" \/>\n<meta property=\"product:price:currency\" content=\"EUR\" \/>\n<meta property=\"og:availability\" content=\"out of stock\" \/>\n<meta property=\"product:availability\" content=\"out of stock\" \/>\n<meta property=\"product:retailer_item_id\" content=\"nana-diy-pakket-balloon-dog\" \/>\n<meta property=\"product:condition\" content=\"new\" \/>\n<!-- \/ Yoast SEO Premium plugin. -->","yoast_head_json":{"title":"DIY Kit Perro Globo","description":"Dit DIY Pakket Balloon Dog van zwaar en glad poly-stone materiaal kun je beschilderen naar je eigen smaak. Maak nu zelf een geweldig kunstwerk, net als Jeff Koons!","robots":{"index":"index","follow":"follow","max-snippet":"max-snippet:-1","max-image-preview":"max-image-preview:large","max-video-preview":"max-video-preview:-1"},"canonical":"https:\/\/nanabeeldjes.nl\/es\/winkel\/cadeau-tips\/diy-pakket-balloon-dog-beschilderen\/","og_locale":"es_ES","og_type":"article","og_title":"Dikke dame beeldjes los","og_description":"Dit polystone Dikke Dame beeldjes los 20 cm met kun je beschilderen naar je eigen smaak. Met mooie kortingen voor ateliers en grote groepen.","og_url":"https:\/\/nanabeeldjes.nl\/es\/winkel\/cadeau-tips\/diy-pakket-balloon-dog-beschilderen\/","og_site_name":"NANA BEELDJES","article_modified_time":"2026-04-01T09:58:51+00:00","twitter_card":"summary_large_image","twitter_title":"DIY Pakket Balloon Dog Beschilderen","twitter_image":"https:\/\/nanabeeldjes.nl\/wp-content\/uploads\/2024\/11\/balloon_dog_set_03.webp","twitter_misc":{"Precio":"&euro;&nbsp;29,95","Disponibilidad":"Sin existencias"},"schema":{"@context":"https:\/\/schema.org","@graph":[{"@type":["WebPage","ItemPage"],"@id":"https:\/\/nanabeeldjes.nl\/winkel\/cadeau-tips\/diy-pakket-balloon-dog-beschilderen\/","url":"https:\/\/nanabeeldjes.nl\/winkel\/cadeau-tips\/diy-pakket-balloon-dog-beschilderen\/","name":"DIY Kit Perro Globo","isPartOf":{"@id":"https:\/\/nanabeeldjes.nl\/#website"},"primaryImageOfPage":{"@id":"https:\/\/nanabeeldjes.nl\/winkel\/cadeau-tips\/diy-pakket-balloon-dog-beschilderen\/#primaryimage"},"image":{"@id":"https:\/\/nanabeeldjes.nl\/winkel\/cadeau-tips\/diy-pakket-balloon-dog-beschilderen\/#primaryimage"},"thumbnailUrl":"https:\/\/nanabeeldjes.nl\/wp-content\/uploads\/2024\/11\/balloon_dog_set_03.webp","datePublished":"2023-01-08T15:33:30+00:00","dateModified":"2026-04-01T09:58:51+00:00","description":"Dit DIY Pakket Balloon Dog van zwaar en glad poly-stone materiaal kun je beschilderen naar je eigen smaak. Maak nu zelf een geweldig kunstwerk, net als Jeff Koons!","breadcrumb":{"@id":"https:\/\/nanabeeldjes.nl\/winkel\/cadeau-tips\/diy-pakket-balloon-dog-beschilderen\/#breadcrumb"},"inLanguage":"es","potentialAction":[{"@type":"ReadAction","target":["https:\/\/nanabeeldjes.nl\/winkel\/cadeau-tips\/diy-pakket-balloon-dog-beschilderen\/"]}]},{"@type":"ImageObject","inLanguage":"es","@id":"https:\/\/nanabeeldjes.nl\/winkel\/cadeau-tips\/diy-pakket-balloon-dog-beschilderen\/#primaryimage","url":"https:\/\/nanabeeldjes.nl\/wp-content\/uploads\/2024\/11\/balloon_dog_set_03.webp","contentUrl":"https:\/\/nanabeeldjes.nl\/wp-content\/uploads\/2024\/11\/balloon_dog_set_03.webp","width":1080,"height":1080},{"@type":"BreadcrumbList","@id":"https:\/\/nanabeeldjes.nl\/winkel\/cadeau-tips\/diy-pakket-balloon-dog-beschilderen\/#breadcrumb","itemListElement":[{"@type":"ListItem","position":1,"name":"Home","item":"https:\/\/nanabeeldjes.nl\/"},{"@type":"ListItem","position":2,"name":"Shop","item":"https:\/\/nanabeeldjes.nl\/shop\/"},{"@type":"ListItem","position":3,"name":"DIY Pakket Balloon Dog Beschilderen"}]},{"@type":"WebSite","@id":"https:\/\/nanabeeldjes.nl\/#website","url":"https:\/\/nanabeeldjes.nl\/","name":"FIGURAS DE NANA","description":"Unieke creatieve schilderpakketten","publisher":{"@id":"https:\/\/nanabeeldjes.nl\/#organization"},"potentialAction":[{"@type":"SearchAction","target":{"@type":"EntryPoint","urlTemplate":"https:\/\/nanabeeldjes.nl\/?s={search_term_string}"},"query-input":{"@type":"PropertyValueSpecification","valueRequired":true,"valueName":"search_term_string"}}],"inLanguage":"es"},{"@type":"Organization","@id":"https:\/\/nanabeeldjes.nl\/#organization","name":"FIGURAS DE NANA","url":"https:\/\/nanabeeldjes.nl\/","logo":{"@type":"ImageObject","inLanguage":"es","@id":"https:\/\/nanabeeldjes.nl\/#\/schema\/logo\/image\/","url":"https:\/\/nanabeeldjes.nl\/wp-content\/uploads\/2024\/11\/cropped-nana_beeldjes_logo.png","contentUrl":"https:\/\/nanabeeldjes.nl\/wp-content\/uploads\/2024\/11\/cropped-nana_beeldjes_logo.png","width":921,"height":111,"caption":"NANA BEELDJES"},"image":{"@id":"https:\/\/nanabeeldjes.nl\/#\/schema\/logo\/image\/"}}]},"product_price_amount":"29.95","product_price_currency":"EUR","og_availability":"out of stock","product_availability":"out of stock","product_retailer_item_id":"nana-diy-pakket-balloon-dog","product_condition":"new"},"_links":{"self":[{"href":"https:\/\/nanabeeldjes.nl\/es\/wp-json\/wp\/v2\/product\/12897","targetHints":{"allow":["GET"]}}],"collection":[{"href":"https:\/\/nanabeeldjes.nl\/es\/wp-json\/wp\/v2\/product"}],"about":[{"href":"https:\/\/nanabeeldjes.nl\/es\/wp-json\/wp\/v2\/types\/product"}],"replies":[{"embeddable":true,"href":"https:\/\/nanabeeldjes.nl\/es\/wp-json\/wp\/v2\/comments?post=12897"}],"wp:featuredmedia":[{"embeddable":true,"href":"https:\/\/nanabeeldjes.nl\/es\/wp-json\/wp\/v2\/media\/17757"}],"wp:attachment":[{"href":"https:\/\/nanabeeldjes.nl\/es\/wp-json\/wp\/v2\/media?parent=12897"}],"wp:term":[{"taxonomy":"product_brand","embeddable":true,"href":"https:\/\/nanabeeldjes.nl\/es\/wp-json\/wp\/v2\/product_brand?post=12897"},{"taxonomy":"product_cat","embeddable":true,"href":"https:\/\/nanabeeldjes.nl\/es\/wp-json\/wp\/v2\/product_cat?post=12897"},{"taxonomy":"product_tag","embeddable":true,"href":"https:\/\/nanabeeldjes.nl\/es\/wp-json\/wp\/v2\/product_tag?post=12897"}],"curies":[{"name":"wp","href":"https:\/\/api.w.org\/{rel}","templated":true}]}}