{"id":9358,"date":"2021-11-17T14:51:40","date_gmt":"2021-11-17T13:51:40","guid":{"rendered":"https:\/\/nanabeeldjes.nl\/winkel\/niet-gecategoriseerd\/diy-pakket-dikke-dame-beeldje-beschilderen-dans-vrij\/"},"modified":"2025-12-15T00:09:55","modified_gmt":"2025-12-14T23:09:55","slug":"diy-pakket-nana-beeldje-dans","status":"publish","type":"product","link":"https:\/\/nanabeeldjes.nl\/es\/winkel\/cadeau-tips\/diy-pakket-nana-beeldje-dans\/","title":{"rendered":"DIY Kit Figurita Nana Danza"},"content":{"rendered":"<p>Con nuestro completo kit de bricolaje creativo figurita Nana, podr\u00e1s ponerte creativo en casa para pintar una figurita \u00fanica. De este modo, puedes organizar un taller casero con amigos, amigas o familiares o empezar t\u00fa mismo.<\/p>\n<h4><\/h4>\n<h4><strong>El kit de bricolaje incluye:<\/strong><\/h4>\n<ul>\n<li>Figurita (polystone) de 20 cm con pedestal*<\/li>\n<li>Folleto pr\u00e1ctico con consejos y trucos + instrucciones con fotos descargables (PDF) en el que se explica paso a paso c\u00f3mo pintar una bonita figurita de la que te sentir\u00e1s orgulloso. (taller digital)<\/li>\n<li>5 cepillos de diferentes tama\u00f1os<\/li>\n<li>5 c\u00e1psulas de pintura acr\u00edlica Royal Talens en colores primarios (negro, azul, rojo, amarillo y blanco) + instrucciones para mezclar colores.<\/li>\n<li>Barniz, para una capa brillante<\/li>\n<li>Bastoncillos de algod\u00f3n<\/li>\n<\/ul>\n<p>Consejo: Si vas a trabajar con l\u00edneas, lo mejor es utilizar un rotulador de pintura. Depender\u00e1 del dise\u00f1o si lo necesitas o no. \u00a1Los rotuladores funcionan muy bien! Puedes a\u00f1adirlos a tu pedido en blanco, negro o dorado.<\/p>\n<h4><\/h4>\n<h4><strong>Rec\u00f3gete a ti mismo:<\/strong><\/h4>\n<ul>\n<li>L\u00e1piz<\/li>\n<li>Una jarra de agua<\/li>\n<li>Papel de cocina<\/li>\n<li>Placa (de pl\u00e1stico)<\/li>\n<\/ul>\n<h4><\/h4>\n<h4><strong>As\u00ed funciona nuestro paquete creativo para el hogar:<\/strong><\/h4>\n<p>\u00bfTe gusta pasar la tarde o la noche siendo creativo? \u00bfPero no sabe por d\u00f3nde empezar, d\u00f3nde encontrar los materiales o c\u00f3mo realizar el proyecto? \u00bfO le gusta probar primero un nuevo pasatiempo creativo, pero no quiere comprar un mont\u00f3n de materiales de pasatiempo de inmediato? Entonces el kit de bricolaje de Artwise es justo lo que necesitas.<\/p>\n<p>&nbsp;<\/p>\n<p>En este taller creativo de bricolaje nos inspiramos en la artista Niki de Saint Phalle. Esta pintora y escultora francesa cre\u00f3 sus primeras esculturas de mujeres coloridas en 1965. Las llam\u00f3 Nanas. Sus Nanas simbolizan a mujeres fuertes y libres. Siguiendo los pasos de esta artista francesa, \u00a1pintar\u00e1s tu propia Nana colorida!<br \/>\nElige un dise\u00f1o y pinta tu figurita con la pintura de alta calidad de Royal Talens incluida en el kit DIY para crear tu propia figurita \u00fanica.<\/p>\n<p>&nbsp;<\/p>\n<p><i>Regalo creativo, Figuras gruesas de se\u00f1ora para pintar t\u00fa mismo, Kit de manualidades para adultos, Kit de bricolaje para adultos, Figuras gruesas de mujer, Figuras gruesas de se\u00f1ora<\/i><\/p>","protected":false},"excerpt":{"rendered":"<p>Con nuestro completo paquete de bricolaje creativo Pintura de figuritas de Nana, puedes ponerte creativo en casa pintando la popular figurita de Nana. Estas alegres figuritas tambi\u00e9n se llaman Fat Ladies o Dolly's. Las Nanas son famosas gracias a la pintora y escultora francesa Niki de Saint Phalle. Sus Nanas simbolizan a una mujer fuerte y libre.<\/p>\n<p>Ponte manos a la obra en casa con el kit completo de bricolaje que incluye pintura acr\u00edlica fina de Royal Talens. Con ellas, \u00a1podr\u00e1s crear un dise\u00f1o \u00fanico a tu gusto! \u00bfQuieres saber qu\u00e9 contiene este kit de bricolaje? Pues despl\u00e1zate hacia abajo.<\/p>","protected":false},"featured_media":17752,"comment_status":"closed","ping_status":"closed","template":"","meta":{"site-sidebar-layout":"default","site-content-layout":"default","ast-site-content-layout":"default","site-content-style":"default","site-sidebar-style":"default","ast-global-header-display":"","ast-banner-title-visibility":"","ast-main-header-display":"","ast-hfb-above-header-display":"","ast-hfb-below-header-display":"","ast-hfb-mobile-header-display":"","site-post-title":"","ast-breadcrumbs-content":"","ast-featured-img":"","footer-sml-layout":"","ast-disable-related-posts":"","theme-transparent-header-meta":"default","adv-header-id-meta":"","stick-header-meta":"default","header-above-stick-meta":"","header-main-stick-meta":"","header-below-stick-meta":"","astra-migrate-meta-layouts":"set","ast-page-background-enabled":"default","ast-page-background-meta":{"desktop":{"background-color":"var(--ast-global-color-4)","background-image":"","background-repeat":"repeat","background-position":"center center","background-size":"auto","background-attachment":"scroll","background-type":"","background-media":"","overlay-type":"","overlay-color":"","overlay-opacity":"","overlay-gradient":""},"tablet":{"background-color":"","background-image":"","background-repeat":"repeat","background-position":"center center","background-size":"auto","background-attachment":"scroll","background-type":"","background-media":"","overlay-type":"","overlay-color":"","overlay-opacity":"","overlay-gradient":""},"mobile":{"background-color":"","background-image":"","background-repeat":"repeat","background-position":"center center","background-size":"auto","background-attachment":"scroll","background-type":"","background-media":"","overlay-type":"","overlay-color":"","overlay-opacity":"","overlay-gradient":""}},"ast-content-background-meta":{"desktop":{"background-color":"var(--ast-global-color-5)","background-image":"","background-repeat":"repeat","background-position":"center center","background-size":"auto","background-attachment":"scroll","background-type":"","background-media":"","overlay-type":"","overlay-color":"","overlay-opacity":"","overlay-gradient":""},"tablet":{"background-color":"var(--ast-global-color-5)","background-image":"","background-repeat":"repeat","background-position":"center center","background-size":"auto","background-attachment":"scroll","background-type":"","background-media":"","overlay-type":"","overlay-color":"","overlay-opacity":"","overlay-gradient":""},"mobile":{"background-color":"var(--ast-global-color-5)","background-image":"","background-repeat":"repeat","background-position":"center center","background-size":"auto","background-attachment":"scroll","background-type":"","background-media":"","overlay-type":"","overlay-color":"","overlay-opacity":"","overlay-gradient":""}}},"product_brand":[],"product_cat":[30,40,57,58],"product_tag":[],"class_list":{"0":"post-9358","1":"product","2":"type-product","3":"status-publish","4":"has-post-thumbnail","6":"product_cat-cadeau-tips","7":"product_cat-creatieve-diy-pakketten","8":"product_cat-nana-beeldjes","9":"product_cat-schilder-pakketten","10":"product_shipping_class-pakket","11":"desktop-align-left","12":"tablet-align-left","13":"mobile-align-left","14":"ast-product-gallery-layout-horizontal-slider","15":"ast-product-tabs-layout-horizontal","17":"first","18":"instock","19":"featured","20":"downloadable","21":"taxable","22":"shipping-taxable","23":"purchasable","24":"product-type-simple"},"yoast_head":"<!-- This site is optimized with the Yoast SEO Premium plugin v27.3 (Yoast SEO v27.5) - https:\/\/yoast.com\/product\/yoast-seo-premium-wordpress\/ -->\n<title>DIY Pakket Nana Beeldje Dans<\/title>\n<meta name=\"description\" content=\"Met ons complete creatieve DIY pakket Nana Beeldje kun je thuis creatief aan de slag en maak je zelf een uniek kunstwerk voor thuis of op kantoor.\" \/>\n<meta name=\"robots\" content=\"index, follow, max-snippet:-1, max-image-preview:large, max-video-preview:-1\" \/>\n<link rel=\"canonical\" href=\"https:\/\/nanabeeldjes.nl\/es\/winkel\/cadeau-tips\/diy-pakket-nana-beeldje-dans\/\" \/>\n<meta property=\"og:locale\" content=\"es_ES\" \/>\n<meta property=\"og:type\" content=\"article\" \/>\n<meta property=\"og:title\" content=\"DIY Pakket Nana Beeldje Dans\" \/>\n<meta property=\"og:description\" content=\"Met ons complete creatieve DIY pakket Nana Beeldje kun je thuis creatief aan de slag en maak je zelf een uniek kunstwerk voor thuis of op kantoor.\" \/>\n<meta property=\"og:url\" content=\"https:\/\/nanabeeldjes.nl\/es\/winkel\/cadeau-tips\/diy-pakket-nana-beeldje-dans\/\" \/>\n<meta property=\"og:site_name\" content=\"NANA BEELDJES\" \/>\n<meta property=\"article:modified_time\" content=\"2025-12-14T23:09:55+00:00\" \/>\n<meta property=\"og:image\" content=\"https:\/\/nanabeeldjes.nl\/wp-content\/uploads\/2024\/11\/nana_beeldje_set_dans_02.webp\" \/>\n\t<meta property=\"og:image:width\" content=\"1080\" \/>\n\t<meta property=\"og:image:height\" content=\"1080\" \/>\n\t<meta property=\"og:image:type\" content=\"image\/webp\" \/>\n<meta name=\"twitter:card\" content=\"summary_large_image\" \/>\n<meta name=\"twitter:label1\" content=\"Precio\" \/>\n\t<meta name=\"twitter:data1\" content=\"&euro;&nbsp;29,95\" \/>\n\t<meta name=\"twitter:label2\" content=\"Disponibilidad\" \/>\n\t<meta name=\"twitter:data2\" content=\"Disponible\" \/>\n<script type=\"application\/ld+json\" class=\"yoast-schema-graph\">{\"@context\":\"https:\\\/\\\/schema.org\",\"@graph\":[{\"@type\":[\"WebPage\",\"ItemPage\"],\"@id\":\"https:\\\/\\\/nanabeeldjes.nl\\\/winkel\\\/cadeau-tips\\\/diy-pakket-nana-beeldje-dans\\\/\",\"url\":\"https:\\\/\\\/nanabeeldjes.nl\\\/winkel\\\/cadeau-tips\\\/diy-pakket-nana-beeldje-dans\\\/\",\"name\":\"DIY Pakket Nana Beeldje Dans\",\"isPartOf\":{\"@id\":\"https:\\\/\\\/nanabeeldjes.nl\\\/#website\"},\"primaryImageOfPage\":{\"@id\":\"https:\\\/\\\/nanabeeldjes.nl\\\/winkel\\\/cadeau-tips\\\/diy-pakket-nana-beeldje-dans\\\/#primaryimage\"},\"image\":{\"@id\":\"https:\\\/\\\/nanabeeldjes.nl\\\/winkel\\\/cadeau-tips\\\/diy-pakket-nana-beeldje-dans\\\/#primaryimage\"},\"thumbnailUrl\":\"https:\\\/\\\/nanabeeldjes.nl\\\/wp-content\\\/uploads\\\/2024\\\/11\\\/nana_beeldje_set_dans_02.webp\",\"datePublished\":\"2021-11-17T13:51:40+00:00\",\"dateModified\":\"2025-12-14T23:09:55+00:00\",\"description\":\"Met ons complete creatieve DIY pakket Nana Beeldje kun je thuis creatief aan de slag en maak je zelf een uniek kunstwerk voor thuis of op kantoor.\",\"breadcrumb\":{\"@id\":\"https:\\\/\\\/nanabeeldjes.nl\\\/winkel\\\/cadeau-tips\\\/diy-pakket-nana-beeldje-dans\\\/#breadcrumb\"},\"inLanguage\":\"es\",\"potentialAction\":[{\"@type\":\"ReadAction\",\"target\":[\"https:\\\/\\\/nanabeeldjes.nl\\\/winkel\\\/cadeau-tips\\\/diy-pakket-nana-beeldje-dans\\\/\"]}]},{\"@type\":\"ImageObject\",\"inLanguage\":\"es\",\"@id\":\"https:\\\/\\\/nanabeeldjes.nl\\\/winkel\\\/cadeau-tips\\\/diy-pakket-nana-beeldje-dans\\\/#primaryimage\",\"url\":\"https:\\\/\\\/nanabeeldjes.nl\\\/wp-content\\\/uploads\\\/2024\\\/11\\\/nana_beeldje_set_dans_02.webp\",\"contentUrl\":\"https:\\\/\\\/nanabeeldjes.nl\\\/wp-content\\\/uploads\\\/2024\\\/11\\\/nana_beeldje_set_dans_02.webp\",\"width\":1080,\"height\":1080},{\"@type\":\"BreadcrumbList\",\"@id\":\"https:\\\/\\\/nanabeeldjes.nl\\\/winkel\\\/cadeau-tips\\\/diy-pakket-nana-beeldje-dans\\\/#breadcrumb\",\"itemListElement\":[{\"@type\":\"ListItem\",\"position\":1,\"name\":\"Home\",\"item\":\"https:\\\/\\\/nanabeeldjes.nl\\\/\"},{\"@type\":\"ListItem\",\"position\":2,\"name\":\"Shop\",\"item\":\"https:\\\/\\\/nanabeeldjes.nl\\\/shop\\\/\"},{\"@type\":\"ListItem\",\"position\":3,\"name\":\"DIY Pakket Nana Beeldje Dans\"}]},{\"@type\":\"WebSite\",\"@id\":\"https:\\\/\\\/nanabeeldjes.nl\\\/#website\",\"url\":\"https:\\\/\\\/nanabeeldjes.nl\\\/\",\"name\":\"NANA BEELDJES\",\"description\":\"Unieke creatieve schilderpakketten\",\"publisher\":{\"@id\":\"https:\\\/\\\/nanabeeldjes.nl\\\/#organization\"},\"potentialAction\":[{\"@type\":\"SearchAction\",\"target\":{\"@type\":\"EntryPoint\",\"urlTemplate\":\"https:\\\/\\\/nanabeeldjes.nl\\\/?s={search_term_string}\"},\"query-input\":{\"@type\":\"PropertyValueSpecification\",\"valueRequired\":true,\"valueName\":\"search_term_string\"}}],\"inLanguage\":\"es\"},{\"@type\":\"Organization\",\"@id\":\"https:\\\/\\\/nanabeeldjes.nl\\\/#organization\",\"name\":\"NANA BEELDJES\",\"url\":\"https:\\\/\\\/nanabeeldjes.nl\\\/\",\"logo\":{\"@type\":\"ImageObject\",\"inLanguage\":\"es\",\"@id\":\"https:\\\/\\\/nanabeeldjes.nl\\\/#\\\/schema\\\/logo\\\/image\\\/\",\"url\":\"https:\\\/\\\/nanabeeldjes.nl\\\/wp-content\\\/uploads\\\/2024\\\/11\\\/cropped-nana_beeldjes_logo.png\",\"contentUrl\":\"https:\\\/\\\/nanabeeldjes.nl\\\/wp-content\\\/uploads\\\/2024\\\/11\\\/cropped-nana_beeldjes_logo.png\",\"width\":921,\"height\":111,\"caption\":\"NANA BEELDJES\"},\"image\":{\"@id\":\"https:\\\/\\\/nanabeeldjes.nl\\\/#\\\/schema\\\/logo\\\/image\\\/\"}}]}<\/script>\n<meta property=\"product:price:amount\" content=\"29.95\" \/>\n<meta property=\"product:price:currency\" content=\"EUR\" \/>\n<meta property=\"og:availability\" content=\"instock\" \/>\n<meta property=\"product:availability\" content=\"instock\" \/>\n<meta property=\"product:retailer_item_id\" content=\"nana-diy-pakket-nana-dans\" \/>\n<meta property=\"product:condition\" content=\"new\" \/>\n<!-- \/ Yoast SEO Premium plugin. -->","yoast_head_json":{"title":"DIY Kit Figurita Nana Danza","description":"Met ons complete creatieve DIY pakket Nana Beeldje kun je thuis creatief aan de slag en maak je zelf een uniek kunstwerk voor thuis of op kantoor.","robots":{"index":"index","follow":"follow","max-snippet":"max-snippet:-1","max-image-preview":"max-image-preview:large","max-video-preview":"max-video-preview:-1"},"canonical":"https:\/\/nanabeeldjes.nl\/es\/winkel\/cadeau-tips\/diy-pakket-nana-beeldje-dans\/","og_locale":"es_ES","og_type":"article","og_title":"DIY Pakket Nana Beeldje Dans","og_description":"Met ons complete creatieve DIY pakket Nana Beeldje kun je thuis creatief aan de slag en maak je zelf een uniek kunstwerk voor thuis of op kantoor.","og_url":"https:\/\/nanabeeldjes.nl\/es\/winkel\/cadeau-tips\/diy-pakket-nana-beeldje-dans\/","og_site_name":"NANA BEELDJES","article_modified_time":"2025-12-14T23:09:55+00:00","og_image":[{"width":1080,"height":1080,"url":"https:\/\/nanabeeldjes.nl\/wp-content\/uploads\/2024\/11\/nana_beeldje_set_dans_02.webp","type":"image\/webp"}],"twitter_card":"summary_large_image","twitter_misc":{"Precio":"&euro;&nbsp;29,95","Disponibilidad":"Disponible"},"schema":{"@context":"https:\/\/schema.org","@graph":[{"@type":["WebPage","ItemPage"],"@id":"https:\/\/nanabeeldjes.nl\/winkel\/cadeau-tips\/diy-pakket-nana-beeldje-dans\/","url":"https:\/\/nanabeeldjes.nl\/winkel\/cadeau-tips\/diy-pakket-nana-beeldje-dans\/","name":"DIY Kit Figurita Nana Danza","isPartOf":{"@id":"https:\/\/nanabeeldjes.nl\/#website"},"primaryImageOfPage":{"@id":"https:\/\/nanabeeldjes.nl\/winkel\/cadeau-tips\/diy-pakket-nana-beeldje-dans\/#primaryimage"},"image":{"@id":"https:\/\/nanabeeldjes.nl\/winkel\/cadeau-tips\/diy-pakket-nana-beeldje-dans\/#primaryimage"},"thumbnailUrl":"https:\/\/nanabeeldjes.nl\/wp-content\/uploads\/2024\/11\/nana_beeldje_set_dans_02.webp","datePublished":"2021-11-17T13:51:40+00:00","dateModified":"2025-12-14T23:09:55+00:00","description":"Met ons complete creatieve DIY pakket Nana Beeldje kun je thuis creatief aan de slag en maak je zelf een uniek kunstwerk voor thuis of op kantoor.","breadcrumb":{"@id":"https:\/\/nanabeeldjes.nl\/winkel\/cadeau-tips\/diy-pakket-nana-beeldje-dans\/#breadcrumb"},"inLanguage":"es","potentialAction":[{"@type":"ReadAction","target":["https:\/\/nanabeeldjes.nl\/winkel\/cadeau-tips\/diy-pakket-nana-beeldje-dans\/"]}]},{"@type":"ImageObject","inLanguage":"es","@id":"https:\/\/nanabeeldjes.nl\/winkel\/cadeau-tips\/diy-pakket-nana-beeldje-dans\/#primaryimage","url":"https:\/\/nanabeeldjes.nl\/wp-content\/uploads\/2024\/11\/nana_beeldje_set_dans_02.webp","contentUrl":"https:\/\/nanabeeldjes.nl\/wp-content\/uploads\/2024\/11\/nana_beeldje_set_dans_02.webp","width":1080,"height":1080},{"@type":"BreadcrumbList","@id":"https:\/\/nanabeeldjes.nl\/winkel\/cadeau-tips\/diy-pakket-nana-beeldje-dans\/#breadcrumb","itemListElement":[{"@type":"ListItem","position":1,"name":"Home","item":"https:\/\/nanabeeldjes.nl\/"},{"@type":"ListItem","position":2,"name":"Shop","item":"https:\/\/nanabeeldjes.nl\/shop\/"},{"@type":"ListItem","position":3,"name":"DIY Pakket Nana Beeldje Dans"}]},{"@type":"WebSite","@id":"https:\/\/nanabeeldjes.nl\/#website","url":"https:\/\/nanabeeldjes.nl\/","name":"FIGURAS DE NANA","description":"Unieke creatieve schilderpakketten","publisher":{"@id":"https:\/\/nanabeeldjes.nl\/#organization"},"potentialAction":[{"@type":"SearchAction","target":{"@type":"EntryPoint","urlTemplate":"https:\/\/nanabeeldjes.nl\/?s={search_term_string}"},"query-input":{"@type":"PropertyValueSpecification","valueRequired":true,"valueName":"search_term_string"}}],"inLanguage":"es"},{"@type":"Organization","@id":"https:\/\/nanabeeldjes.nl\/#organization","name":"FIGURAS DE NANA","url":"https:\/\/nanabeeldjes.nl\/","logo":{"@type":"ImageObject","inLanguage":"es","@id":"https:\/\/nanabeeldjes.nl\/#\/schema\/logo\/image\/","url":"https:\/\/nanabeeldjes.nl\/wp-content\/uploads\/2024\/11\/cropped-nana_beeldjes_logo.png","contentUrl":"https:\/\/nanabeeldjes.nl\/wp-content\/uploads\/2024\/11\/cropped-nana_beeldjes_logo.png","width":921,"height":111,"caption":"NANA BEELDJES"},"image":{"@id":"https:\/\/nanabeeldjes.nl\/#\/schema\/logo\/image\/"}}]},"product_price_amount":"29.95","product_price_currency":"EUR","og_availability":"instock","product_availability":"instock","product_retailer_item_id":"nana-diy-pakket-nana-dans","product_condition":"new"},"_links":{"self":[{"href":"https:\/\/nanabeeldjes.nl\/es\/wp-json\/wp\/v2\/product\/9358","targetHints":{"allow":["GET"]}}],"collection":[{"href":"https:\/\/nanabeeldjes.nl\/es\/wp-json\/wp\/v2\/product"}],"about":[{"href":"https:\/\/nanabeeldjes.nl\/es\/wp-json\/wp\/v2\/types\/product"}],"replies":[{"embeddable":true,"href":"https:\/\/nanabeeldjes.nl\/es\/wp-json\/wp\/v2\/comments?post=9358"}],"wp:featuredmedia":[{"embeddable":true,"href":"https:\/\/nanabeeldjes.nl\/es\/wp-json\/wp\/v2\/media\/17752"}],"wp:attachment":[{"href":"https:\/\/nanabeeldjes.nl\/es\/wp-json\/wp\/v2\/media?parent=9358"}],"wp:term":[{"taxonomy":"product_brand","embeddable":true,"href":"https:\/\/nanabeeldjes.nl\/es\/wp-json\/wp\/v2\/product_brand?post=9358"},{"taxonomy":"product_cat","embeddable":true,"href":"https:\/\/nanabeeldjes.nl\/es\/wp-json\/wp\/v2\/product_cat?post=9358"},{"taxonomy":"product_tag","embeddable":true,"href":"https:\/\/nanabeeldjes.nl\/es\/wp-json\/wp\/v2\/product_tag?post=9358"}],"curies":[{"name":"wp","href":"https:\/\/api.w.org\/{rel}","templated":true}]}}