{"id":25,"date":"2020-05-09T08:12:50","date_gmt":"2020-05-09T06:12:50","guid":{"rendered":"https:\/\/nanabeeldjes.nl\/winkel\/niet-gecategoriseerd\/diy-pakket-dikke-dame-beeldje-beschilderen-klassiek-yoga\/"},"modified":"2025-12-15T00:10:15","modified_gmt":"2025-12-14T23:10:15","slug":"diy-pakket-nana-beeldje-yoga","status":"publish","type":"product","link":"https:\/\/nanabeeldjes.nl\/fi\/winkel\/cadeau-tips\/diy-pakket-nana-beeldje-yoga\/","title":{"rendered":"DIY Pakket Nana Beeldje Yoga"},"content":{"rendered":"<p>T\u00e4ydellisell\u00e4 luovalla DIY Kit Nana figuriinilla voit olla luova kotona ja maalata ainutlaatuisen figuurin. N\u00e4in voit j\u00e4rjest\u00e4\u00e4 kotity\u00f6pajan yst\u00e4vien, tytt\u00f6yst\u00e4vien tai perheen kanssa tai aloittaa itse.<\/p>\n<p>&nbsp;<\/p>\n<h4><strong>Nana Tee se itse paketti sis\u00e4lt\u00e4\u00e4:<\/strong><\/h4>\n<ul>\n<li>Nana beeldje (polystone) van 20 cm met sokkel<\/li>\n<li>Handige flyer met tips &amp; tricks + downloadbare foto-instructie (PDF) waarin stap-voor-stap wordt uitgelegd hoe je zelf een mooi beeldje kan beschilderen waar je trots op bent! (digitale workshop)<\/li>\n<li>5 erikokoista harjaa<\/li>\n<li>5 cupjes Royal Talens Acrylverf in primaire kleuren (zwart, blauw, rood, geel en wit) + instructie kleuren mengen<\/li>\n<li>Lakkaa, kiilt\u00e4v\u00e4\u00e4 kerrosta varten<\/li>\n<li>Wattenstaafjes<\/li>\n<\/ul>\n<p>Tip: Als je aan de slag gaat met lijnen, werk je het meest strak met behulp van een paintmarker. Het ligt aan het ontwerp of je deze nodig hebt of niet. De stiften werken super fijn! Deze kun je in wit, zwart of goud toevoegen aan je bestelling.<\/p>\n<p>&nbsp;<\/p>\n<h4><strong>Ker\u00e4\u00e4 itsesi:<\/strong><\/h4>\n<ul>\n<li>Kyn\u00e4<\/li>\n<li>Purkki vett\u00e4<\/li>\n<li>Keitti\u00f6paperi<\/li>\n<li>(Muovi) levy<\/li>\n<\/ul>\n<h4><strong>Zo werkt ons creatieve thuispakket:<\/strong><\/h4>\n<p>Nautitko iltap\u00e4iv\u00e4n tai illan viett\u00e4misest\u00e4 luovuuden parissa? Mutta et tied\u00e4, mist\u00e4 aloittaa, mist\u00e4 l\u00f6yt\u00e4\u00e4 tarvikkeet tai miten tehd\u00e4 projekti? Tai haluatko kokeilla uutta luovaa harrastusta ensin, mutta et halua ostaa heti paljon harrastusmateriaaleja? Silloin Artwisen tee-se-itse-pakkaus on juuri sinua varten!<\/p>\n<p>&nbsp;<\/p>\n<p>Tijdens deze creatieve Do it yourself-workshop laten we ons inspireren door kunstenares Niki de Saint Phalle. Deze Franse kunstschilderes en beeldhoudster maakte in 1965 haar eerste beelden van kleurrijke vrouwen. Zij noemde deze beelden Nana&#8217;s. Haar Nana&#8217;s staan symbool voor sterke en vrije vrouwen. In de voetsporen van deze Franse kunstenares ga jij je eigen kleurrijke Nana beschilderen!<br \/>\nKies een ontwerp en beschilder jouw beeldje met de kwaliteitsverf van Royal Talens uit het DIY-pakket en cre\u00eber zo jouw unieke beeldje!<\/p>\n<p>&nbsp;<\/p>\n<p><i>Luova lahja, Paksut naisfiguurit itse maalattavaksi, DIY askartelupakkaus aikuisille, DIY-pakkaus aikuisille, Paksut naisfiguurit, Paksut naisfiguurit, Paksut naisfiguurit<\/i><\/p>","protected":false},"excerpt":{"rendered":"<p>T\u00e4ydellisen luovan DIY-pakettimme Nana-figuurin maalauksen avulla voit olla luova kotona maalaamalla suositun Nana-figuurin. N\u00e4it\u00e4 iloisia hahmoja kutsutaan my\u00f6s nimell\u00e4 Fat Ladies tai Dolly. Nanat ovat kuuluisia ranskalaisen taidemaalarin ja kuvanveist\u00e4j\u00e4n Niki de Saint Phallen ansiosta. H\u00e4nen Nanansa symboloivat vahvaa ja vapaata naista.<\/p>\n<p>Ryhdy t\u00f6ihin kotona t\u00e4ydellisell\u00e4 DIY-sarjalla, joka sis\u00e4lt\u00e4\u00e4 Royal Talensin hienoja akryylimaaleja. N\u00e4iden avulla voit luoda oman ainutlaatuisen muotoilun! Haluatko tiet\u00e4\u00e4, mit\u00e4 t\u00e4ss\u00e4 DIY-pakkauksessa on? Selaa sitten alasp\u00e4in.<\/p>","protected":false},"featured_media":17754,"comment_status":"closed","ping_status":"closed","template":"","meta":{"site-sidebar-layout":"default","site-content-layout":"default","ast-site-content-layout":"default","site-content-style":"default","site-sidebar-style":"default","ast-global-header-display":"","ast-banner-title-visibility":"","ast-main-header-display":"","ast-hfb-above-header-display":"","ast-hfb-below-header-display":"","ast-hfb-mobile-header-display":"","site-post-title":"","ast-breadcrumbs-content":"","ast-featured-img":"","footer-sml-layout":"","ast-disable-related-posts":"","theme-transparent-header-meta":"default","adv-header-id-meta":"","stick-header-meta":"default","header-above-stick-meta":"","header-main-stick-meta":"","header-below-stick-meta":"","astra-migrate-meta-layouts":"set","ast-page-background-enabled":"default","ast-page-background-meta":{"desktop":{"background-color":"var(--ast-global-color-4)","background-image":"","background-repeat":"repeat","background-position":"center center","background-size":"auto","background-attachment":"scroll","background-type":"","background-media":"","overlay-type":"","overlay-color":"","overlay-opacity":"","overlay-gradient":""},"tablet":{"background-color":"","background-image":"","background-repeat":"repeat","background-position":"center center","background-size":"auto","background-attachment":"scroll","background-type":"","background-media":"","overlay-type":"","overlay-color":"","overlay-opacity":"","overlay-gradient":""},"mobile":{"background-color":"","background-image":"","background-repeat":"repeat","background-position":"center center","background-size":"auto","background-attachment":"scroll","background-type":"","background-media":"","overlay-type":"","overlay-color":"","overlay-opacity":"","overlay-gradient":""}},"ast-content-background-meta":{"desktop":{"background-color":"var(--ast-global-color-5)","background-image":"","background-repeat":"repeat","background-position":"center center","background-size":"auto","background-attachment":"scroll","background-type":"","background-media":"","overlay-type":"","overlay-color":"","overlay-opacity":"","overlay-gradient":""},"tablet":{"background-color":"var(--ast-global-color-5)","background-image":"","background-repeat":"repeat","background-position":"center center","background-size":"auto","background-attachment":"scroll","background-type":"","background-media":"","overlay-type":"","overlay-color":"","overlay-opacity":"","overlay-gradient":""},"mobile":{"background-color":"var(--ast-global-color-5)","background-image":"","background-repeat":"repeat","background-position":"center center","background-size":"auto","background-attachment":"scroll","background-type":"","background-media":"","overlay-type":"","overlay-color":"","overlay-opacity":"","overlay-gradient":""}}},"product_brand":[],"product_cat":[30,40,57],"product_tag":[],"class_list":{"0":"post-25","1":"product","2":"type-product","3":"status-publish","4":"has-post-thumbnail","6":"product_cat-cadeau-tips","7":"product_cat-creatieve-diy-pakketten","8":"product_cat-nana-beeldjes","9":"product_shipping_class-pakket","10":"desktop-align-left","11":"tablet-align-left","12":"mobile-align-left","13":"ast-product-gallery-layout-horizontal-slider","14":"ast-product-tabs-layout-horizontal","16":"first","17":"instock","18":"featured","19":"downloadable","20":"taxable","21":"shipping-taxable","22":"purchasable","23":"product-type-simple"},"yoast_head":"<!-- This site is optimized with the Yoast SEO Premium plugin v27.3 (Yoast SEO v27.5) - https:\/\/yoast.com\/product\/yoast-seo-premium-wordpress\/ -->\n<title>DIY Pakket Nana Beeldje Yoga<\/title>\n<meta name=\"description\" content=\"Met ons complete creatieve DIY Pakket Nana Beeldje Yoga kun je thuis creatief aan de slag en maak je zelf een uniek kunstwerk!\" \/>\n<meta name=\"robots\" content=\"index, follow, max-snippet:-1, max-image-preview:large, max-video-preview:-1\" \/>\n<link rel=\"canonical\" href=\"https:\/\/nanabeeldjes.nl\/fi\/winkel\/cadeau-tips\/diy-pakket-nana-beeldje-yoga\/\" \/>\n<meta property=\"og:locale\" content=\"fi_FI\" \/>\n<meta property=\"og:type\" content=\"article\" \/>\n<meta property=\"og:title\" content=\"DIY Pakket Dikke Dame Beeldje Schilderen\" \/>\n<meta property=\"og:description\" content=\"Met ons complete creatieve DIY-pakket Dikke dame-beeldje schilderen kun je thuis creatief aan de slag een uniek beeldje te beschilderen.\" \/>\n<meta property=\"og:url\" content=\"https:\/\/nanabeeldjes.nl\/fi\/winkel\/cadeau-tips\/diy-pakket-nana-beeldje-yoga\/\" \/>\n<meta property=\"og:site_name\" content=\"NANA BEELDJES\" \/>\n<meta property=\"article:modified_time\" content=\"2025-12-14T23:10:15+00:00\" \/>\n<meta name=\"twitter:card\" content=\"summary_large_image\" \/>\n<meta name=\"twitter:title\" content=\"DIY Pakket Nana Beeldje Yoga\" \/>\n<meta name=\"twitter:image\" content=\"https:\/\/nanabeeldjes.nl\/wp-content\/uploads\/2024\/11\/nana_beeldje_set_yoga_05.webp\" \/>\n<meta name=\"twitter:label1\" content=\"Hinta\" \/>\n\t<meta name=\"twitter:data1\" content=\"&euro;&nbsp;29,95\" \/>\n\t<meta name=\"twitter:label2\" content=\"Saatavuus\" \/>\n\t<meta name=\"twitter:data2\" content=\"Varastossa\" \/>\n<script type=\"application\/ld+json\" class=\"yoast-schema-graph\">{\"@context\":\"https:\\\/\\\/schema.org\",\"@graph\":[{\"@type\":[\"WebPage\",\"ItemPage\"],\"@id\":\"https:\\\/\\\/nanabeeldjes.nl\\\/winkel\\\/cadeau-tips\\\/diy-pakket-nana-beeldje-yoga\\\/\",\"url\":\"https:\\\/\\\/nanabeeldjes.nl\\\/winkel\\\/cadeau-tips\\\/diy-pakket-nana-beeldje-yoga\\\/\",\"name\":\"DIY Pakket Nana Beeldje Yoga\",\"isPartOf\":{\"@id\":\"https:\\\/\\\/nanabeeldjes.nl\\\/#website\"},\"primaryImageOfPage\":{\"@id\":\"https:\\\/\\\/nanabeeldjes.nl\\\/winkel\\\/cadeau-tips\\\/diy-pakket-nana-beeldje-yoga\\\/#primaryimage\"},\"image\":{\"@id\":\"https:\\\/\\\/nanabeeldjes.nl\\\/winkel\\\/cadeau-tips\\\/diy-pakket-nana-beeldje-yoga\\\/#primaryimage\"},\"thumbnailUrl\":\"https:\\\/\\\/nanabeeldjes.nl\\\/wp-content\\\/uploads\\\/2024\\\/11\\\/nana_beeldje_set_yoga_05.webp\",\"datePublished\":\"2020-05-09T06:12:50+00:00\",\"dateModified\":\"2025-12-14T23:10:15+00:00\",\"description\":\"Met ons complete creatieve DIY Pakket Nana Beeldje Yoga kun je thuis creatief aan de slag en maak je zelf een uniek kunstwerk!\",\"breadcrumb\":{\"@id\":\"https:\\\/\\\/nanabeeldjes.nl\\\/winkel\\\/cadeau-tips\\\/diy-pakket-nana-beeldje-yoga\\\/#breadcrumb\"},\"inLanguage\":\"fi\",\"potentialAction\":[{\"@type\":\"ReadAction\",\"target\":[\"https:\\\/\\\/nanabeeldjes.nl\\\/winkel\\\/cadeau-tips\\\/diy-pakket-nana-beeldje-yoga\\\/\"]}]},{\"@type\":\"ImageObject\",\"inLanguage\":\"fi\",\"@id\":\"https:\\\/\\\/nanabeeldjes.nl\\\/winkel\\\/cadeau-tips\\\/diy-pakket-nana-beeldje-yoga\\\/#primaryimage\",\"url\":\"https:\\\/\\\/nanabeeldjes.nl\\\/wp-content\\\/uploads\\\/2024\\\/11\\\/nana_beeldje_set_yoga_05.webp\",\"contentUrl\":\"https:\\\/\\\/nanabeeldjes.nl\\\/wp-content\\\/uploads\\\/2024\\\/11\\\/nana_beeldje_set_yoga_05.webp\",\"width\":1080,\"height\":1080},{\"@type\":\"BreadcrumbList\",\"@id\":\"https:\\\/\\\/nanabeeldjes.nl\\\/winkel\\\/cadeau-tips\\\/diy-pakket-nana-beeldje-yoga\\\/#breadcrumb\",\"itemListElement\":[{\"@type\":\"ListItem\",\"position\":1,\"name\":\"Home\",\"item\":\"https:\\\/\\\/nanabeeldjes.nl\\\/\"},{\"@type\":\"ListItem\",\"position\":2,\"name\":\"Shop\",\"item\":\"https:\\\/\\\/nanabeeldjes.nl\\\/shop\\\/\"},{\"@type\":\"ListItem\",\"position\":3,\"name\":\"DIY Pakket Nana Beeldje Yoga\"}]},{\"@type\":\"WebSite\",\"@id\":\"https:\\\/\\\/nanabeeldjes.nl\\\/#website\",\"url\":\"https:\\\/\\\/nanabeeldjes.nl\\\/\",\"name\":\"NANA BEELDJES\",\"description\":\"Unieke creatieve schilderpakketten\",\"publisher\":{\"@id\":\"https:\\\/\\\/nanabeeldjes.nl\\\/#organization\"},\"potentialAction\":[{\"@type\":\"SearchAction\",\"target\":{\"@type\":\"EntryPoint\",\"urlTemplate\":\"https:\\\/\\\/nanabeeldjes.nl\\\/?s={search_term_string}\"},\"query-input\":{\"@type\":\"PropertyValueSpecification\",\"valueRequired\":true,\"valueName\":\"search_term_string\"}}],\"inLanguage\":\"fi\"},{\"@type\":\"Organization\",\"@id\":\"https:\\\/\\\/nanabeeldjes.nl\\\/#organization\",\"name\":\"NANA BEELDJES\",\"url\":\"https:\\\/\\\/nanabeeldjes.nl\\\/\",\"logo\":{\"@type\":\"ImageObject\",\"inLanguage\":\"fi\",\"@id\":\"https:\\\/\\\/nanabeeldjes.nl\\\/#\\\/schema\\\/logo\\\/image\\\/\",\"url\":\"https:\\\/\\\/nanabeeldjes.nl\\\/wp-content\\\/uploads\\\/2024\\\/11\\\/cropped-nana_beeldjes_logo.png\",\"contentUrl\":\"https:\\\/\\\/nanabeeldjes.nl\\\/wp-content\\\/uploads\\\/2024\\\/11\\\/cropped-nana_beeldjes_logo.png\",\"width\":921,\"height\":111,\"caption\":\"NANA BEELDJES\"},\"image\":{\"@id\":\"https:\\\/\\\/nanabeeldjes.nl\\\/#\\\/schema\\\/logo\\\/image\\\/\"}}]}<\/script>\n<meta property=\"product:price:amount\" content=\"29.95\" \/>\n<meta property=\"product:price:currency\" content=\"EUR\" \/>\n<meta property=\"og:availability\" content=\"instock\" \/>\n<meta property=\"product:availability\" content=\"instock\" \/>\n<meta property=\"product:retailer_item_id\" content=\"nana-diy-pakket-nana-yoga\" \/>\n<meta property=\"product:condition\" content=\"new\" \/>\n<!-- \/ Yoast SEO Premium plugin. -->","yoast_head_json":{"title":"DIY Pakket Nana Beeldje Yoga","description":"Met ons complete creatieve DIY Pakket Nana Beeldje Yoga kun je thuis creatief aan de slag en maak je zelf een uniek kunstwerk!","robots":{"index":"index","follow":"follow","max-snippet":"max-snippet:-1","max-image-preview":"max-image-preview:large","max-video-preview":"max-video-preview:-1"},"canonical":"https:\/\/nanabeeldjes.nl\/fi\/winkel\/cadeau-tips\/diy-pakket-nana-beeldje-yoga\/","og_locale":"fi_FI","og_type":"article","og_title":"DIY Pakket Dikke Dame Beeldje Schilderen","og_description":"Met ons complete creatieve DIY-pakket Dikke dame-beeldje schilderen kun je thuis creatief aan de slag een uniek beeldje te beschilderen.","og_url":"https:\/\/nanabeeldjes.nl\/fi\/winkel\/cadeau-tips\/diy-pakket-nana-beeldje-yoga\/","og_site_name":"NANA BEELDJES","article_modified_time":"2025-12-14T23:10:15+00:00","twitter_card":"summary_large_image","twitter_title":"DIY Pakket Nana Beeldje Yoga","twitter_image":"https:\/\/nanabeeldjes.nl\/wp-content\/uploads\/2024\/11\/nana_beeldje_set_yoga_05.webp","twitter_misc":{"Hinta":"&euro;&nbsp;29,95","Saatavuus":"Varastossa"},"schema":{"@context":"https:\/\/schema.org","@graph":[{"@type":["WebPage","ItemPage"],"@id":"https:\/\/nanabeeldjes.nl\/winkel\/cadeau-tips\/diy-pakket-nana-beeldje-yoga\/","url":"https:\/\/nanabeeldjes.nl\/winkel\/cadeau-tips\/diy-pakket-nana-beeldje-yoga\/","name":"DIY Pakket Nana Beeldje Yoga","isPartOf":{"@id":"https:\/\/nanabeeldjes.nl\/#website"},"primaryImageOfPage":{"@id":"https:\/\/nanabeeldjes.nl\/winkel\/cadeau-tips\/diy-pakket-nana-beeldje-yoga\/#primaryimage"},"image":{"@id":"https:\/\/nanabeeldjes.nl\/winkel\/cadeau-tips\/diy-pakket-nana-beeldje-yoga\/#primaryimage"},"thumbnailUrl":"https:\/\/nanabeeldjes.nl\/wp-content\/uploads\/2024\/11\/nana_beeldje_set_yoga_05.webp","datePublished":"2020-05-09T06:12:50+00:00","dateModified":"2025-12-14T23:10:15+00:00","description":"Met ons complete creatieve DIY Pakket Nana Beeldje Yoga kun je thuis creatief aan de slag en maak je zelf een uniek kunstwerk!","breadcrumb":{"@id":"https:\/\/nanabeeldjes.nl\/winkel\/cadeau-tips\/diy-pakket-nana-beeldje-yoga\/#breadcrumb"},"inLanguage":"fi","potentialAction":[{"@type":"ReadAction","target":["https:\/\/nanabeeldjes.nl\/winkel\/cadeau-tips\/diy-pakket-nana-beeldje-yoga\/"]}]},{"@type":"ImageObject","inLanguage":"fi","@id":"https:\/\/nanabeeldjes.nl\/winkel\/cadeau-tips\/diy-pakket-nana-beeldje-yoga\/#primaryimage","url":"https:\/\/nanabeeldjes.nl\/wp-content\/uploads\/2024\/11\/nana_beeldje_set_yoga_05.webp","contentUrl":"https:\/\/nanabeeldjes.nl\/wp-content\/uploads\/2024\/11\/nana_beeldje_set_yoga_05.webp","width":1080,"height":1080},{"@type":"BreadcrumbList","@id":"https:\/\/nanabeeldjes.nl\/winkel\/cadeau-tips\/diy-pakket-nana-beeldje-yoga\/#breadcrumb","itemListElement":[{"@type":"ListItem","position":1,"name":"Home","item":"https:\/\/nanabeeldjes.nl\/"},{"@type":"ListItem","position":2,"name":"Shop","item":"https:\/\/nanabeeldjes.nl\/shop\/"},{"@type":"ListItem","position":3,"name":"DIY Pakket Nana Beeldje Yoga"}]},{"@type":"WebSite","@id":"https:\/\/nanabeeldjes.nl\/#website","url":"https:\/\/nanabeeldjes.nl\/","name":"NANA FIGURINES","description":"Unieke creatieve schilderpakketten","publisher":{"@id":"https:\/\/nanabeeldjes.nl\/#organization"},"potentialAction":[{"@type":"SearchAction","target":{"@type":"EntryPoint","urlTemplate":"https:\/\/nanabeeldjes.nl\/?s={search_term_string}"},"query-input":{"@type":"PropertyValueSpecification","valueRequired":true,"valueName":"search_term_string"}}],"inLanguage":"fi"},{"@type":"Organization","@id":"https:\/\/nanabeeldjes.nl\/#organization","name":"NANA FIGURINES","url":"https:\/\/nanabeeldjes.nl\/","logo":{"@type":"ImageObject","inLanguage":"fi","@id":"https:\/\/nanabeeldjes.nl\/#\/schema\/logo\/image\/","url":"https:\/\/nanabeeldjes.nl\/wp-content\/uploads\/2024\/11\/cropped-nana_beeldjes_logo.png","contentUrl":"https:\/\/nanabeeldjes.nl\/wp-content\/uploads\/2024\/11\/cropped-nana_beeldjes_logo.png","width":921,"height":111,"caption":"NANA BEELDJES"},"image":{"@id":"https:\/\/nanabeeldjes.nl\/#\/schema\/logo\/image\/"}}]},"product_price_amount":"29.95","product_price_currency":"EUR","og_availability":"instock","product_availability":"instock","product_retailer_item_id":"nana-diy-pakket-nana-yoga","product_condition":"new"},"_links":{"self":[{"href":"https:\/\/nanabeeldjes.nl\/fi\/wp-json\/wp\/v2\/product\/25","targetHints":{"allow":["GET"]}}],"collection":[{"href":"https:\/\/nanabeeldjes.nl\/fi\/wp-json\/wp\/v2\/product"}],"about":[{"href":"https:\/\/nanabeeldjes.nl\/fi\/wp-json\/wp\/v2\/types\/product"}],"replies":[{"embeddable":true,"href":"https:\/\/nanabeeldjes.nl\/fi\/wp-json\/wp\/v2\/comments?post=25"}],"wp:featuredmedia":[{"embeddable":true,"href":"https:\/\/nanabeeldjes.nl\/fi\/wp-json\/wp\/v2\/media\/17754"}],"wp:attachment":[{"href":"https:\/\/nanabeeldjes.nl\/fi\/wp-json\/wp\/v2\/media?parent=25"}],"wp:term":[{"taxonomy":"product_brand","embeddable":true,"href":"https:\/\/nanabeeldjes.nl\/fi\/wp-json\/wp\/v2\/product_brand?post=25"},{"taxonomy":"product_cat","embeddable":true,"href":"https:\/\/nanabeeldjes.nl\/fi\/wp-json\/wp\/v2\/product_cat?post=25"},{"taxonomy":"product_tag","embeddable":true,"href":"https:\/\/nanabeeldjes.nl\/fi\/wp-json\/wp\/v2\/product_tag?post=25"}],"curies":[{"name":"wp","href":"https:\/\/api.w.org\/{rel}","templated":true}]}}