{"id":17795,"date":"2024-11-22T00:02:46","date_gmt":"2024-11-21T23:02:46","guid":{"rendered":"https:\/\/nanabeeldjes.nl\/?page_id=17795"},"modified":"2025-02-24T13:59:31","modified_gmt":"2025-02-24T12:59:31","slug":"ruilen-retourneren","status":"publish","type":"page","link":"https:\/\/nanabeeldjes.nl\/fr\/ruilen-retourneren\/","title":{"rendered":"\u00c9changes &amp; retours"},"content":{"rendered":"<div data-elementor-type=\"wp-page\" data-elementor-id=\"17795\" class=\"elementor elementor-17795\" data-elementor-post-type=\"page\">\n\t\t\t\t<div class=\"elementor-element elementor-element-17eeaacf e-flex e-con-boxed e-con e-parent\" data-id=\"17eeaacf\" data-element_type=\"container\" data-e-type=\"container\">\n\t\t\t\t\t<div class=\"e-con-inner\">\n\t\t\t\t<div class=\"elementor-element elementor-element-154ecea8 elementor-widget elementor-widget-text-editor\" data-id=\"154ecea8\" data-element_type=\"widget\" data-e-type=\"widget\" data-widget_type=\"text-editor.default\">\n\t\t\t\t<div class=\"elementor-widget-container\">\n\t\t\t\t\t\t\t\t\t<ul><li><span style=\"font-style: inherit; font-weight: inherit; text-align: var(--text-align);\">Une vente n'est pas conclue tant que vous n'avez pas vu et approuv\u00e9 l'article.\n<br><br><p><\/p><\/span><\/li>\n<li><span style=\"font-style: inherit; font-weight: inherit; text-align: var(--text-align);\">Apr\u00e8s r\u00e9ception de l'article, vous disposez d'un droit de r\u00e9tractation de 14 jours.\n<br><br><p><\/p><\/span><\/li>\n<li><span style=\"font-style: inherit; font-weight: inherit; text-align: var(--text-align);\">Vous pouvez \u00e9changer l'article ou simplement le renvoyer parce que vous n'\u00eates pas satisfait de ce que vous avez command\u00e9.\n<br><br><p><\/p><\/span><\/li>\n<li><span style=\"font-style: inherit; font-weight: inherit; text-align: var(--text-align);\">Voeg bij de retourzending altijd de originele factuur en het <\/span><a style=\"font-style: inherit; font-weight: inherit; text-align: var(--text-align); background-color: #ffffff;\" href=\"https:\/\/nanabeeldjes.nl\/wp-content\/uploads\/2024\/11\/Retourformulier.pdf\" target=\"_blank\" rel=\"noopener\">retourfomulier<\/a><span style=\"font-style: inherit; font-weight: inherit; text-align: var(--text-align);\"> bij en verstuur het naar het onderstaande adres.\n<br><br><p><\/p><\/span><\/li>\n<li><span style=\"font-style: inherit; font-weight: inherit; text-align: var(--text-align);\">Natuurlijk krijg je je geld in dat geval binnen 30 dagen terug.\n<br><br><p><\/p><\/span><\/li>\n<li><span style=\"font-style: inherit; font-weight: inherit; text-align: var(--text-align);\">De enige voorwaarde is dat het artikel ongebruikt en onbeschadigd bij ons aankomt.\n<br><br><p><\/p><\/span><\/li>\n<li><span style=\"font-style: inherit; font-weight: inherit; text-align: var(--text-align);\">Als je de artikelen terugstuurt zijn de retourkosten voor jezelf.\n<br><br><p><\/p><\/span><\/li>\n<li><span style=\"font-style: inherit; font-weight: inherit; text-align: var(--text-align);\">Retourzendingen worden alleen in behandeling genomen met een ingevuld <\/span><a style=\"font-style: inherit; font-weight: inherit; text-align: var(--text-align); background-color: #ffffff;\" href=\"https:\/\/nanabeeldjes.nl\/wp-content\/uploads\/2024\/11\/Retourformulier.pdf\" target=\"_blank\" rel=\"noopener\">retourfomulier<\/a><span style=\"font-style: inherit; font-weight: inherit; text-align: var(--text-align);\"> inclusief de originele factuur.&nbsp;<\/span><\/li>\n<\/ul>\n<p><!-- \/wp:list-item --><!-- wp:list-item --><\/p>\n<p><!-- \/wp:list-item --><!-- wp:list-item --><\/p>\n<p><!-- \/wp:list-item --><!-- wp:list-item --><\/p>\n<p><!-- \/wp:list-item --><!-- wp:list-item --><\/p>\n<p><!-- \/wp:list-item --><!-- wp:list-item --><\/p>\n<p><!-- \/wp:list-item --><!-- wp:list-item --><\/p>\n<p><!-- \/wp:list-item --><!-- wp:list-item --><\/p>\n<p><!-- \/wp:list-item --><\/p>\n<p><!-- \/wp:list --><!-- wp:paragraph --><\/p>\n<p><strong>Retouradres<\/strong><br>FIGURINES NANA<br>Retourservice<br>Tappersweg 8J<br>2031 ET Haarlem<\/p>\n<p><!-- \/wp:paragraph --><\/p>\t\t\t\t\t\t\t\t<\/div>\n\t\t\t\t<\/div>\n\t\t\t\t\t<\/div>\n\t\t\t\t<\/div>\n\t\t\t\t<\/div>","protected":false},"excerpt":{"rendered":"<p>Een koop is pas gesloten op het moment dat jij het artikel hebt gezien en goedgekeurd. Na ontvangst van het artikel heb je 14 dagen lang herroepingsrecht. Je kunt het artikel ruilen of het simpelweg retourneren, omdat je niet tevreden bent met wat je hebt besteld. Voeg bij de retourzending altijd de originele factuur en [&hellip;]<\/p>","protected":false},"author":1,"featured_media":0,"parent":0,"menu_order":0,"comment_status":"closed","ping_status":"closed","template":"","meta":{"site-sidebar-layout":"default","site-content-layout":"","ast-site-content-layout":"default","site-content-style":"default","site-sidebar-style":"default","ast-global-header-display":"","ast-banner-title-visibility":"","ast-main-header-display":"","ast-hfb-above-header-display":"","ast-hfb-below-header-display":"","ast-hfb-mobile-header-display":"","site-post-title":"","ast-breadcrumbs-content":"","ast-featured-img":"","footer-sml-layout":"","ast-disable-related-posts":"","theme-transparent-header-meta":"","adv-header-id-meta":"","stick-header-meta":"","header-above-stick-meta":"","header-main-stick-meta":"","header-below-stick-meta":"","astra-migrate-meta-layouts":"default","ast-page-background-enabled":"default","ast-page-background-meta":{"desktop":{"background-color":"var(--ast-global-color-4)","background-image":"","background-repeat":"repeat","background-position":"center center","background-size":"auto","background-attachment":"scroll","background-type":"","background-media":"","overlay-type":"","overlay-color":"","overlay-opacity":"","overlay-gradient":""},"tablet":{"background-color":"","background-image":"","background-repeat":"repeat","background-position":"center center","background-size":"auto","background-attachment":"scroll","background-type":"","background-media":"","overlay-type":"","overlay-color":"","overlay-opacity":"","overlay-gradient":""},"mobile":{"background-color":"","background-image":"","background-repeat":"repeat","background-position":"center center","background-size":"auto","background-attachment":"scroll","background-type":"","background-media":"","overlay-type":"","overlay-color":"","overlay-opacity":"","overlay-gradient":""}},"ast-content-background-meta":{"desktop":{"background-color":"var(--ast-global-color-5)","background-image":"","background-repeat":"repeat","background-position":"center center","background-size":"auto","background-attachment":"scroll","background-type":"","background-media":"","overlay-type":"","overlay-color":"","overlay-opacity":"","overlay-gradient":""},"tablet":{"background-color":"var(--ast-global-color-5)","background-image":"","background-repeat":"repeat","background-position":"center center","background-size":"auto","background-attachment":"scroll","background-type":"","background-media":"","overlay-type":"","overlay-color":"","overlay-opacity":"","overlay-gradient":""},"mobile":{"background-color":"var(--ast-global-color-5)","background-image":"","background-repeat":"repeat","background-position":"center center","background-size":"auto","background-attachment":"scroll","background-type":"","background-media":"","overlay-type":"","overlay-color":"","overlay-opacity":"","overlay-gradient":""}},"footnotes":""},"class_list":["post-17795","page","type-page","status-publish","hentry"],"yoast_head":"<!-- This site is optimized with the Yoast SEO Premium plugin v27.3 (Yoast SEO v27.5) - https:\/\/yoast.com\/product\/yoast-seo-premium-wordpress\/ -->\n<title>Ruilen &amp; retourneren - NANA BEELDJES<\/title>\n<meta name=\"robots\" content=\"index, follow, max-snippet:-1, max-image-preview:large, max-video-preview:-1\" \/>\n<link rel=\"canonical\" href=\"https:\/\/nanabeeldjes.nl\/fr\/ruilen-retourneren\/\" \/>\n<meta property=\"og:locale\" content=\"fr_FR\" \/>\n<meta property=\"og:type\" content=\"article\" \/>\n<meta property=\"og:title\" content=\"Ruilen &amp; retourneren\" \/>\n<meta property=\"og:description\" content=\"Een koop is pas gesloten op het moment dat jij het artikel hebt gezien en goedgekeurd. Na ontvangst van het artikel heb je 14 dagen lang herroepingsrecht. Je kunt het artikel ruilen of het simpelweg retourneren, omdat je niet tevreden bent met wat je hebt besteld. Voeg bij de retourzending altijd de originele factuur en [&hellip;]\" \/>\n<meta property=\"og:url\" content=\"https:\/\/nanabeeldjes.nl\/fr\/ruilen-retourneren\/\" \/>\n<meta property=\"og:site_name\" content=\"NANA BEELDJES\" \/>\n<meta property=\"article:modified_time\" content=\"2025-02-24T12:59:31+00:00\" \/>\n<meta name=\"twitter:card\" content=\"summary_large_image\" \/>\n<meta name=\"twitter:label1\" content=\"Dur\u00e9e de lecture estim\u00e9e\" \/>\n\t<meta name=\"twitter:data1\" content=\"1 minute\" \/>\n<script type=\"application\/ld+json\" class=\"yoast-schema-graph\">{\"@context\":\"https:\\\/\\\/schema.org\",\"@graph\":[{\"@type\":\"WebPage\",\"@id\":\"https:\\\/\\\/nanabeeldjes.nl\\\/ruilen-retourneren\\\/\",\"url\":\"https:\\\/\\\/nanabeeldjes.nl\\\/ruilen-retourneren\\\/\",\"name\":\"Ruilen &amp; retourneren - NANA BEELDJES\",\"isPartOf\":{\"@id\":\"https:\\\/\\\/nanabeeldjes.nl\\\/#website\"},\"datePublished\":\"2024-11-21T23:02:46+00:00\",\"dateModified\":\"2025-02-24T12:59:31+00:00\",\"breadcrumb\":{\"@id\":\"https:\\\/\\\/nanabeeldjes.nl\\\/ruilen-retourneren\\\/#breadcrumb\"},\"inLanguage\":\"fr-FR\",\"potentialAction\":[{\"@type\":\"ReadAction\",\"target\":[\"https:\\\/\\\/nanabeeldjes.nl\\\/ruilen-retourneren\\\/\"]}]},{\"@type\":\"BreadcrumbList\",\"@id\":\"https:\\\/\\\/nanabeeldjes.nl\\\/ruilen-retourneren\\\/#breadcrumb\",\"itemListElement\":[{\"@type\":\"ListItem\",\"position\":1,\"name\":\"Home\",\"item\":\"https:\\\/\\\/nanabeeldjes.nl\\\/\"},{\"@type\":\"ListItem\",\"position\":2,\"name\":\"Ruilen &amp; retourneren\"}]},{\"@type\":\"WebSite\",\"@id\":\"https:\\\/\\\/nanabeeldjes.nl\\\/#website\",\"url\":\"https:\\\/\\\/nanabeeldjes.nl\\\/\",\"name\":\"NANA BEELDJES\",\"description\":\"Unieke creatieve schilderpakketten\",\"publisher\":{\"@id\":\"https:\\\/\\\/nanabeeldjes.nl\\\/#organization\"},\"potentialAction\":[{\"@type\":\"SearchAction\",\"target\":{\"@type\":\"EntryPoint\",\"urlTemplate\":\"https:\\\/\\\/nanabeeldjes.nl\\\/?s={search_term_string}\"},\"query-input\":{\"@type\":\"PropertyValueSpecification\",\"valueRequired\":true,\"valueName\":\"search_term_string\"}}],\"inLanguage\":\"fr-FR\"},{\"@type\":\"Organization\",\"@id\":\"https:\\\/\\\/nanabeeldjes.nl\\\/#organization\",\"name\":\"NANA BEELDJES\",\"url\":\"https:\\\/\\\/nanabeeldjes.nl\\\/\",\"logo\":{\"@type\":\"ImageObject\",\"inLanguage\":\"fr-FR\",\"@id\":\"https:\\\/\\\/nanabeeldjes.nl\\\/#\\\/schema\\\/logo\\\/image\\\/\",\"url\":\"https:\\\/\\\/nanabeeldjes.nl\\\/wp-content\\\/uploads\\\/2024\\\/11\\\/cropped-nana_beeldjes_logo.png\",\"contentUrl\":\"https:\\\/\\\/nanabeeldjes.nl\\\/wp-content\\\/uploads\\\/2024\\\/11\\\/cropped-nana_beeldjes_logo.png\",\"width\":921,\"height\":111,\"caption\":\"NANA BEELDJES\"},\"image\":{\"@id\":\"https:\\\/\\\/nanabeeldjes.nl\\\/#\\\/schema\\\/logo\\\/image\\\/\"}}]}<\/script>\n<!-- \/ Yoast SEO Premium plugin. -->","yoast_head_json":{"title":"Ruilen &amp; retourneren - NANA BEELDJES","robots":{"index":"index","follow":"follow","max-snippet":"max-snippet:-1","max-image-preview":"max-image-preview:large","max-video-preview":"max-video-preview:-1"},"canonical":"https:\/\/nanabeeldjes.nl\/fr\/ruilen-retourneren\/","og_locale":"fr_FR","og_type":"article","og_title":"Ruilen &amp; retourneren","og_description":"Een koop is pas gesloten op het moment dat jij het artikel hebt gezien en goedgekeurd. Na ontvangst van het artikel heb je 14 dagen lang herroepingsrecht. Je kunt het artikel ruilen of het simpelweg retourneren, omdat je niet tevreden bent met wat je hebt besteld. Voeg bij de retourzending altijd de originele factuur en [&hellip;]","og_url":"https:\/\/nanabeeldjes.nl\/fr\/ruilen-retourneren\/","og_site_name":"NANA BEELDJES","article_modified_time":"2025-02-24T12:59:31+00:00","twitter_card":"summary_large_image","twitter_misc":{"Dur\u00e9e de lecture estim\u00e9e":"1 minute"},"schema":{"@context":"https:\/\/schema.org","@graph":[{"@type":"WebPage","@id":"https:\/\/nanabeeldjes.nl\/ruilen-retourneren\/","url":"https:\/\/nanabeeldjes.nl\/ruilen-retourneren\/","name":"Ruilen &amp; retourneren - NANA BEELDJES","isPartOf":{"@id":"https:\/\/nanabeeldjes.nl\/#website"},"datePublished":"2024-11-21T23:02:46+00:00","dateModified":"2025-02-24T12:59:31+00:00","breadcrumb":{"@id":"https:\/\/nanabeeldjes.nl\/ruilen-retourneren\/#breadcrumb"},"inLanguage":"fr-FR","potentialAction":[{"@type":"ReadAction","target":["https:\/\/nanabeeldjes.nl\/ruilen-retourneren\/"]}]},{"@type":"BreadcrumbList","@id":"https:\/\/nanabeeldjes.nl\/ruilen-retourneren\/#breadcrumb","itemListElement":[{"@type":"ListItem","position":1,"name":"Home","item":"https:\/\/nanabeeldjes.nl\/"},{"@type":"ListItem","position":2,"name":"Ruilen &amp; retourneren"}]},{"@type":"WebSite","@id":"https:\/\/nanabeeldjes.nl\/#website","url":"https:\/\/nanabeeldjes.nl\/","name":"FIGURINES NANA","description":"Unieke creatieve schilderpakketten","publisher":{"@id":"https:\/\/nanabeeldjes.nl\/#organization"},"potentialAction":[{"@type":"SearchAction","target":{"@type":"EntryPoint","urlTemplate":"https:\/\/nanabeeldjes.nl\/?s={search_term_string}"},"query-input":{"@type":"PropertyValueSpecification","valueRequired":true,"valueName":"search_term_string"}}],"inLanguage":"fr-FR"},{"@type":"Organization","@id":"https:\/\/nanabeeldjes.nl\/#organization","name":"FIGURINES NANA","url":"https:\/\/nanabeeldjes.nl\/","logo":{"@type":"ImageObject","inLanguage":"fr-FR","@id":"https:\/\/nanabeeldjes.nl\/#\/schema\/logo\/image\/","url":"https:\/\/nanabeeldjes.nl\/wp-content\/uploads\/2024\/11\/cropped-nana_beeldjes_logo.png","contentUrl":"https:\/\/nanabeeldjes.nl\/wp-content\/uploads\/2024\/11\/cropped-nana_beeldjes_logo.png","width":921,"height":111,"caption":"NANA BEELDJES"},"image":{"@id":"https:\/\/nanabeeldjes.nl\/#\/schema\/logo\/image\/"}}]}},"_links":{"self":[{"href":"https:\/\/nanabeeldjes.nl\/fr\/wp-json\/wp\/v2\/pages\/17795","targetHints":{"allow":["GET"]}}],"collection":[{"href":"https:\/\/nanabeeldjes.nl\/fr\/wp-json\/wp\/v2\/pages"}],"about":[{"href":"https:\/\/nanabeeldjes.nl\/fr\/wp-json\/wp\/v2\/types\/page"}],"author":[{"embeddable":true,"href":"https:\/\/nanabeeldjes.nl\/fr\/wp-json\/wp\/v2\/users\/1"}],"replies":[{"embeddable":true,"href":"https:\/\/nanabeeldjes.nl\/fr\/wp-json\/wp\/v2\/comments?post=17795"}],"version-history":[{"count":27,"href":"https:\/\/nanabeeldjes.nl\/fr\/wp-json\/wp\/v2\/pages\/17795\/revisions"}],"predecessor-version":[{"id":17902,"href":"https:\/\/nanabeeldjes.nl\/fr\/wp-json\/wp\/v2\/pages\/17795\/revisions\/17902"}],"wp:attachment":[{"href":"https:\/\/nanabeeldjes.nl\/fr\/wp-json\/wp\/v2\/media?parent=17795"}],"curies":[{"name":"wp","href":"https:\/\/api.w.org\/{rel}","templated":true}]}}