{"id":3,"date":"2024-03-16T10:26:45","date_gmt":"2024-03-16T10:26:45","guid":{"rendered":"https:\/\/nanabeeldjes.nl\/?page_id=3"},"modified":"2025-02-24T13:36:39","modified_gmt":"2025-02-24T12:36:39","slug":"privacy-policy","status":"publish","type":"page","link":"https:\/\/nanabeeldjes.nl\/fr\/privacy-policy\/","title":{"rendered":"Privacy policy"},"content":{"rendered":"<div data-elementor-type=\"wp-page\" data-elementor-id=\"3\" class=\"elementor elementor-3\" data-elementor-post-type=\"page\">\n\t\t\t\t<div class=\"elementor-element elementor-element-3e6c0678 e-flex e-con-boxed e-con e-parent\" data-id=\"3e6c0678\" data-element_type=\"container\" data-e-type=\"container\">\n\t\t\t\t\t<div class=\"e-con-inner\">\n\t\t\t\t<div class=\"elementor-element elementor-element-5b8bd34b elementor-widget elementor-widget-text-editor\" data-id=\"5b8bd34b\" data-element_type=\"widget\" data-e-type=\"widget\" data-widget_type=\"text-editor.default\">\n\t\t\t\t<div class=\"elementor-widget-container\">\n\t\t\t\t\t\t\t\t\t<p><strong>Politique de confidentialit\u00e9 Artwise<br><\/strong>En utilisant ce site web, vous acceptez notre politique de confidentialit\u00e9. Parce que votre vie priv\u00e9e est importante, nous expliquons clairement ici comment vos donn\u00e9es personnelles sont trait\u00e9es lorsque vous utilisez notre service.&nbsp;<span style=\"font-style: inherit; font-weight: inherit; text-align: var(--text-align);\">Si vous avez encore des questions apr\u00e8s avoir lu ce document, nous serions heureux de les conna\u00eetre. Vous trouverez nos coordonn\u00e9es au bas de cette page.<\/span><\/p>\n<p><span style=\"font-style: inherit; font-weight: inherit; text-align: var(--text-align);\">&nbsp;<\/span><\/p>\n<p><strong>Donn\u00e9es personnelles<br><\/strong>Artwise traite vos donn\u00e9es personnelles avec soin. Lorsque vous cr\u00e9ez un compte chez nous, nous vous demandons de remplir, entre autres, votre nom, votre adresse e-mail, vos coordonn\u00e9es et (si elles sont diff\u00e9rentes) les coordonn\u00e9es de votre facture. Nous utilisons ces donn\u00e9es pour vous envoyer les articles command\u00e9s et la facture et pour vous donner des instructions suppl\u00e9mentaires sur la cr\u00e9ation de votre compte Artwise. Vos donn\u00e9es personnelles seront trait\u00e9es avec soin et de mani\u00e8re confidentielle par Artwise et ne seront communiqu\u00e9es \u00e0 des tiers que dans le cadre des transactions de paiement et de la livraison. Vous pouvez \u00e9galement indiquer (par exemple lors de la proc\u00e9dure de commande) si vous souhaitez recevoir notre lettre d'information p\u00e9riodique. Vous pouvez toutefois vous d\u00e9sabonner \u00e0 tout moment si vous n'\u00eates pas int\u00e9ress\u00e9 par notre lettre d'information. Un bouton de d\u00e9sinscription se trouve au bas de chaque lettre d'information.&nbsp;<span style=\"font-style: inherit; font-weight: inherit; text-align: var(--text-align);\">Si vous souhaitez modifier vos donn\u00e9es ou vous faire radier de nos fichiers, veuillez nous contacter. Voir les coordonn\u00e9es ci-dessous.&nbsp;<\/span><span style=\"font-style: inherit; font-weight: inherit; text-align: var(--text-align);\">Votre inscription chez nous se fait via https:\/\/, ce qui signifie qu'elle se fait par le biais d'une connexion s\u00e9curis\u00e9e avec nous. Nous ne pouvons pas voir votre mot de passe. Les donn\u00e9es que nous partageons avec les services de paiement et de livraison sont \u00e9galement transmises via la m\u00eame connexion s\u00e9curis\u00e9e.<\/span><\/p>\n<p><span style=\"font-style: inherit; font-weight: inherit; text-align: var(--text-align);\">&nbsp;<\/span><\/p>\n<p><strong>Donn\u00e9es personnelles et tiers<br><\/strong>Vos donn\u00e9es personnelles ne seront pas communiqu\u00e9es \u00e0 des tiers sans votre consentement explicite.&nbsp;<span style=\"font-style: inherit; font-weight: inherit; text-align: var(--text-align);\">Le personnel et les partenaires sont tenus de respecter la confidentialit\u00e9 de vos donn\u00e9es.<\/span><\/p>\t\t\t\t\t\t\t\t<\/div>\n\t\t\t\t<\/div>\n\t\t\t\t\t<\/div>\n\t\t\t\t<\/div>\n\t\t\t\t<\/div>","protected":false},"excerpt":{"rendered":"<p>Privacybeleid ArtwiseDoor gebruik te maken van deze website geef je aan ons privacy beleid te accepteren. Omdat jouw privacy belangrijk is, leggen wij hier duidelijk uit hoe je persoonsgegevens worden verwerkt als je gebruik maakt van onze dienst.&nbsp;Wanneer je na het lezen van dit schrijven nog steeds vragen hebt, vernemen wij dat graag. Zie hiervoor [&hellip;]<\/p>","protected":false},"author":1,"featured_media":0,"parent":0,"menu_order":0,"comment_status":"closed","ping_status":"open","template":"","meta":{"site-sidebar-layout":"default","site-content-layout":"","ast-site-content-layout":"default","site-content-style":"default","site-sidebar-style":"default","ast-global-header-display":"","ast-banner-title-visibility":"","ast-main-header-display":"","ast-hfb-above-header-display":"","ast-hfb-below-header-display":"","ast-hfb-mobile-header-display":"","site-post-title":"","ast-breadcrumbs-content":"","ast-featured-img":"","footer-sml-layout":"","ast-disable-related-posts":"","theme-transparent-header-meta":"","adv-header-id-meta":"","stick-header-meta":"","header-above-stick-meta":"","header-main-stick-meta":"","header-below-stick-meta":"","astra-migrate-meta-layouts":"set","ast-page-background-enabled":"default","ast-page-background-meta":{"desktop":{"background-color":"var(--ast-global-color-4)","background-image":"","background-repeat":"repeat","background-position":"center center","background-size":"auto","background-attachment":"scroll","background-type":"","background-media":"","overlay-type":"","overlay-color":"","overlay-opacity":"","overlay-gradient":""},"tablet":{"background-color":"","background-image":"","background-repeat":"repeat","background-position":"center center","background-size":"auto","background-attachment":"scroll","background-type":"","background-media":"","overlay-type":"","overlay-color":"","overlay-opacity":"","overlay-gradient":""},"mobile":{"background-color":"","background-image":"","background-repeat":"repeat","background-position":"center center","background-size":"auto","background-attachment":"scroll","background-type":"","background-media":"","overlay-type":"","overlay-color":"","overlay-opacity":"","overlay-gradient":""}},"ast-content-background-meta":{"desktop":{"background-color":"var(--ast-global-color-5)","background-image":"","background-repeat":"repeat","background-position":"center center","background-size":"auto","background-attachment":"scroll","background-type":"","background-media":"","overlay-type":"","overlay-color":"","overlay-opacity":"","overlay-gradient":""},"tablet":{"background-color":"var(--ast-global-color-5)","background-image":"","background-repeat":"repeat","background-position":"center center","background-size":"auto","background-attachment":"scroll","background-type":"","background-media":"","overlay-type":"","overlay-color":"","overlay-opacity":"","overlay-gradient":""},"mobile":{"background-color":"var(--ast-global-color-5)","background-image":"","background-repeat":"repeat","background-position":"center center","background-size":"auto","background-attachment":"scroll","background-type":"","background-media":"","overlay-type":"","overlay-color":"","overlay-opacity":"","overlay-gradient":""}},"footnotes":""},"class_list":["post-3","page","type-page","status-publish","hentry"],"yoast_head":"<!-- This site is optimized with the Yoast SEO Premium plugin v27.3 (Yoast SEO v27.5) - https:\/\/yoast.com\/product\/yoast-seo-premium-wordpress\/ -->\n<title>Privacy policy - NANA BEELDJES<\/title>\n<meta name=\"robots\" content=\"index, follow, max-snippet:-1, max-image-preview:large, max-video-preview:-1\" \/>\n<link rel=\"canonical\" href=\"https:\/\/nanabeeldjes.nl\/fr\/privacy-policy\/\" \/>\n<meta property=\"og:locale\" content=\"fr_FR\" \/>\n<meta property=\"og:type\" content=\"article\" \/>\n<meta property=\"og:title\" content=\"Privacy policy\" \/>\n<meta property=\"og:description\" content=\"Privacybeleid ArtwiseDoor gebruik te maken van deze website geef je aan ons privacy beleid te accepteren. Omdat jouw privacy belangrijk is, leggen wij hier duidelijk uit hoe je persoonsgegevens worden verwerkt als je gebruik maakt van onze dienst.&nbsp;Wanneer je na het lezen van dit schrijven nog steeds vragen hebt, vernemen wij dat graag. Zie hiervoor [&hellip;]\" \/>\n<meta property=\"og:url\" content=\"https:\/\/nanabeeldjes.nl\/fr\/privacy-policy\/\" \/>\n<meta property=\"og:site_name\" content=\"NANA BEELDJES\" \/>\n<meta property=\"article:modified_time\" content=\"2025-02-24T12:36:39+00:00\" \/>\n<meta name=\"twitter:card\" content=\"summary_large_image\" \/>\n<meta name=\"twitter:label1\" content=\"Dur\u00e9e de lecture estim\u00e9e\" \/>\n\t<meta name=\"twitter:data1\" content=\"2 minutes\" \/>\n<script type=\"application\/ld+json\" class=\"yoast-schema-graph\">{\"@context\":\"https:\\\/\\\/schema.org\",\"@graph\":[{\"@type\":\"WebPage\",\"@id\":\"https:\\\/\\\/nanabeeldjes.nl\\\/privacy-policy\\\/\",\"url\":\"https:\\\/\\\/nanabeeldjes.nl\\\/privacy-policy\\\/\",\"name\":\"Privacy policy - NANA BEELDJES\",\"isPartOf\":{\"@id\":\"https:\\\/\\\/nanabeeldjes.nl\\\/#website\"},\"datePublished\":\"2024-03-16T10:26:45+00:00\",\"dateModified\":\"2025-02-24T12:36:39+00:00\",\"breadcrumb\":{\"@id\":\"https:\\\/\\\/nanabeeldjes.nl\\\/privacy-policy\\\/#breadcrumb\"},\"inLanguage\":\"fr-FR\",\"potentialAction\":[{\"@type\":\"ReadAction\",\"target\":[\"https:\\\/\\\/nanabeeldjes.nl\\\/privacy-policy\\\/\"]}]},{\"@type\":\"BreadcrumbList\",\"@id\":\"https:\\\/\\\/nanabeeldjes.nl\\\/privacy-policy\\\/#breadcrumb\",\"itemListElement\":[{\"@type\":\"ListItem\",\"position\":1,\"name\":\"Home\",\"item\":\"https:\\\/\\\/nanabeeldjes.nl\\\/\"},{\"@type\":\"ListItem\",\"position\":2,\"name\":\"Privacy policy\"}]},{\"@type\":\"WebSite\",\"@id\":\"https:\\\/\\\/nanabeeldjes.nl\\\/#website\",\"url\":\"https:\\\/\\\/nanabeeldjes.nl\\\/\",\"name\":\"NANA BEELDJES\",\"description\":\"Unieke creatieve schilderpakketten\",\"publisher\":{\"@id\":\"https:\\\/\\\/nanabeeldjes.nl\\\/#organization\"},\"potentialAction\":[{\"@type\":\"SearchAction\",\"target\":{\"@type\":\"EntryPoint\",\"urlTemplate\":\"https:\\\/\\\/nanabeeldjes.nl\\\/?s={search_term_string}\"},\"query-input\":{\"@type\":\"PropertyValueSpecification\",\"valueRequired\":true,\"valueName\":\"search_term_string\"}}],\"inLanguage\":\"fr-FR\"},{\"@type\":\"Organization\",\"@id\":\"https:\\\/\\\/nanabeeldjes.nl\\\/#organization\",\"name\":\"NANA BEELDJES\",\"url\":\"https:\\\/\\\/nanabeeldjes.nl\\\/\",\"logo\":{\"@type\":\"ImageObject\",\"inLanguage\":\"fr-FR\",\"@id\":\"https:\\\/\\\/nanabeeldjes.nl\\\/#\\\/schema\\\/logo\\\/image\\\/\",\"url\":\"https:\\\/\\\/nanabeeldjes.nl\\\/wp-content\\\/uploads\\\/2024\\\/11\\\/cropped-nana_beeldjes_logo.png\",\"contentUrl\":\"https:\\\/\\\/nanabeeldjes.nl\\\/wp-content\\\/uploads\\\/2024\\\/11\\\/cropped-nana_beeldjes_logo.png\",\"width\":921,\"height\":111,\"caption\":\"NANA BEELDJES\"},\"image\":{\"@id\":\"https:\\\/\\\/nanabeeldjes.nl\\\/#\\\/schema\\\/logo\\\/image\\\/\"}}]}<\/script>\n<!-- \/ Yoast SEO Premium plugin. -->","yoast_head_json":{"title":"Privacy policy - NANA BEELDJES","robots":{"index":"index","follow":"follow","max-snippet":"max-snippet:-1","max-image-preview":"max-image-preview:large","max-video-preview":"max-video-preview:-1"},"canonical":"https:\/\/nanabeeldjes.nl\/fr\/privacy-policy\/","og_locale":"fr_FR","og_type":"article","og_title":"Privacy policy","og_description":"Privacybeleid ArtwiseDoor gebruik te maken van deze website geef je aan ons privacy beleid te accepteren. Omdat jouw privacy belangrijk is, leggen wij hier duidelijk uit hoe je persoonsgegevens worden verwerkt als je gebruik maakt van onze dienst.&nbsp;Wanneer je na het lezen van dit schrijven nog steeds vragen hebt, vernemen wij dat graag. Zie hiervoor [&hellip;]","og_url":"https:\/\/nanabeeldjes.nl\/fr\/privacy-policy\/","og_site_name":"NANA BEELDJES","article_modified_time":"2025-02-24T12:36:39+00:00","twitter_card":"summary_large_image","twitter_misc":{"Dur\u00e9e de lecture estim\u00e9e":"2 minutes"},"schema":{"@context":"https:\/\/schema.org","@graph":[{"@type":"WebPage","@id":"https:\/\/nanabeeldjes.nl\/privacy-policy\/","url":"https:\/\/nanabeeldjes.nl\/privacy-policy\/","name":"Privacy policy - NANA BEELDJES","isPartOf":{"@id":"https:\/\/nanabeeldjes.nl\/#website"},"datePublished":"2024-03-16T10:26:45+00:00","dateModified":"2025-02-24T12:36:39+00:00","breadcrumb":{"@id":"https:\/\/nanabeeldjes.nl\/privacy-policy\/#breadcrumb"},"inLanguage":"fr-FR","potentialAction":[{"@type":"ReadAction","target":["https:\/\/nanabeeldjes.nl\/privacy-policy\/"]}]},{"@type":"BreadcrumbList","@id":"https:\/\/nanabeeldjes.nl\/privacy-policy\/#breadcrumb","itemListElement":[{"@type":"ListItem","position":1,"name":"Home","item":"https:\/\/nanabeeldjes.nl\/"},{"@type":"ListItem","position":2,"name":"Privacy policy"}]},{"@type":"WebSite","@id":"https:\/\/nanabeeldjes.nl\/#website","url":"https:\/\/nanabeeldjes.nl\/","name":"FIGURINES NANA","description":"Unieke creatieve schilderpakketten","publisher":{"@id":"https:\/\/nanabeeldjes.nl\/#organization"},"potentialAction":[{"@type":"SearchAction","target":{"@type":"EntryPoint","urlTemplate":"https:\/\/nanabeeldjes.nl\/?s={search_term_string}"},"query-input":{"@type":"PropertyValueSpecification","valueRequired":true,"valueName":"search_term_string"}}],"inLanguage":"fr-FR"},{"@type":"Organization","@id":"https:\/\/nanabeeldjes.nl\/#organization","name":"FIGURINES NANA","url":"https:\/\/nanabeeldjes.nl\/","logo":{"@type":"ImageObject","inLanguage":"fr-FR","@id":"https:\/\/nanabeeldjes.nl\/#\/schema\/logo\/image\/","url":"https:\/\/nanabeeldjes.nl\/wp-content\/uploads\/2024\/11\/cropped-nana_beeldjes_logo.png","contentUrl":"https:\/\/nanabeeldjes.nl\/wp-content\/uploads\/2024\/11\/cropped-nana_beeldjes_logo.png","width":921,"height":111,"caption":"NANA BEELDJES"},"image":{"@id":"https:\/\/nanabeeldjes.nl\/#\/schema\/logo\/image\/"}}]}},"_links":{"self":[{"href":"https:\/\/nanabeeldjes.nl\/fr\/wp-json\/wp\/v2\/pages\/3","targetHints":{"allow":["GET"]}}],"collection":[{"href":"https:\/\/nanabeeldjes.nl\/fr\/wp-json\/wp\/v2\/pages"}],"about":[{"href":"https:\/\/nanabeeldjes.nl\/fr\/wp-json\/wp\/v2\/types\/page"}],"author":[{"embeddable":true,"href":"https:\/\/nanabeeldjes.nl\/fr\/wp-json\/wp\/v2\/users\/1"}],"replies":[{"embeddable":true,"href":"https:\/\/nanabeeldjes.nl\/fr\/wp-json\/wp\/v2\/comments?post=3"}],"version-history":[{"count":10,"href":"https:\/\/nanabeeldjes.nl\/fr\/wp-json\/wp\/v2\/pages\/3\/revisions"}],"predecessor-version":[{"id":17895,"href":"https:\/\/nanabeeldjes.nl\/fr\/wp-json\/wp\/v2\/pages\/3\/revisions\/17895"}],"wp:attachment":[{"href":"https:\/\/nanabeeldjes.nl\/fr\/wp-json\/wp\/v2\/media?parent=3"}],"curies":[{"name":"wp","href":"https:\/\/api.w.org\/{rel}","templated":true}]}}