{"id":16892,"date":"2024-10-05T12:57:40","date_gmt":"2024-10-05T10:57:40","guid":{"rendered":"https:\/\/nanabeeldjes.nl\/winkel\/niet-gecategoriseerd\/brick-bear-beeldje\/"},"modified":"2025-12-15T00:15:25","modified_gmt":"2025-12-14T23:15:25","slug":"brick-bear-beeldje-diy","status":"publish","type":"product","link":"https:\/\/nanabeeldjes.nl\/fr\/winkel\/brick-bear-beeldjes\/brick-bear-beeldje-diy\/","title":{"rendered":"Figurine Brick Bear DIY"},"content":{"rendered":"<p>Avec cette figurine Brick-bear, vous pouvez laisser libre cours \u00e0 votre cr\u00e9ativit\u00e9 chez vous et peindre une figurine unique en un rien de temps. Vous cr\u00e9ez ainsi votre propre \u0153uvre d'art unique. Organisez par exemple un atelier \u00e0 domicile avec vos amis, vos amies ou votre famille, ou lancez-vous seul(e).<\/p>\n<p>&nbsp;<\/p>\n<p>Vous aimez passer un apr\u00e8s-midi ou une soir\u00e9e \u00e0 faire preuve de cr\u00e9ativit\u00e9 ? Mais vous ne savez pas par o\u00f9 commencer, o\u00f9 trouver le mat\u00e9riel n\u00e9cessaire ou comment r\u00e9aliser le produit ? Ou vous aimeriez essayer un nouveau loisir cr\u00e9atif, mais vous ne voulez pas acheter tout de suite tout le mat\u00e9riel n\u00e9cessaire ? Alors le kit \u00e0 faire soi-m\u00eame de Nanabeeldjes.nl est fait pour vous.<\/p>\n<p>&nbsp;<\/p>\n<p><i>Cadeau cr\u00e9atif, figurines \u00e0 peindre soi-m\u00eame, kit de bricolage DIY pour adultes, kit DIY pour adultes, kit \u00e0 faire soi-m\u00eame, cr\u00e9er une \u0153uvre d'art, osez cr\u00e9er, artwise, peindre un brick bear, brick bear, peindre un ourson, ours, \u0153uvre d'art repr\u00e9sentant un ourson, figurine unique \u00e0 peindre soi-m\u00eame, joli cadeau artistique.<\/i><\/p>","protected":false},"excerpt":{"rendered":"<p>Peignez d\u00e8s maintenant votre propre figurine Brick Bear unique !<span class=\"\\&quot;Apple-converted-space\\&quot;\">\u00a0<\/span>Cr\u00e9ez un magnifique motif pour cette figurine non peinte. La figurine est fabriqu\u00e9e en polystone solide avec une belle surface lisse et mesure 16-18 cm de haut x 6-8 cm de large. \u00c0 la maison, utilisez de la peinture acrylique et cr\u00e9ez votre propre motif unique. En un rien de temps, vous r\u00e9aliserez votre propre \u0153uvre d'art unique ! Id\u00e9al comme cadeau ou comme magnifique objet de d\u00e9coration dans votre maison.<\/p>","protected":false},"featured_media":17449,"comment_status":"closed","ping_status":"closed","template":"","meta":{"site-sidebar-layout":"default","site-content-layout":"default","ast-site-content-layout":"default","site-content-style":"default","site-sidebar-style":"default","ast-global-header-display":"","ast-banner-title-visibility":"","ast-main-header-display":"","ast-hfb-above-header-display":"","ast-hfb-below-header-display":"","ast-hfb-mobile-header-display":"","site-post-title":"","ast-breadcrumbs-content":"","ast-featured-img":"","footer-sml-layout":"","ast-disable-related-posts":"","theme-transparent-header-meta":"default","adv-header-id-meta":"","stick-header-meta":"default","header-above-stick-meta":"","header-main-stick-meta":"","header-below-stick-meta":"","astra-migrate-meta-layouts":"set","ast-page-background-enabled":"default","ast-page-background-meta":{"desktop":{"background-color":"var(--ast-global-color-4)","background-image":"","background-repeat":"repeat","background-position":"center center","background-size":"auto","background-attachment":"scroll","background-type":"","background-media":"","overlay-type":"","overlay-color":"","overlay-opacity":"","overlay-gradient":""},"tablet":{"background-color":"","background-image":"","background-repeat":"repeat","background-position":"center center","background-size":"auto","background-attachment":"scroll","background-type":"","background-media":"","overlay-type":"","overlay-color":"","overlay-opacity":"","overlay-gradient":""},"mobile":{"background-color":"","background-image":"","background-repeat":"repeat","background-position":"center center","background-size":"auto","background-attachment":"scroll","background-type":"","background-media":"","overlay-type":"","overlay-color":"","overlay-opacity":"","overlay-gradient":""}},"ast-content-background-meta":{"desktop":{"background-color":"var(--ast-global-color-5)","background-image":"","background-repeat":"repeat","background-position":"center center","background-size":"auto","background-attachment":"scroll","background-type":"","background-media":"","overlay-type":"","overlay-color":"","overlay-opacity":"","overlay-gradient":""},"tablet":{"background-color":"var(--ast-global-color-5)","background-image":"","background-repeat":"repeat","background-position":"center center","background-size":"auto","background-attachment":"scroll","background-type":"","background-media":"","overlay-type":"","overlay-color":"","overlay-opacity":"","overlay-gradient":""},"mobile":{"background-color":"var(--ast-global-color-5)","background-image":"","background-repeat":"repeat","background-position":"center center","background-size":"auto","background-attachment":"scroll","background-type":"","background-media":"","overlay-type":"","overlay-color":"","overlay-opacity":"","overlay-gradient":""}}},"product_brand":[],"product_cat":[72,30,55],"product_tag":[70,71],"class_list":{"0":"post-16892","1":"product","2":"type-product","3":"status-publish","4":"has-post-thumbnail","6":"product_cat-brick-bear-beeldjes","7":"product_cat-cadeau-tips","8":"product_cat-knutselmaterialen","9":"product_tag-beer-beeldje","10":"product_tag-brick-bear-beeldje","11":"product_shipping_class-pakket","12":"desktop-align-left","13":"tablet-align-left","14":"mobile-align-left","15":"ast-product-gallery-layout-horizontal-slider","16":"ast-product-tabs-layout-horizontal","18":"first","19":"instock","20":"featured","21":"downloadable","22":"taxable","23":"shipping-taxable","24":"purchasable","25":"product-type-simple"},"yoast_head":"<!-- This site is optimized with the Yoast SEO Premium plugin v27.3 (Yoast SEO v27.5) - https:\/\/yoast.com\/product\/yoast-seo-premium-wordpress\/ -->\n<title>Brick Bear Beeldje van Nanabeeldjes.nl<\/title>\n<meta name=\"description\" content=\"Dit DIY Brick Bear beeldje is zo ontwikkeld dat je kan het beschilderen naar je eigen smaak. Cre\u00eber in no time een uniek kunstwerk!\" \/>\n<meta name=\"robots\" content=\"index, follow, max-snippet:-1, max-image-preview:large, max-video-preview:-1\" \/>\n<link rel=\"canonical\" href=\"https:\/\/nanabeeldjes.nl\/fr\/winkel\/cadeau-tips\/brick-bear-beeldje-diy\/\" \/>\n<meta property=\"og:locale\" content=\"fr_FR\" \/>\n<meta property=\"og:type\" content=\"article\" \/>\n<meta property=\"og:title\" content=\"Dikke dame beeldjes los\" \/>\n<meta property=\"og:description\" content=\"Dit polystone Dikke Dame beeldjes los 20 cm met kun je beschilderen naar je eigen smaak. Met mooie kortingen voor ateliers en grote groepen.\" \/>\n<meta property=\"og:url\" content=\"https:\/\/nanabeeldjes.nl\/fr\/winkel\/cadeau-tips\/brick-bear-beeldje-diy\/\" \/>\n<meta property=\"og:site_name\" content=\"NANA BEELDJES\" \/>\n<meta property=\"article:modified_time\" content=\"2025-12-14T23:15:25+00:00\" \/>\n<meta name=\"twitter:card\" content=\"summary_large_image\" \/>\n<meta name=\"twitter:title\" content=\"Brick Bear Beeldje DIY\" \/>\n<meta name=\"twitter:image\" content=\"https:\/\/nanabeeldjes.nl\/wp-content\/uploads\/2024\/11\/brick_bear_beeldje_artwise_01.webp\" \/>\n<meta name=\"twitter:label1\" content=\"Prix\" \/>\n\t<meta name=\"twitter:data1\" content=\"&euro;&nbsp;24,95\" \/>\n\t<meta name=\"twitter:label2\" content=\"Disponibilit\u00e9\" \/>\n\t<meta name=\"twitter:data2\" content=\"En stock\" \/>\n<script type=\"application\/ld+json\" class=\"yoast-schema-graph\">{\"@context\":\"https:\\\/\\\/schema.org\",\"@graph\":[{\"@type\":[\"WebPage\",\"ItemPage\"],\"@id\":\"https:\\\/\\\/nanabeeldjes.nl\\\/winkel\\\/cadeau-tips\\\/brick-bear-beeldje-diy\\\/\",\"url\":\"https:\\\/\\\/nanabeeldjes.nl\\\/winkel\\\/cadeau-tips\\\/brick-bear-beeldje-diy\\\/\",\"name\":\"Brick Bear Beeldje van Nanabeeldjes.nl\",\"isPartOf\":{\"@id\":\"https:\\\/\\\/nanabeeldjes.nl\\\/#website\"},\"primaryImageOfPage\":{\"@id\":\"https:\\\/\\\/nanabeeldjes.nl\\\/winkel\\\/cadeau-tips\\\/brick-bear-beeldje-diy\\\/#primaryimage\"},\"image\":{\"@id\":\"https:\\\/\\\/nanabeeldjes.nl\\\/winkel\\\/cadeau-tips\\\/brick-bear-beeldje-diy\\\/#primaryimage\"},\"thumbnailUrl\":\"https:\\\/\\\/nanabeeldjes.nl\\\/wp-content\\\/uploads\\\/2024\\\/11\\\/brick_bear_beeldje_artwise_01.webp\",\"datePublished\":\"2024-10-05T10:57:40+00:00\",\"dateModified\":\"2025-12-14T23:15:25+00:00\",\"description\":\"Dit DIY Brick Bear beeldje is zo ontwikkeld dat je kan het beschilderen naar je eigen smaak. Cre\u00eber in no time een uniek kunstwerk!\",\"breadcrumb\":{\"@id\":\"https:\\\/\\\/nanabeeldjes.nl\\\/winkel\\\/cadeau-tips\\\/brick-bear-beeldje-diy\\\/#breadcrumb\"},\"inLanguage\":\"fr-FR\",\"potentialAction\":[{\"@type\":\"ReadAction\",\"target\":[\"https:\\\/\\\/nanabeeldjes.nl\\\/winkel\\\/cadeau-tips\\\/brick-bear-beeldje-diy\\\/\"]}]},{\"@type\":\"ImageObject\",\"inLanguage\":\"fr-FR\",\"@id\":\"https:\\\/\\\/nanabeeldjes.nl\\\/winkel\\\/cadeau-tips\\\/brick-bear-beeldje-diy\\\/#primaryimage\",\"url\":\"https:\\\/\\\/nanabeeldjes.nl\\\/wp-content\\\/uploads\\\/2024\\\/11\\\/brick_bear_beeldje_artwise_01.webp\",\"contentUrl\":\"https:\\\/\\\/nanabeeldjes.nl\\\/wp-content\\\/uploads\\\/2024\\\/11\\\/brick_bear_beeldje_artwise_01.webp\",\"width\":1080,\"height\":1080},{\"@type\":\"BreadcrumbList\",\"@id\":\"https:\\\/\\\/nanabeeldjes.nl\\\/winkel\\\/cadeau-tips\\\/brick-bear-beeldje-diy\\\/#breadcrumb\",\"itemListElement\":[{\"@type\":\"ListItem\",\"position\":1,\"name\":\"Home\",\"item\":\"https:\\\/\\\/nanabeeldjes.nl\\\/\"},{\"@type\":\"ListItem\",\"position\":2,\"name\":\"Shop\",\"item\":\"https:\\\/\\\/nanabeeldjes.nl\\\/shop\\\/\"},{\"@type\":\"ListItem\",\"position\":3,\"name\":\"Brick Bear Beeldje DIY\"}]},{\"@type\":\"WebSite\",\"@id\":\"https:\\\/\\\/nanabeeldjes.nl\\\/#website\",\"url\":\"https:\\\/\\\/nanabeeldjes.nl\\\/\",\"name\":\"NANA BEELDJES\",\"description\":\"Unieke creatieve schilderpakketten\",\"publisher\":{\"@id\":\"https:\\\/\\\/nanabeeldjes.nl\\\/#organization\"},\"potentialAction\":[{\"@type\":\"SearchAction\",\"target\":{\"@type\":\"EntryPoint\",\"urlTemplate\":\"https:\\\/\\\/nanabeeldjes.nl\\\/?s={search_term_string}\"},\"query-input\":{\"@type\":\"PropertyValueSpecification\",\"valueRequired\":true,\"valueName\":\"search_term_string\"}}],\"inLanguage\":\"fr-FR\"},{\"@type\":\"Organization\",\"@id\":\"https:\\\/\\\/nanabeeldjes.nl\\\/#organization\",\"name\":\"NANA BEELDJES\",\"url\":\"https:\\\/\\\/nanabeeldjes.nl\\\/\",\"logo\":{\"@type\":\"ImageObject\",\"inLanguage\":\"fr-FR\",\"@id\":\"https:\\\/\\\/nanabeeldjes.nl\\\/#\\\/schema\\\/logo\\\/image\\\/\",\"url\":\"https:\\\/\\\/nanabeeldjes.nl\\\/wp-content\\\/uploads\\\/2024\\\/11\\\/cropped-nana_beeldjes_logo.png\",\"contentUrl\":\"https:\\\/\\\/nanabeeldjes.nl\\\/wp-content\\\/uploads\\\/2024\\\/11\\\/cropped-nana_beeldjes_logo.png\",\"width\":921,\"height\":111,\"caption\":\"NANA BEELDJES\"},\"image\":{\"@id\":\"https:\\\/\\\/nanabeeldjes.nl\\\/#\\\/schema\\\/logo\\\/image\\\/\"}}]}<\/script>\n<meta property=\"product:price:amount\" content=\"24.95\" \/>\n<meta property=\"product:price:currency\" content=\"EUR\" \/>\n<meta property=\"og:availability\" content=\"instock\" \/>\n<meta property=\"product:availability\" content=\"instock\" \/>\n<meta property=\"product:retailer_item_id\" content=\"nana-brick-bear-los\" \/>\n<meta property=\"product:condition\" content=\"new\" \/>\n<!-- \/ Yoast SEO Premium plugin. -->","yoast_head_json":{"title":"Brick Bear Beeldje van Nanabeeldjes.nl","description":"Dit DIY Brick Bear beeldje is zo ontwikkeld dat je kan het beschilderen naar je eigen smaak. Cre\u00eber in no time een uniek kunstwerk!","robots":{"index":"index","follow":"follow","max-snippet":"max-snippet:-1","max-image-preview":"max-image-preview:large","max-video-preview":"max-video-preview:-1"},"canonical":"https:\/\/nanabeeldjes.nl\/fr\/winkel\/cadeau-tips\/brick-bear-beeldje-diy\/","og_locale":"fr_FR","og_type":"article","og_title":"Dikke dame beeldjes los","og_description":"Dit polystone Dikke Dame beeldjes los 20 cm met kun je beschilderen naar je eigen smaak. Met mooie kortingen voor ateliers en grote groepen.","og_url":"https:\/\/nanabeeldjes.nl\/fr\/winkel\/cadeau-tips\/brick-bear-beeldje-diy\/","og_site_name":"NANA BEELDJES","article_modified_time":"2025-12-14T23:15:25+00:00","twitter_card":"summary_large_image","twitter_title":"Brick Bear Beeldje DIY","twitter_image":"https:\/\/nanabeeldjes.nl\/wp-content\/uploads\/2024\/11\/brick_bear_beeldje_artwise_01.webp","twitter_misc":{"Prix":"&euro;&nbsp;24,95","Disponibilit\u00e9":"En stock"},"schema":{"@context":"https:\/\/schema.org","@graph":[{"@type":["WebPage","ItemPage"],"@id":"https:\/\/nanabeeldjes.nl\/winkel\/cadeau-tips\/brick-bear-beeldje-diy\/","url":"https:\/\/nanabeeldjes.nl\/winkel\/cadeau-tips\/brick-bear-beeldje-diy\/","name":"Brick Bear Beeldje van Nanabeeldjes.nl","isPartOf":{"@id":"https:\/\/nanabeeldjes.nl\/#website"},"primaryImageOfPage":{"@id":"https:\/\/nanabeeldjes.nl\/winkel\/cadeau-tips\/brick-bear-beeldje-diy\/#primaryimage"},"image":{"@id":"https:\/\/nanabeeldjes.nl\/winkel\/cadeau-tips\/brick-bear-beeldje-diy\/#primaryimage"},"thumbnailUrl":"https:\/\/nanabeeldjes.nl\/wp-content\/uploads\/2024\/11\/brick_bear_beeldje_artwise_01.webp","datePublished":"2024-10-05T10:57:40+00:00","dateModified":"2025-12-14T23:15:25+00:00","description":"Dit DIY Brick Bear beeldje is zo ontwikkeld dat je kan het beschilderen naar je eigen smaak. Cre\u00eber in no time een uniek kunstwerk!","breadcrumb":{"@id":"https:\/\/nanabeeldjes.nl\/winkel\/cadeau-tips\/brick-bear-beeldje-diy\/#breadcrumb"},"inLanguage":"fr-FR","potentialAction":[{"@type":"ReadAction","target":["https:\/\/nanabeeldjes.nl\/winkel\/cadeau-tips\/brick-bear-beeldje-diy\/"]}]},{"@type":"ImageObject","inLanguage":"fr-FR","@id":"https:\/\/nanabeeldjes.nl\/winkel\/cadeau-tips\/brick-bear-beeldje-diy\/#primaryimage","url":"https:\/\/nanabeeldjes.nl\/wp-content\/uploads\/2024\/11\/brick_bear_beeldje_artwise_01.webp","contentUrl":"https:\/\/nanabeeldjes.nl\/wp-content\/uploads\/2024\/11\/brick_bear_beeldje_artwise_01.webp","width":1080,"height":1080},{"@type":"BreadcrumbList","@id":"https:\/\/nanabeeldjes.nl\/winkel\/cadeau-tips\/brick-bear-beeldje-diy\/#breadcrumb","itemListElement":[{"@type":"ListItem","position":1,"name":"Home","item":"https:\/\/nanabeeldjes.nl\/"},{"@type":"ListItem","position":2,"name":"Shop","item":"https:\/\/nanabeeldjes.nl\/shop\/"},{"@type":"ListItem","position":3,"name":"Brick Bear Beeldje DIY"}]},{"@type":"WebSite","@id":"https:\/\/nanabeeldjes.nl\/#website","url":"https:\/\/nanabeeldjes.nl\/","name":"FIGURINES NANA","description":"Unieke creatieve schilderpakketten","publisher":{"@id":"https:\/\/nanabeeldjes.nl\/#organization"},"potentialAction":[{"@type":"SearchAction","target":{"@type":"EntryPoint","urlTemplate":"https:\/\/nanabeeldjes.nl\/?s={search_term_string}"},"query-input":{"@type":"PropertyValueSpecification","valueRequired":true,"valueName":"search_term_string"}}],"inLanguage":"fr-FR"},{"@type":"Organization","@id":"https:\/\/nanabeeldjes.nl\/#organization","name":"FIGURINES NANA","url":"https:\/\/nanabeeldjes.nl\/","logo":{"@type":"ImageObject","inLanguage":"fr-FR","@id":"https:\/\/nanabeeldjes.nl\/#\/schema\/logo\/image\/","url":"https:\/\/nanabeeldjes.nl\/wp-content\/uploads\/2024\/11\/cropped-nana_beeldjes_logo.png","contentUrl":"https:\/\/nanabeeldjes.nl\/wp-content\/uploads\/2024\/11\/cropped-nana_beeldjes_logo.png","width":921,"height":111,"caption":"NANA BEELDJES"},"image":{"@id":"https:\/\/nanabeeldjes.nl\/#\/schema\/logo\/image\/"}}]},"product_price_amount":"24.95","product_price_currency":"EUR","og_availability":"instock","product_availability":"instock","product_retailer_item_id":"nana-brick-bear-los","product_condition":"new"},"_links":{"self":[{"href":"https:\/\/nanabeeldjes.nl\/fr\/wp-json\/wp\/v2\/product\/16892","targetHints":{"allow":["GET"]}}],"collection":[{"href":"https:\/\/nanabeeldjes.nl\/fr\/wp-json\/wp\/v2\/product"}],"about":[{"href":"https:\/\/nanabeeldjes.nl\/fr\/wp-json\/wp\/v2\/types\/product"}],"replies":[{"embeddable":true,"href":"https:\/\/nanabeeldjes.nl\/fr\/wp-json\/wp\/v2\/comments?post=16892"}],"wp:featuredmedia":[{"embeddable":true,"href":"https:\/\/nanabeeldjes.nl\/fr\/wp-json\/wp\/v2\/media\/17449"}],"wp:attachment":[{"href":"https:\/\/nanabeeldjes.nl\/fr\/wp-json\/wp\/v2\/media?parent=16892"}],"wp:term":[{"taxonomy":"product_brand","embeddable":true,"href":"https:\/\/nanabeeldjes.nl\/fr\/wp-json\/wp\/v2\/product_brand?post=16892"},{"taxonomy":"product_cat","embeddable":true,"href":"https:\/\/nanabeeldjes.nl\/fr\/wp-json\/wp\/v2\/product_cat?post=16892"},{"taxonomy":"product_tag","embeddable":true,"href":"https:\/\/nanabeeldjes.nl\/fr\/wp-json\/wp\/v2\/product_tag?post=16892"}],"curies":[{"name":"wp","href":"https:\/\/api.w.org\/{rel}","templated":true}]}}