{"id":9358,"date":"2021-11-17T14:51:40","date_gmt":"2021-11-17T13:51:40","guid":{"rendered":"https:\/\/nanabeeldjes.nl\/winkel\/niet-gecategoriseerd\/diy-pakket-dikke-dame-beeldje-beschilderen-dans-vrij\/"},"modified":"2025-12-15T00:09:55","modified_gmt":"2025-12-14T23:09:55","slug":"diy-pakket-nana-beeldje-dans","status":"publish","type":"product","link":"https:\/\/nanabeeldjes.nl\/fr\/winkel\/cadeau-tips\/diy-pakket-nana-beeldje-dans\/","title":{"rendered":"Kit DIY Figurine Nana Danse"},"content":{"rendered":"<p>Avec notre kit de bricolage cr\u00e9atif complet figurine Nana, vous pouvez faire preuve de cr\u00e9ativit\u00e9 \u00e0 la maison pour peindre une figurine unique. Vous pouvez ainsi organiser un atelier \u00e0 domicile avec vos amis, vos copines ou votre famille, ou vous lancer vous-m\u00eame.<\/p>\n<h4><\/h4>\n<h4><strong>Le kit de bricolage comprend<\/strong><\/h4>\n<ul>\n<li>Figurine Nana (polystone) de 20 cm avec socle*<\/li>\n<li>D\u00e9pliant pratique avec des conseils et astuces + instructions illustr\u00e9es t\u00e9l\u00e9chargeables (PDF) expliquant \u00e9tape par \u00e9tape comment peindre soi-m\u00eame une jolie figurine dont on peut \u00eatre fier ! (atelier num\u00e9rique)<\/li>\n<li>5 brosses de diff\u00e9rentes tailles<\/li>\n<li>5 godets de peinture acrylique Royal Talens dans les couleurs primaires (noir, bleu, rouge, jaune et blanc) + instructions pour m\u00e9langer les couleurs<\/li>\n<li>Vernis, pour une couche brillante<\/li>\n<li>Cotons-tiges<\/li>\n<\/ul>\n<p>Conseil: si vous travaillez avec des lignes, utilisez un marqueur \u00e0 peinture pour obtenir un r\u00e9sultat net. Selon le motif, vous en aurez besoin ou non. Les marqueurs sont tr\u00e8s pratiques ! Vous pouvez les ajouter \u00e0 votre commande en blanc, noir ou dor\u00e9.<\/p>\n<h4><\/h4>\n<h4><strong>Se recueillir:<\/strong><\/h4>\n<ul>\n<li>Crayon<\/li>\n<li>Un pot d'eau<\/li>\n<li>Papier de cuisine<\/li>\n<li>Plaque (plastique)<\/li>\n<\/ul>\n<h4><\/h4>\n<h4><strong>Voici comment fonctionne notre kit cr\u00e9atif \u00e0 domicile:<\/strong><\/h4>\n<p>Vous aimez passer un apr\u00e8s-midi ou une soir\u00e9e \u00e0 faire preuve de cr\u00e9ativit\u00e9 ? Mais vous ne savez pas par o\u00f9 commencer, o\u00f9 trouver les fournitures ou comment r\u00e9aliser le projet ? Ou bien vous voulez d'abord essayer un nouveau loisir cr\u00e9atif, mais vous ne voulez pas acheter tout de suite beaucoup de mat\u00e9riel de loisir ? Alors le kit de bricolage d'Artwise est exactement ce qu'il vous faut!<\/p>\n<p>&nbsp;<\/p>\n<p>Au cours de cet atelier cr\u00e9atif de bricolage, nous nous inspirerons de l'artiste Niki de Saint Phalle. Cette peintre et sculptrice fran\u00e7aise a r\u00e9alis\u00e9 ses premi\u00e8res sculptures de femmes color\u00e9es en 1965. Elle les a baptis\u00e9es \u00ab Nanas \u00bb. Ses Nanas symbolisent des femmes fortes et libres. Sur les traces de cette artiste fran\u00e7aise, vous peindrez votre propre Nana color\u00e9e !<br \/>\nKies een ontwerp en beschilder jouw beeldje met de kwaliteitsverf van Royal Talens uit het DIY-pakket en cre\u00eber zo jouw unieke beeldje!<\/p>\n<p>&nbsp;<\/p>\n<p><i>Cadeau cr\u00e9atif, Figurines de femmes \u00e9paisses \u00e0 peindre soi-m\u00eame, Kit bricolage adultes, Kit bricolage adultes, Figurines de femmes \u00e9paisses, Figurines de femmes \u00e9paisses<\/i><\/p>","protected":false},"excerpt":{"rendered":"<p>Avec notre kit de bricolage cr\u00e9atif complet pour peindre la figurine de Nana, vous pouvez faire preuve de cr\u00e9ativit\u00e9 \u00e0 la maison en peignant la populaire figurine de Nana. Ces joyeuses figurines sont \u00e9galement appel\u00e9es Fat Ladies ou Dolly. Les Nana sont c\u00e9l\u00e8bres gr\u00e2ce au peintre et sculpteur fran\u00e7ais Niki de Saint Phalle. Ses Nana symbolisent une femme forte et libre.<\/p>\n<p>Travaillez \u00e0 la maison avec le kit de bricolage complet comprenant de la peinture acrylique fine de Royal Talens. Vous pourrez ainsi cr\u00e9er un motif unique ! Vous voulez savoir ce que contient ce kit de bricolage ? Faites d\u00e9filer vers le bas.<\/p>","protected":false},"featured_media":17752,"comment_status":"closed","ping_status":"closed","template":"","meta":{"site-sidebar-layout":"default","site-content-layout":"default","ast-site-content-layout":"default","site-content-style":"default","site-sidebar-style":"default","ast-global-header-display":"","ast-banner-title-visibility":"","ast-main-header-display":"","ast-hfb-above-header-display":"","ast-hfb-below-header-display":"","ast-hfb-mobile-header-display":"","site-post-title":"","ast-breadcrumbs-content":"","ast-featured-img":"","footer-sml-layout":"","ast-disable-related-posts":"","theme-transparent-header-meta":"default","adv-header-id-meta":"","stick-header-meta":"default","header-above-stick-meta":"","header-main-stick-meta":"","header-below-stick-meta":"","astra-migrate-meta-layouts":"set","ast-page-background-enabled":"default","ast-page-background-meta":{"desktop":{"background-color":"var(--ast-global-color-4)","background-image":"","background-repeat":"repeat","background-position":"center center","background-size":"auto","background-attachment":"scroll","background-type":"","background-media":"","overlay-type":"","overlay-color":"","overlay-opacity":"","overlay-gradient":""},"tablet":{"background-color":"","background-image":"","background-repeat":"repeat","background-position":"center center","background-size":"auto","background-attachment":"scroll","background-type":"","background-media":"","overlay-type":"","overlay-color":"","overlay-opacity":"","overlay-gradient":""},"mobile":{"background-color":"","background-image":"","background-repeat":"repeat","background-position":"center center","background-size":"auto","background-attachment":"scroll","background-type":"","background-media":"","overlay-type":"","overlay-color":"","overlay-opacity":"","overlay-gradient":""}},"ast-content-background-meta":{"desktop":{"background-color":"var(--ast-global-color-5)","background-image":"","background-repeat":"repeat","background-position":"center center","background-size":"auto","background-attachment":"scroll","background-type":"","background-media":"","overlay-type":"","overlay-color":"","overlay-opacity":"","overlay-gradient":""},"tablet":{"background-color":"var(--ast-global-color-5)","background-image":"","background-repeat":"repeat","background-position":"center center","background-size":"auto","background-attachment":"scroll","background-type":"","background-media":"","overlay-type":"","overlay-color":"","overlay-opacity":"","overlay-gradient":""},"mobile":{"background-color":"var(--ast-global-color-5)","background-image":"","background-repeat":"repeat","background-position":"center center","background-size":"auto","background-attachment":"scroll","background-type":"","background-media":"","overlay-type":"","overlay-color":"","overlay-opacity":"","overlay-gradient":""}}},"product_brand":[],"product_cat":[30,40,57,58],"product_tag":[],"class_list":{"0":"post-9358","1":"product","2":"type-product","3":"status-publish","4":"has-post-thumbnail","6":"product_cat-cadeau-tips","7":"product_cat-creatieve-diy-pakketten","8":"product_cat-nana-beeldjes","9":"product_cat-schilder-pakketten","10":"product_shipping_class-pakket","11":"desktop-align-left","12":"tablet-align-left","13":"mobile-align-left","14":"ast-product-gallery-layout-horizontal-slider","15":"ast-product-tabs-layout-horizontal","17":"first","18":"instock","19":"featured","20":"downloadable","21":"taxable","22":"shipping-taxable","23":"purchasable","24":"product-type-simple"},"yoast_head":"<!-- This site is optimized with the Yoast SEO Premium plugin v27.3 (Yoast SEO v27.5) - https:\/\/yoast.com\/product\/yoast-seo-premium-wordpress\/ -->\n<title>DIY Pakket Nana Beeldje Dans<\/title>\n<meta name=\"description\" content=\"Met ons complete creatieve DIY pakket Nana Beeldje kun je thuis creatief aan de slag en maak je zelf een uniek kunstwerk voor thuis of op kantoor.\" \/>\n<meta name=\"robots\" content=\"index, follow, max-snippet:-1, max-image-preview:large, max-video-preview:-1\" \/>\n<link rel=\"canonical\" href=\"https:\/\/nanabeeldjes.nl\/fr\/winkel\/cadeau-tips\/diy-pakket-nana-beeldje-dans\/\" \/>\n<meta property=\"og:locale\" content=\"fr_FR\" \/>\n<meta property=\"og:type\" content=\"article\" \/>\n<meta property=\"og:title\" content=\"DIY Pakket Nana Beeldje Dans\" \/>\n<meta property=\"og:description\" content=\"Met ons complete creatieve DIY pakket Nana Beeldje kun je thuis creatief aan de slag en maak je zelf een uniek kunstwerk voor thuis of op kantoor.\" \/>\n<meta property=\"og:url\" content=\"https:\/\/nanabeeldjes.nl\/fr\/winkel\/cadeau-tips\/diy-pakket-nana-beeldje-dans\/\" \/>\n<meta property=\"og:site_name\" content=\"NANA BEELDJES\" \/>\n<meta property=\"article:modified_time\" content=\"2025-12-14T23:09:55+00:00\" \/>\n<meta property=\"og:image\" content=\"https:\/\/nanabeeldjes.nl\/wp-content\/uploads\/2024\/11\/nana_beeldje_set_dans_02.webp\" \/>\n\t<meta property=\"og:image:width\" content=\"1080\" \/>\n\t<meta property=\"og:image:height\" content=\"1080\" \/>\n\t<meta property=\"og:image:type\" content=\"image\/webp\" \/>\n<meta name=\"twitter:card\" content=\"summary_large_image\" \/>\n<meta name=\"twitter:label1\" content=\"Prix\" \/>\n\t<meta name=\"twitter:data1\" content=\"&euro;&nbsp;29,95\" \/>\n\t<meta name=\"twitter:label2\" content=\"Disponibilit\u00e9\" \/>\n\t<meta name=\"twitter:data2\" content=\"En stock\" \/>\n<script type=\"application\/ld+json\" class=\"yoast-schema-graph\">{\"@context\":\"https:\\\/\\\/schema.org\",\"@graph\":[{\"@type\":[\"WebPage\",\"ItemPage\"],\"@id\":\"https:\\\/\\\/nanabeeldjes.nl\\\/winkel\\\/cadeau-tips\\\/diy-pakket-nana-beeldje-dans\\\/\",\"url\":\"https:\\\/\\\/nanabeeldjes.nl\\\/winkel\\\/cadeau-tips\\\/diy-pakket-nana-beeldje-dans\\\/\",\"name\":\"DIY Pakket Nana Beeldje Dans\",\"isPartOf\":{\"@id\":\"https:\\\/\\\/nanabeeldjes.nl\\\/#website\"},\"primaryImageOfPage\":{\"@id\":\"https:\\\/\\\/nanabeeldjes.nl\\\/winkel\\\/cadeau-tips\\\/diy-pakket-nana-beeldje-dans\\\/#primaryimage\"},\"image\":{\"@id\":\"https:\\\/\\\/nanabeeldjes.nl\\\/winkel\\\/cadeau-tips\\\/diy-pakket-nana-beeldje-dans\\\/#primaryimage\"},\"thumbnailUrl\":\"https:\\\/\\\/nanabeeldjes.nl\\\/wp-content\\\/uploads\\\/2024\\\/11\\\/nana_beeldje_set_dans_02.webp\",\"datePublished\":\"2021-11-17T13:51:40+00:00\",\"dateModified\":\"2025-12-14T23:09:55+00:00\",\"description\":\"Met ons complete creatieve DIY pakket Nana Beeldje kun je thuis creatief aan de slag en maak je zelf een uniek kunstwerk voor thuis of op kantoor.\",\"breadcrumb\":{\"@id\":\"https:\\\/\\\/nanabeeldjes.nl\\\/winkel\\\/cadeau-tips\\\/diy-pakket-nana-beeldje-dans\\\/#breadcrumb\"},\"inLanguage\":\"fr-FR\",\"potentialAction\":[{\"@type\":\"ReadAction\",\"target\":[\"https:\\\/\\\/nanabeeldjes.nl\\\/winkel\\\/cadeau-tips\\\/diy-pakket-nana-beeldje-dans\\\/\"]}]},{\"@type\":\"ImageObject\",\"inLanguage\":\"fr-FR\",\"@id\":\"https:\\\/\\\/nanabeeldjes.nl\\\/winkel\\\/cadeau-tips\\\/diy-pakket-nana-beeldje-dans\\\/#primaryimage\",\"url\":\"https:\\\/\\\/nanabeeldjes.nl\\\/wp-content\\\/uploads\\\/2024\\\/11\\\/nana_beeldje_set_dans_02.webp\",\"contentUrl\":\"https:\\\/\\\/nanabeeldjes.nl\\\/wp-content\\\/uploads\\\/2024\\\/11\\\/nana_beeldje_set_dans_02.webp\",\"width\":1080,\"height\":1080},{\"@type\":\"BreadcrumbList\",\"@id\":\"https:\\\/\\\/nanabeeldjes.nl\\\/winkel\\\/cadeau-tips\\\/diy-pakket-nana-beeldje-dans\\\/#breadcrumb\",\"itemListElement\":[{\"@type\":\"ListItem\",\"position\":1,\"name\":\"Home\",\"item\":\"https:\\\/\\\/nanabeeldjes.nl\\\/\"},{\"@type\":\"ListItem\",\"position\":2,\"name\":\"Shop\",\"item\":\"https:\\\/\\\/nanabeeldjes.nl\\\/shop\\\/\"},{\"@type\":\"ListItem\",\"position\":3,\"name\":\"DIY Pakket Nana Beeldje Dans\"}]},{\"@type\":\"WebSite\",\"@id\":\"https:\\\/\\\/nanabeeldjes.nl\\\/#website\",\"url\":\"https:\\\/\\\/nanabeeldjes.nl\\\/\",\"name\":\"NANA BEELDJES\",\"description\":\"Unieke creatieve schilderpakketten\",\"publisher\":{\"@id\":\"https:\\\/\\\/nanabeeldjes.nl\\\/#organization\"},\"potentialAction\":[{\"@type\":\"SearchAction\",\"target\":{\"@type\":\"EntryPoint\",\"urlTemplate\":\"https:\\\/\\\/nanabeeldjes.nl\\\/?s={search_term_string}\"},\"query-input\":{\"@type\":\"PropertyValueSpecification\",\"valueRequired\":true,\"valueName\":\"search_term_string\"}}],\"inLanguage\":\"fr-FR\"},{\"@type\":\"Organization\",\"@id\":\"https:\\\/\\\/nanabeeldjes.nl\\\/#organization\",\"name\":\"NANA BEELDJES\",\"url\":\"https:\\\/\\\/nanabeeldjes.nl\\\/\",\"logo\":{\"@type\":\"ImageObject\",\"inLanguage\":\"fr-FR\",\"@id\":\"https:\\\/\\\/nanabeeldjes.nl\\\/#\\\/schema\\\/logo\\\/image\\\/\",\"url\":\"https:\\\/\\\/nanabeeldjes.nl\\\/wp-content\\\/uploads\\\/2024\\\/11\\\/cropped-nana_beeldjes_logo.png\",\"contentUrl\":\"https:\\\/\\\/nanabeeldjes.nl\\\/wp-content\\\/uploads\\\/2024\\\/11\\\/cropped-nana_beeldjes_logo.png\",\"width\":921,\"height\":111,\"caption\":\"NANA BEELDJES\"},\"image\":{\"@id\":\"https:\\\/\\\/nanabeeldjes.nl\\\/#\\\/schema\\\/logo\\\/image\\\/\"}}]}<\/script>\n<meta property=\"product:price:amount\" content=\"29.95\" \/>\n<meta property=\"product:price:currency\" content=\"EUR\" \/>\n<meta property=\"og:availability\" content=\"instock\" \/>\n<meta property=\"product:availability\" content=\"instock\" \/>\n<meta property=\"product:retailer_item_id\" content=\"nana-diy-pakket-nana-dans\" \/>\n<meta property=\"product:condition\" content=\"new\" \/>\n<!-- \/ Yoast SEO Premium plugin. -->","yoast_head_json":{"title":"Kit DIY Figurine Nana Danse","description":"Met ons complete creatieve DIY pakket Nana Beeldje kun je thuis creatief aan de slag en maak je zelf een uniek kunstwerk voor thuis of op kantoor.","robots":{"index":"index","follow":"follow","max-snippet":"max-snippet:-1","max-image-preview":"max-image-preview:large","max-video-preview":"max-video-preview:-1"},"canonical":"https:\/\/nanabeeldjes.nl\/fr\/winkel\/cadeau-tips\/diy-pakket-nana-beeldje-dans\/","og_locale":"fr_FR","og_type":"article","og_title":"DIY Pakket Nana Beeldje Dans","og_description":"Met ons complete creatieve DIY pakket Nana Beeldje kun je thuis creatief aan de slag en maak je zelf een uniek kunstwerk voor thuis of op kantoor.","og_url":"https:\/\/nanabeeldjes.nl\/fr\/winkel\/cadeau-tips\/diy-pakket-nana-beeldje-dans\/","og_site_name":"NANA BEELDJES","article_modified_time":"2025-12-14T23:09:55+00:00","og_image":[{"width":1080,"height":1080,"url":"https:\/\/nanabeeldjes.nl\/wp-content\/uploads\/2024\/11\/nana_beeldje_set_dans_02.webp","type":"image\/webp"}],"twitter_card":"summary_large_image","twitter_misc":{"Prix":"&euro;&nbsp;29,95","Disponibilit\u00e9":"En stock"},"schema":{"@context":"https:\/\/schema.org","@graph":[{"@type":["WebPage","ItemPage"],"@id":"https:\/\/nanabeeldjes.nl\/winkel\/cadeau-tips\/diy-pakket-nana-beeldje-dans\/","url":"https:\/\/nanabeeldjes.nl\/winkel\/cadeau-tips\/diy-pakket-nana-beeldje-dans\/","name":"Kit DIY Figurine Nana Danse","isPartOf":{"@id":"https:\/\/nanabeeldjes.nl\/#website"},"primaryImageOfPage":{"@id":"https:\/\/nanabeeldjes.nl\/winkel\/cadeau-tips\/diy-pakket-nana-beeldje-dans\/#primaryimage"},"image":{"@id":"https:\/\/nanabeeldjes.nl\/winkel\/cadeau-tips\/diy-pakket-nana-beeldje-dans\/#primaryimage"},"thumbnailUrl":"https:\/\/nanabeeldjes.nl\/wp-content\/uploads\/2024\/11\/nana_beeldje_set_dans_02.webp","datePublished":"2021-11-17T13:51:40+00:00","dateModified":"2025-12-14T23:09:55+00:00","description":"Met ons complete creatieve DIY pakket Nana Beeldje kun je thuis creatief aan de slag en maak je zelf een uniek kunstwerk voor thuis of op kantoor.","breadcrumb":{"@id":"https:\/\/nanabeeldjes.nl\/winkel\/cadeau-tips\/diy-pakket-nana-beeldje-dans\/#breadcrumb"},"inLanguage":"fr-FR","potentialAction":[{"@type":"ReadAction","target":["https:\/\/nanabeeldjes.nl\/winkel\/cadeau-tips\/diy-pakket-nana-beeldje-dans\/"]}]},{"@type":"ImageObject","inLanguage":"fr-FR","@id":"https:\/\/nanabeeldjes.nl\/winkel\/cadeau-tips\/diy-pakket-nana-beeldje-dans\/#primaryimage","url":"https:\/\/nanabeeldjes.nl\/wp-content\/uploads\/2024\/11\/nana_beeldje_set_dans_02.webp","contentUrl":"https:\/\/nanabeeldjes.nl\/wp-content\/uploads\/2024\/11\/nana_beeldje_set_dans_02.webp","width":1080,"height":1080},{"@type":"BreadcrumbList","@id":"https:\/\/nanabeeldjes.nl\/winkel\/cadeau-tips\/diy-pakket-nana-beeldje-dans\/#breadcrumb","itemListElement":[{"@type":"ListItem","position":1,"name":"Home","item":"https:\/\/nanabeeldjes.nl\/"},{"@type":"ListItem","position":2,"name":"Shop","item":"https:\/\/nanabeeldjes.nl\/shop\/"},{"@type":"ListItem","position":3,"name":"DIY Pakket Nana Beeldje Dans"}]},{"@type":"WebSite","@id":"https:\/\/nanabeeldjes.nl\/#website","url":"https:\/\/nanabeeldjes.nl\/","name":"FIGURINES NANA","description":"Unieke creatieve schilderpakketten","publisher":{"@id":"https:\/\/nanabeeldjes.nl\/#organization"},"potentialAction":[{"@type":"SearchAction","target":{"@type":"EntryPoint","urlTemplate":"https:\/\/nanabeeldjes.nl\/?s={search_term_string}"},"query-input":{"@type":"PropertyValueSpecification","valueRequired":true,"valueName":"search_term_string"}}],"inLanguage":"fr-FR"},{"@type":"Organization","@id":"https:\/\/nanabeeldjes.nl\/#organization","name":"FIGURINES NANA","url":"https:\/\/nanabeeldjes.nl\/","logo":{"@type":"ImageObject","inLanguage":"fr-FR","@id":"https:\/\/nanabeeldjes.nl\/#\/schema\/logo\/image\/","url":"https:\/\/nanabeeldjes.nl\/wp-content\/uploads\/2024\/11\/cropped-nana_beeldjes_logo.png","contentUrl":"https:\/\/nanabeeldjes.nl\/wp-content\/uploads\/2024\/11\/cropped-nana_beeldjes_logo.png","width":921,"height":111,"caption":"NANA BEELDJES"},"image":{"@id":"https:\/\/nanabeeldjes.nl\/#\/schema\/logo\/image\/"}}]},"product_price_amount":"29.95","product_price_currency":"EUR","og_availability":"instock","product_availability":"instock","product_retailer_item_id":"nana-diy-pakket-nana-dans","product_condition":"new"},"_links":{"self":[{"href":"https:\/\/nanabeeldjes.nl\/fr\/wp-json\/wp\/v2\/product\/9358","targetHints":{"allow":["GET"]}}],"collection":[{"href":"https:\/\/nanabeeldjes.nl\/fr\/wp-json\/wp\/v2\/product"}],"about":[{"href":"https:\/\/nanabeeldjes.nl\/fr\/wp-json\/wp\/v2\/types\/product"}],"replies":[{"embeddable":true,"href":"https:\/\/nanabeeldjes.nl\/fr\/wp-json\/wp\/v2\/comments?post=9358"}],"wp:featuredmedia":[{"embeddable":true,"href":"https:\/\/nanabeeldjes.nl\/fr\/wp-json\/wp\/v2\/media\/17752"}],"wp:attachment":[{"href":"https:\/\/nanabeeldjes.nl\/fr\/wp-json\/wp\/v2\/media?parent=9358"}],"wp:term":[{"taxonomy":"product_brand","embeddable":true,"href":"https:\/\/nanabeeldjes.nl\/fr\/wp-json\/wp\/v2\/product_brand?post=9358"},{"taxonomy":"product_cat","embeddable":true,"href":"https:\/\/nanabeeldjes.nl\/fr\/wp-json\/wp\/v2\/product_cat?post=9358"},{"taxonomy":"product_tag","embeddable":true,"href":"https:\/\/nanabeeldjes.nl\/fr\/wp-json\/wp\/v2\/product_tag?post=9358"}],"curies":[{"name":"wp","href":"https:\/\/api.w.org\/{rel}","templated":true}]}}