{"id":11818,"date":"2022-08-09T08:35:38","date_gmt":"2022-08-09T06:35:38","guid":{"rendered":"https:\/\/nanabeeldjes.nl\/winkel\/niet-gecategoriseerd\/dikke-dame-beeldje-los-dans-vrij\/"},"modified":"2025-12-15T00:06:59","modified_gmt":"2025-12-14T23:06:59","slug":"nana-beeldje-los-dans-diy","status":"publish","type":"product","link":"https:\/\/nanabeeldjes.nl\/nn\/winkel\/cadeau-tips\/nana-beeldje-los-dans-diy\/","title":{"rendered":"Nana Figur Dans DIY"},"content":{"rendered":"<p>Med v\u00e5r Nana-figur kan du v\u00e6re kreativ hjemme. Du kan enkelt male denne unike figuren hjemme. S\u00e5 organiser en hjemmeworkshop med venner, venninner eller familie, eller gj\u00f8r det selv. Under de kreative workshopene p\u00e5 Artwise lar vi oss inspirere av kunstneren Niki de Saint Phalle. Den franske maleren og billedhuggeren laget sine f\u00f8rste skulpturer av fargerike kvinner i 1965. Hun kalte disse skulpturene Nana's. Nanaene symboliserer sterke og frie kvinner. I fotsporene til denne franske kunstneren kan du male din egen fargerike Nana! Velg et motiv p\u00e5 <a href=\"\/\/nl.pinterest.com\/artwise0418\/dikke-dame-beeldjes-artwise-workshops\/?invite_code=8f6d27c08f684973ae3ac92c95800c1b&amp;sender=806074170713579610\\&quot;\" target=\"\\&quot;_blank\\&quot;\" rel=\"\\&quot;noopener\\&quot; noopener\">Pinterest<\/a>, mal figuren din med akrylmaling og skap en unik figur!<\/p>\n<p>&nbsp;<\/p>\n<p>Figurene er laget for h\u00e5nd. Det betyr at figurene kan ha minimale ujevnheter. Heldigvis kan disse ujevnhetene dekkes perfekt med maling.<\/p>\n<p>&nbsp;<\/p>\n<p>Liker du \u00e5 bruke en ettermiddag eller kveld p\u00e5 \u00e5 v\u00e6re kreativ? Men vet du ikke hvor du skal begynne, hvor du skal finne materialer eller hvordan du skal gjennomf\u00f8re prosjektet? Eller har du lyst til \u00e5 pr\u00f8ve ut en ny kreativ hobby f\u00f8rst, men vil ikke kj\u00f8pe en masse hobbymaterialer med en gang? Da er gj\u00f8r-det-selv-settet fra Artwise noe for deg!<\/p>\n<p>&nbsp;<\/p>\n<p><i>Kreativ gave, Fat lady figurer \u00e5 male selv, DIY h\u00e5ndverk kit voksne, DIY kit voksne, Fat women figurer, Fat ladies figurer<\/i><\/p>","protected":false},"excerpt":{"rendered":"<p>Denne robuste Nana-figuren i polystone m\u00e5ler ca. 20 cm og har en sokkel som kan males etter eget \u00f8nske. Disse muntre og popul\u00e6re figurene kalles ogs\u00e5 Nana's eller Dolly's. Nanaene eller de tykke damene er ber\u00f8mte p\u00e5 grunn av den franske maleren og billedhuggeren Niki de Saint Phalle. Nanaene hennes symboliserer den sterke og frie kvinnen.<\/p>\n<p>In onze webshop vind je 2 type beeldjes. Kies uit variant yoga of variant dans. Ga vervolgens thuis aan de slag met acrylverf en maak een uniek eigen ontwerp!<\/p>","protected":false},"featured_media":17397,"comment_status":"closed","ping_status":"closed","template":"","meta":{"site-sidebar-layout":"default","site-content-layout":"default","ast-site-content-layout":"default","site-content-style":"default","site-sidebar-style":"default","ast-global-header-display":"","ast-banner-title-visibility":"","ast-main-header-display":"","ast-hfb-above-header-display":"","ast-hfb-below-header-display":"","ast-hfb-mobile-header-display":"","site-post-title":"","ast-breadcrumbs-content":"","ast-featured-img":"","footer-sml-layout":"","ast-disable-related-posts":"","theme-transparent-header-meta":"default","adv-header-id-meta":"","stick-header-meta":"default","header-above-stick-meta":"","header-main-stick-meta":"","header-below-stick-meta":"","astra-migrate-meta-layouts":"set","ast-page-background-enabled":"default","ast-page-background-meta":{"desktop":{"background-color":"var(--ast-global-color-4)","background-image":"","background-repeat":"repeat","background-position":"center center","background-size":"auto","background-attachment":"scroll","background-type":"","background-media":"","overlay-type":"","overlay-color":"","overlay-opacity":"","overlay-gradient":""},"tablet":{"background-color":"","background-image":"","background-repeat":"repeat","background-position":"center center","background-size":"auto","background-attachment":"scroll","background-type":"","background-media":"","overlay-type":"","overlay-color":"","overlay-opacity":"","overlay-gradient":""},"mobile":{"background-color":"","background-image":"","background-repeat":"repeat","background-position":"center center","background-size":"auto","background-attachment":"scroll","background-type":"","background-media":"","overlay-type":"","overlay-color":"","overlay-opacity":"","overlay-gradient":""}},"ast-content-background-meta":{"desktop":{"background-color":"var(--ast-global-color-5)","background-image":"","background-repeat":"repeat","background-position":"center center","background-size":"auto","background-attachment":"scroll","background-type":"","background-media":"","overlay-type":"","overlay-color":"","overlay-opacity":"","overlay-gradient":""},"tablet":{"background-color":"var(--ast-global-color-5)","background-image":"","background-repeat":"repeat","background-position":"center center","background-size":"auto","background-attachment":"scroll","background-type":"","background-media":"","overlay-type":"","overlay-color":"","overlay-opacity":"","overlay-gradient":""},"mobile":{"background-color":"var(--ast-global-color-5)","background-image":"","background-repeat":"repeat","background-position":"center center","background-size":"auto","background-attachment":"scroll","background-type":"","background-media":"","overlay-type":"","overlay-color":"","overlay-opacity":"","overlay-gradient":""}}},"product_brand":[],"product_cat":[30,55,57],"product_tag":[],"class_list":{"0":"post-11818","1":"product","2":"type-product","3":"status-publish","4":"has-post-thumbnail","6":"product_cat-cadeau-tips","7":"product_cat-knutselmaterialen","8":"product_cat-nana-beeldjes","9":"product_shipping_class-pakket","10":"desktop-align-left","11":"tablet-align-left","12":"mobile-align-left","13":"ast-product-gallery-layout-horizontal-slider","14":"ast-product-tabs-layout-horizontal","16":"first","17":"instock","18":"featured","19":"downloadable","20":"taxable","21":"shipping-taxable","22":"purchasable","23":"product-type-simple"},"yoast_head":"<!-- This site is optimized with the Yoast SEO Premium plugin v27.3 (Yoast SEO v27.5) - https:\/\/yoast.com\/product\/yoast-seo-premium-wordpress\/ -->\n<title>Nana DIY Beeldjes Te Koop<\/title>\n<meta name=\"description\" content=\"Deze stevige dansende poly-stone NANA beeldjes of dikke dame beeldjes kun je zelf beschilderen naar eigen inzicht. Maak zelf een uniek kunstwerk!\" \/>\n<meta name=\"robots\" content=\"index, follow, max-snippet:-1, max-image-preview:large, max-video-preview:-1\" \/>\n<link rel=\"canonical\" href=\"https:\/\/nanabeeldjes.nl\/nn\/winkel\/cadeau-tips\/nana-beeldje-los-dans-diy\/\" \/>\n<meta property=\"og:locale\" content=\"nn_NO\" \/>\n<meta property=\"og:type\" content=\"article\" \/>\n<meta property=\"og:title\" content=\"Dikke dame beeldjes los\" \/>\n<meta property=\"og:description\" content=\"Dit polystone Dikke Dame beeldjes los 20 cm met kun je beschilderen naar je eigen smaak. Met mooie kortingen voor ateliers en grote groepen.\" \/>\n<meta property=\"og:url\" content=\"https:\/\/nanabeeldjes.nl\/nn\/winkel\/cadeau-tips\/nana-beeldje-los-dans-diy\/\" \/>\n<meta property=\"og:site_name\" content=\"NANA BEELDJES\" \/>\n<meta property=\"article:modified_time\" content=\"2025-12-14T23:06:59+00:00\" \/>\n<meta name=\"twitter:card\" content=\"summary_large_image\" \/>\n<meta name=\"twitter:title\" content=\"Nana Beeldje Dans DIY\" \/>\n<meta name=\"twitter:image\" content=\"https:\/\/nanabeeldjes.nl\/wp-content\/uploads\/2024\/11\/Nana_Dans_Artwise_19.webp\" \/>\n<meta name=\"twitter:label1\" content=\"Price\" \/>\n\t<meta name=\"twitter:data1\" content=\"&euro;&nbsp;24,95\" \/>\n\t<meta name=\"twitter:label2\" content=\"Availability\" \/>\n\t<meta name=\"twitter:data2\" content=\"In stock\" \/>\n<script type=\"application\/ld+json\" class=\"yoast-schema-graph\">{\"@context\":\"https:\\\/\\\/schema.org\",\"@graph\":[{\"@type\":[\"WebPage\",\"ItemPage\"],\"@id\":\"https:\\\/\\\/nanabeeldjes.nl\\\/winkel\\\/cadeau-tips\\\/nana-beeldje-los-dans-diy\\\/\",\"url\":\"https:\\\/\\\/nanabeeldjes.nl\\\/winkel\\\/cadeau-tips\\\/nana-beeldje-los-dans-diy\\\/\",\"name\":\"Nana DIY Beeldjes Te Koop\",\"isPartOf\":{\"@id\":\"https:\\\/\\\/nanabeeldjes.nl\\\/#website\"},\"primaryImageOfPage\":{\"@id\":\"https:\\\/\\\/nanabeeldjes.nl\\\/winkel\\\/cadeau-tips\\\/nana-beeldje-los-dans-diy\\\/#primaryimage\"},\"image\":{\"@id\":\"https:\\\/\\\/nanabeeldjes.nl\\\/winkel\\\/cadeau-tips\\\/nana-beeldje-los-dans-diy\\\/#primaryimage\"},\"thumbnailUrl\":\"https:\\\/\\\/nanabeeldjes.nl\\\/wp-content\\\/uploads\\\/2024\\\/11\\\/Nana_Dans_Artwise_19.webp\",\"datePublished\":\"2022-08-09T06:35:38+00:00\",\"dateModified\":\"2025-12-14T23:06:59+00:00\",\"description\":\"Deze stevige dansende poly-stone NANA beeldjes of dikke dame beeldjes kun je zelf beschilderen naar eigen inzicht. Maak zelf een uniek kunstwerk!\",\"breadcrumb\":{\"@id\":\"https:\\\/\\\/nanabeeldjes.nl\\\/winkel\\\/cadeau-tips\\\/nana-beeldje-los-dans-diy\\\/#breadcrumb\"},\"inLanguage\":\"nn-NO\",\"potentialAction\":[{\"@type\":\"ReadAction\",\"target\":[\"https:\\\/\\\/nanabeeldjes.nl\\\/winkel\\\/cadeau-tips\\\/nana-beeldje-los-dans-diy\\\/\"]}]},{\"@type\":\"ImageObject\",\"inLanguage\":\"nn-NO\",\"@id\":\"https:\\\/\\\/nanabeeldjes.nl\\\/winkel\\\/cadeau-tips\\\/nana-beeldje-los-dans-diy\\\/#primaryimage\",\"url\":\"https:\\\/\\\/nanabeeldjes.nl\\\/wp-content\\\/uploads\\\/2024\\\/11\\\/Nana_Dans_Artwise_19.webp\",\"contentUrl\":\"https:\\\/\\\/nanabeeldjes.nl\\\/wp-content\\\/uploads\\\/2024\\\/11\\\/Nana_Dans_Artwise_19.webp\",\"width\":1080,\"height\":1080,\"caption\":\"Nana_Dans_Artwise_19\"},{\"@type\":\"BreadcrumbList\",\"@id\":\"https:\\\/\\\/nanabeeldjes.nl\\\/winkel\\\/cadeau-tips\\\/nana-beeldje-los-dans-diy\\\/#breadcrumb\",\"itemListElement\":[{\"@type\":\"ListItem\",\"position\":1,\"name\":\"Home\",\"item\":\"https:\\\/\\\/nanabeeldjes.nl\\\/\"},{\"@type\":\"ListItem\",\"position\":2,\"name\":\"Shop\",\"item\":\"https:\\\/\\\/nanabeeldjes.nl\\\/shop\\\/\"},{\"@type\":\"ListItem\",\"position\":3,\"name\":\"Nana Beeldje Dans DIY\"}]},{\"@type\":\"WebSite\",\"@id\":\"https:\\\/\\\/nanabeeldjes.nl\\\/#website\",\"url\":\"https:\\\/\\\/nanabeeldjes.nl\\\/\",\"name\":\"NANA BEELDJES\",\"description\":\"Unieke creatieve schilderpakketten\",\"publisher\":{\"@id\":\"https:\\\/\\\/nanabeeldjes.nl\\\/#organization\"},\"potentialAction\":[{\"@type\":\"SearchAction\",\"target\":{\"@type\":\"EntryPoint\",\"urlTemplate\":\"https:\\\/\\\/nanabeeldjes.nl\\\/?s={search_term_string}\"},\"query-input\":{\"@type\":\"PropertyValueSpecification\",\"valueRequired\":true,\"valueName\":\"search_term_string\"}}],\"inLanguage\":\"nn-NO\"},{\"@type\":\"Organization\",\"@id\":\"https:\\\/\\\/nanabeeldjes.nl\\\/#organization\",\"name\":\"NANA BEELDJES\",\"url\":\"https:\\\/\\\/nanabeeldjes.nl\\\/\",\"logo\":{\"@type\":\"ImageObject\",\"inLanguage\":\"nn-NO\",\"@id\":\"https:\\\/\\\/nanabeeldjes.nl\\\/#\\\/schema\\\/logo\\\/image\\\/\",\"url\":\"https:\\\/\\\/nanabeeldjes.nl\\\/wp-content\\\/uploads\\\/2024\\\/11\\\/cropped-nana_beeldjes_logo.png\",\"contentUrl\":\"https:\\\/\\\/nanabeeldjes.nl\\\/wp-content\\\/uploads\\\/2024\\\/11\\\/cropped-nana_beeldjes_logo.png\",\"width\":921,\"height\":111,\"caption\":\"NANA BEELDJES\"},\"image\":{\"@id\":\"https:\\\/\\\/nanabeeldjes.nl\\\/#\\\/schema\\\/logo\\\/image\\\/\"}}]}<\/script>\n<meta property=\"product:price:amount\" content=\"24.95\" \/>\n<meta property=\"product:price:currency\" content=\"EUR\" \/>\n<meta property=\"og:availability\" content=\"instock\" \/>\n<meta property=\"product:availability\" content=\"instock\" \/>\n<meta property=\"product:retailer_item_id\" content=\"nana-dans-los\" \/>\n<meta property=\"product:condition\" content=\"new\" \/>\n<!-- \/ Yoast SEO Premium plugin. -->","yoast_head_json":{"title":"Nana DIY Beeldjes Te Koop","description":"Deze stevige dansende poly-stone NANA beeldjes of dikke dame beeldjes kun je zelf beschilderen naar eigen inzicht. Maak zelf een uniek kunstwerk!","robots":{"index":"index","follow":"follow","max-snippet":"max-snippet:-1","max-image-preview":"max-image-preview:large","max-video-preview":"max-video-preview:-1"},"canonical":"https:\/\/nanabeeldjes.nl\/nn\/winkel\/cadeau-tips\/nana-beeldje-los-dans-diy\/","og_locale":"nn_NO","og_type":"article","og_title":"Dikke dame beeldjes los","og_description":"Dit polystone Dikke Dame beeldjes los 20 cm met kun je beschilderen naar je eigen smaak. Met mooie kortingen voor ateliers en grote groepen.","og_url":"https:\/\/nanabeeldjes.nl\/nn\/winkel\/cadeau-tips\/nana-beeldje-los-dans-diy\/","og_site_name":"NANA BEELDJES","article_modified_time":"2025-12-14T23:06:59+00:00","twitter_card":"summary_large_image","twitter_title":"Nana Beeldje Dans DIY","twitter_image":"https:\/\/nanabeeldjes.nl\/wp-content\/uploads\/2024\/11\/Nana_Dans_Artwise_19.webp","twitter_misc":{"Price":"&euro;&nbsp;24,95","Availability":"In stock"},"schema":{"@context":"https:\/\/schema.org","@graph":[{"@type":["WebPage","ItemPage"],"@id":"https:\/\/nanabeeldjes.nl\/winkel\/cadeau-tips\/nana-beeldje-los-dans-diy\/","url":"https:\/\/nanabeeldjes.nl\/winkel\/cadeau-tips\/nana-beeldje-los-dans-diy\/","name":"Nana DIY Beeldjes Te Koop","isPartOf":{"@id":"https:\/\/nanabeeldjes.nl\/#website"},"primaryImageOfPage":{"@id":"https:\/\/nanabeeldjes.nl\/winkel\/cadeau-tips\/nana-beeldje-los-dans-diy\/#primaryimage"},"image":{"@id":"https:\/\/nanabeeldjes.nl\/winkel\/cadeau-tips\/nana-beeldje-los-dans-diy\/#primaryimage"},"thumbnailUrl":"https:\/\/nanabeeldjes.nl\/wp-content\/uploads\/2024\/11\/Nana_Dans_Artwise_19.webp","datePublished":"2022-08-09T06:35:38+00:00","dateModified":"2025-12-14T23:06:59+00:00","description":"Deze stevige dansende poly-stone NANA beeldjes of dikke dame beeldjes kun je zelf beschilderen naar eigen inzicht. Maak zelf een uniek kunstwerk!","breadcrumb":{"@id":"https:\/\/nanabeeldjes.nl\/winkel\/cadeau-tips\/nana-beeldje-los-dans-diy\/#breadcrumb"},"inLanguage":"nn-NO","potentialAction":[{"@type":"ReadAction","target":["https:\/\/nanabeeldjes.nl\/winkel\/cadeau-tips\/nana-beeldje-los-dans-diy\/"]}]},{"@type":"ImageObject","inLanguage":"nn-NO","@id":"https:\/\/nanabeeldjes.nl\/winkel\/cadeau-tips\/nana-beeldje-los-dans-diy\/#primaryimage","url":"https:\/\/nanabeeldjes.nl\/wp-content\/uploads\/2024\/11\/Nana_Dans_Artwise_19.webp","contentUrl":"https:\/\/nanabeeldjes.nl\/wp-content\/uploads\/2024\/11\/Nana_Dans_Artwise_19.webp","width":1080,"height":1080,"caption":"Nana_Dans_Artwise_19"},{"@type":"BreadcrumbList","@id":"https:\/\/nanabeeldjes.nl\/winkel\/cadeau-tips\/nana-beeldje-los-dans-diy\/#breadcrumb","itemListElement":[{"@type":"ListItem","position":1,"name":"Home","item":"https:\/\/nanabeeldjes.nl\/"},{"@type":"ListItem","position":2,"name":"Shop","item":"https:\/\/nanabeeldjes.nl\/shop\/"},{"@type":"ListItem","position":3,"name":"Nana Beeldje Dans DIY"}]},{"@type":"WebSite","@id":"https:\/\/nanabeeldjes.nl\/#website","url":"https:\/\/nanabeeldjes.nl\/","name":"NANA FIGURINER","description":"Unieke creatieve schilderpakketten","publisher":{"@id":"https:\/\/nanabeeldjes.nl\/#organization"},"potentialAction":[{"@type":"SearchAction","target":{"@type":"EntryPoint","urlTemplate":"https:\/\/nanabeeldjes.nl\/?s={search_term_string}"},"query-input":{"@type":"PropertyValueSpecification","valueRequired":true,"valueName":"search_term_string"}}],"inLanguage":"nn-NO"},{"@type":"Organization","@id":"https:\/\/nanabeeldjes.nl\/#organization","name":"NANA FIGURINER","url":"https:\/\/nanabeeldjes.nl\/","logo":{"@type":"ImageObject","inLanguage":"nn-NO","@id":"https:\/\/nanabeeldjes.nl\/#\/schema\/logo\/image\/","url":"https:\/\/nanabeeldjes.nl\/wp-content\/uploads\/2024\/11\/cropped-nana_beeldjes_logo.png","contentUrl":"https:\/\/nanabeeldjes.nl\/wp-content\/uploads\/2024\/11\/cropped-nana_beeldjes_logo.png","width":921,"height":111,"caption":"NANA BEELDJES"},"image":{"@id":"https:\/\/nanabeeldjes.nl\/#\/schema\/logo\/image\/"}}]},"product_price_amount":"24.95","product_price_currency":"EUR","og_availability":"instock","product_availability":"instock","product_retailer_item_id":"nana-dans-los","product_condition":"new"},"_links":{"self":[{"href":"https:\/\/nanabeeldjes.nl\/nn\/wp-json\/wp\/v2\/product\/11818","targetHints":{"allow":["GET"]}}],"collection":[{"href":"https:\/\/nanabeeldjes.nl\/nn\/wp-json\/wp\/v2\/product"}],"about":[{"href":"https:\/\/nanabeeldjes.nl\/nn\/wp-json\/wp\/v2\/types\/product"}],"replies":[{"embeddable":true,"href":"https:\/\/nanabeeldjes.nl\/nn\/wp-json\/wp\/v2\/comments?post=11818"}],"wp:featuredmedia":[{"embeddable":true,"href":"https:\/\/nanabeeldjes.nl\/nn\/wp-json\/wp\/v2\/media\/17397"}],"wp:attachment":[{"href":"https:\/\/nanabeeldjes.nl\/nn\/wp-json\/wp\/v2\/media?parent=11818"}],"wp:term":[{"taxonomy":"product_brand","embeddable":true,"href":"https:\/\/nanabeeldjes.nl\/nn\/wp-json\/wp\/v2\/product_brand?post=11818"},{"taxonomy":"product_cat","embeddable":true,"href":"https:\/\/nanabeeldjes.nl\/nn\/wp-json\/wp\/v2\/product_cat?post=11818"},{"taxonomy":"product_tag","embeddable":true,"href":"https:\/\/nanabeeldjes.nl\/nn\/wp-json\/wp\/v2\/product_tag?post=11818"}],"curies":[{"name":"wp","href":"https:\/\/api.w.org\/{rel}","templated":true}]}}