{"id":17167,"date":"2024-10-13T11:49:11","date_gmt":"2024-10-13T09:49:11","guid":{"rendered":"https:\/\/nanabeeldjes.nl\/winkel\/niet-gecategoriseerd\/diy-pakket-brick-bear-beschilderen\/"},"modified":"2025-12-15T00:08:17","modified_gmt":"2025-12-14T23:08:17","slug":"diy-pakket-brick-bear-beschilderen","status":"publish","type":"product","link":"https:\/\/nanabeeldjes.nl\/nn\/winkel\/brick-bear-beeldjes\/diy-pakket-brick-bear-beschilderen\/","title":{"rendered":"DIY Kit Brick Bear Figur"},"content":{"rendered":"<p>Met dit nieuwe Brick bear-beeldje kun je thuis creatief aan de slag een uniek beeldje te beschilderen. Zo organiseer je een thuisworkshop met vrienden, vriendinnen of familie of ga je zelf aan de slag.<\/p>\n<p>&nbsp;<\/p>\n<h4><strong>Gj\u00f8r-det-selv-settet inneholder:<\/strong><\/h4>\n<ul>\n<li>Brick bear beeldje (polystone) van 16-18 cm*<\/li>\n<li>5 b\u00f8rster i forskjellige st\u00f8rrelser<\/li>\n<li>5 kopper Royal Talens Acrylverf<\/li>\n<li>Lakk, for et skinnende str\u00f8k<\/li>\n<\/ul>\n<h4><strong>Samle deg selv:<\/strong><\/h4>\n<ul>\n<li>Blyant<\/li>\n<li>En krukke med vann<\/li>\n<li>Kj\u00f8kkenpapir<\/li>\n<li>(Plast) plate<\/li>\n<\/ul>\n<p><strong>Beeldje Brick-bear<\/strong><\/p>\n<p>Liker du \u00e5 bruke en ettermiddag eller kveld p\u00e5 \u00e5 v\u00e6re kreativ? Men vet du ikke hvor du skal begynne, hvor du skal finne materialer eller hvordan du skal gjennomf\u00f8re prosjektet? Eller har du lyst til \u00e5 pr\u00f8ve ut en ny kreativ hobby f\u00f8rst, men vil ikke kj\u00f8pe en masse hobbymaterialer med en gang? Da er gj\u00f8r-det-selv-settet fra Artwise noe for deg!<\/p>\n<p>&nbsp;<\/p>\n<p><i>Creatief cadeau, Beeldjes om zelf te beschilderen, DIY knutselpakket volwassenen, DIY kit volwassenen<\/i><\/p>","protected":false},"excerpt":{"rendered":"<p>Beschilder nu jouw eigen unieke Brick Bear beeldje! Maak een prachtig ontwerp voor dit onbeschilderde beeldje. Het beeldje is gemaakt van stevig polystone met een prachtig glad oppervlak en 16-18 cm hoog x 6\/9 cm breed. Ga thuis aan de slag met acrylverf en maak een uniek eigen ontwerp. Leuk als cadeautje of uniek decoratiestuk in huis!<\/p>","protected":false},"featured_media":17456,"comment_status":"closed","ping_status":"closed","template":"","meta":{"site-sidebar-layout":"default","site-content-layout":"default","ast-site-content-layout":"default","site-content-style":"default","site-sidebar-style":"default","ast-global-header-display":"","ast-banner-title-visibility":"","ast-main-header-display":"","ast-hfb-above-header-display":"","ast-hfb-below-header-display":"","ast-hfb-mobile-header-display":"","site-post-title":"","ast-breadcrumbs-content":"","ast-featured-img":"","footer-sml-layout":"","ast-disable-related-posts":"","theme-transparent-header-meta":"default","adv-header-id-meta":"","stick-header-meta":"default","header-above-stick-meta":"","header-main-stick-meta":"","header-below-stick-meta":"","astra-migrate-meta-layouts":"set","ast-page-background-enabled":"default","ast-page-background-meta":{"desktop":{"background-color":"var(--ast-global-color-4)","background-image":"","background-repeat":"repeat","background-position":"center center","background-size":"auto","background-attachment":"scroll","background-type":"","background-media":"","overlay-type":"","overlay-color":"","overlay-opacity":"","overlay-gradient":""},"tablet":{"background-color":"","background-image":"","background-repeat":"repeat","background-position":"center center","background-size":"auto","background-attachment":"scroll","background-type":"","background-media":"","overlay-type":"","overlay-color":"","overlay-opacity":"","overlay-gradient":""},"mobile":{"background-color":"","background-image":"","background-repeat":"repeat","background-position":"center center","background-size":"auto","background-attachment":"scroll","background-type":"","background-media":"","overlay-type":"","overlay-color":"","overlay-opacity":"","overlay-gradient":""}},"ast-content-background-meta":{"desktop":{"background-color":"var(--ast-global-color-5)","background-image":"","background-repeat":"repeat","background-position":"center center","background-size":"auto","background-attachment":"scroll","background-type":"","background-media":"","overlay-type":"","overlay-color":"","overlay-opacity":"","overlay-gradient":""},"tablet":{"background-color":"var(--ast-global-color-5)","background-image":"","background-repeat":"repeat","background-position":"center center","background-size":"auto","background-attachment":"scroll","background-type":"","background-media":"","overlay-type":"","overlay-color":"","overlay-opacity":"","overlay-gradient":""},"mobile":{"background-color":"var(--ast-global-color-5)","background-image":"","background-repeat":"repeat","background-position":"center center","background-size":"auto","background-attachment":"scroll","background-type":"","background-media":"","overlay-type":"","overlay-color":"","overlay-opacity":"","overlay-gradient":""}}},"product_brand":[],"product_cat":[72,30,40],"product_tag":[],"class_list":{"0":"post-17167","1":"product","2":"type-product","3":"status-publish","4":"has-post-thumbnail","6":"product_cat-brick-bear-beeldjes","7":"product_cat-cadeau-tips","8":"product_cat-creatieve-diy-pakketten","9":"product_shipping_class-pakket","10":"desktop-align-left","11":"tablet-align-left","12":"mobile-align-left","13":"ast-product-gallery-layout-horizontal-slider","14":"ast-product-tabs-layout-horizontal","16":"first","17":"instock","18":"featured","19":"downloadable","20":"taxable","21":"shipping-taxable","22":"purchasable","23":"product-type-simple"},"yoast_head":"<!-- This site is optimized with the Yoast SEO Premium plugin v27.3 (Yoast SEO v27.5) - https:\/\/yoast.com\/product\/yoast-seo-premium-wordpress\/ -->\n<title>DIY Pakket Brick Bear Beeldje<\/title>\n<meta name=\"description\" content=\"Met dit nieuwe poly-stone Brick Bear DIY Pakket kun je naar je eigen smaak het beer-beeldje beschilderen. Maak zelf thuis een geweldig kunstwerk! Of leuk voor feestjes.\" \/>\n<meta name=\"robots\" content=\"index, follow, max-snippet:-1, max-image-preview:large, max-video-preview:-1\" \/>\n<link rel=\"canonical\" href=\"https:\/\/nanabeeldjes.nl\/nn\/winkel\/cadeau-tips\/diy-pakket-brick-bear-beschilderen\/\" \/>\n<meta property=\"og:locale\" content=\"nn_NO\" \/>\n<meta property=\"og:type\" content=\"article\" \/>\n<meta property=\"og:title\" content=\"Dikke dame beeldjes los\" \/>\n<meta property=\"og:description\" content=\"Dit polystone Dikke Dame beeldjes los 20 cm met kun je beschilderen naar je eigen smaak. Met mooie kortingen voor ateliers en grote groepen.\" \/>\n<meta property=\"og:url\" content=\"https:\/\/nanabeeldjes.nl\/nn\/winkel\/cadeau-tips\/diy-pakket-brick-bear-beschilderen\/\" \/>\n<meta property=\"og:site_name\" content=\"NANA BEELDJES\" \/>\n<meta property=\"article:modified_time\" content=\"2025-12-14T23:08:17+00:00\" \/>\n<meta name=\"twitter:card\" content=\"summary_large_image\" \/>\n<meta name=\"twitter:title\" content=\"DIY Pakket Brick Bear Beschilderen\" \/>\n<meta name=\"twitter:image\" content=\"https:\/\/nanabeeldjes.nl\/wp-content\/uploads\/2024\/11\/brick_bear_diy_pakket_artwise_02.webp\" \/>\n<meta name=\"twitter:label1\" content=\"Price\" \/>\n\t<meta name=\"twitter:data1\" content=\"&euro;&nbsp;29,95\" \/>\n\t<meta name=\"twitter:label2\" content=\"Availability\" \/>\n\t<meta name=\"twitter:data2\" content=\"In stock\" \/>\n<script type=\"application\/ld+json\" class=\"yoast-schema-graph\">{\"@context\":\"https:\\\/\\\/schema.org\",\"@graph\":[{\"@type\":[\"WebPage\",\"ItemPage\"],\"@id\":\"https:\\\/\\\/nanabeeldjes.nl\\\/winkel\\\/cadeau-tips\\\/diy-pakket-brick-bear-beschilderen\\\/\",\"url\":\"https:\\\/\\\/nanabeeldjes.nl\\\/winkel\\\/cadeau-tips\\\/diy-pakket-brick-bear-beschilderen\\\/\",\"name\":\"DIY Pakket Brick Bear Beeldje\",\"isPartOf\":{\"@id\":\"https:\\\/\\\/nanabeeldjes.nl\\\/#website\"},\"primaryImageOfPage\":{\"@id\":\"https:\\\/\\\/nanabeeldjes.nl\\\/winkel\\\/cadeau-tips\\\/diy-pakket-brick-bear-beschilderen\\\/#primaryimage\"},\"image\":{\"@id\":\"https:\\\/\\\/nanabeeldjes.nl\\\/winkel\\\/cadeau-tips\\\/diy-pakket-brick-bear-beschilderen\\\/#primaryimage\"},\"thumbnailUrl\":\"https:\\\/\\\/nanabeeldjes.nl\\\/wp-content\\\/uploads\\\/2024\\\/11\\\/brick_bear_diy_pakket_artwise_02.webp\",\"datePublished\":\"2024-10-13T09:49:11+00:00\",\"dateModified\":\"2025-12-14T23:08:17+00:00\",\"description\":\"Met dit nieuwe poly-stone Brick Bear DIY Pakket kun je naar je eigen smaak het beer-beeldje beschilderen. Maak zelf thuis een geweldig kunstwerk! Of leuk voor feestjes.\",\"breadcrumb\":{\"@id\":\"https:\\\/\\\/nanabeeldjes.nl\\\/winkel\\\/cadeau-tips\\\/diy-pakket-brick-bear-beschilderen\\\/#breadcrumb\"},\"inLanguage\":\"nn-NO\",\"potentialAction\":[{\"@type\":\"ReadAction\",\"target\":[\"https:\\\/\\\/nanabeeldjes.nl\\\/winkel\\\/cadeau-tips\\\/diy-pakket-brick-bear-beschilderen\\\/\"]}]},{\"@type\":\"ImageObject\",\"inLanguage\":\"nn-NO\",\"@id\":\"https:\\\/\\\/nanabeeldjes.nl\\\/winkel\\\/cadeau-tips\\\/diy-pakket-brick-bear-beschilderen\\\/#primaryimage\",\"url\":\"https:\\\/\\\/nanabeeldjes.nl\\\/wp-content\\\/uploads\\\/2024\\\/11\\\/brick_bear_diy_pakket_artwise_02.webp\",\"contentUrl\":\"https:\\\/\\\/nanabeeldjes.nl\\\/wp-content\\\/uploads\\\/2024\\\/11\\\/brick_bear_diy_pakket_artwise_02.webp\",\"width\":1080,\"height\":1080},{\"@type\":\"BreadcrumbList\",\"@id\":\"https:\\\/\\\/nanabeeldjes.nl\\\/winkel\\\/cadeau-tips\\\/diy-pakket-brick-bear-beschilderen\\\/#breadcrumb\",\"itemListElement\":[{\"@type\":\"ListItem\",\"position\":1,\"name\":\"Home\",\"item\":\"https:\\\/\\\/nanabeeldjes.nl\\\/\"},{\"@type\":\"ListItem\",\"position\":2,\"name\":\"Shop\",\"item\":\"https:\\\/\\\/nanabeeldjes.nl\\\/shop\\\/\"},{\"@type\":\"ListItem\",\"position\":3,\"name\":\"DIY Pakket Brick Bear Beschilderen\"}]},{\"@type\":\"WebSite\",\"@id\":\"https:\\\/\\\/nanabeeldjes.nl\\\/#website\",\"url\":\"https:\\\/\\\/nanabeeldjes.nl\\\/\",\"name\":\"NANA BEELDJES\",\"description\":\"Unieke creatieve schilderpakketten\",\"publisher\":{\"@id\":\"https:\\\/\\\/nanabeeldjes.nl\\\/#organization\"},\"potentialAction\":[{\"@type\":\"SearchAction\",\"target\":{\"@type\":\"EntryPoint\",\"urlTemplate\":\"https:\\\/\\\/nanabeeldjes.nl\\\/?s={search_term_string}\"},\"query-input\":{\"@type\":\"PropertyValueSpecification\",\"valueRequired\":true,\"valueName\":\"search_term_string\"}}],\"inLanguage\":\"nn-NO\"},{\"@type\":\"Organization\",\"@id\":\"https:\\\/\\\/nanabeeldjes.nl\\\/#organization\",\"name\":\"NANA BEELDJES\",\"url\":\"https:\\\/\\\/nanabeeldjes.nl\\\/\",\"logo\":{\"@type\":\"ImageObject\",\"inLanguage\":\"nn-NO\",\"@id\":\"https:\\\/\\\/nanabeeldjes.nl\\\/#\\\/schema\\\/logo\\\/image\\\/\",\"url\":\"https:\\\/\\\/nanabeeldjes.nl\\\/wp-content\\\/uploads\\\/2024\\\/11\\\/cropped-nana_beeldjes_logo.png\",\"contentUrl\":\"https:\\\/\\\/nanabeeldjes.nl\\\/wp-content\\\/uploads\\\/2024\\\/11\\\/cropped-nana_beeldjes_logo.png\",\"width\":921,\"height\":111,\"caption\":\"NANA BEELDJES\"},\"image\":{\"@id\":\"https:\\\/\\\/nanabeeldjes.nl\\\/#\\\/schema\\\/logo\\\/image\\\/\"}}]}<\/script>\n<meta property=\"product:price:amount\" content=\"29.95\" \/>\n<meta property=\"product:price:currency\" content=\"EUR\" \/>\n<meta property=\"og:availability\" content=\"instock\" \/>\n<meta property=\"product:availability\" content=\"instock\" \/>\n<meta property=\"product:retailer_item_id\" content=\"nana-diy-pakket-brick-bear\" \/>\n<meta property=\"product:condition\" content=\"new\" \/>\n<!-- \/ Yoast SEO Premium plugin. -->","yoast_head_json":{"title":"DIY Pakket Brick Bear Beeldje","description":"Met dit nieuwe poly-stone Brick Bear DIY Pakket kun je naar je eigen smaak het beer-beeldje beschilderen. Maak zelf thuis een geweldig kunstwerk! Of leuk voor feestjes.","robots":{"index":"index","follow":"follow","max-snippet":"max-snippet:-1","max-image-preview":"max-image-preview:large","max-video-preview":"max-video-preview:-1"},"canonical":"https:\/\/nanabeeldjes.nl\/nn\/winkel\/cadeau-tips\/diy-pakket-brick-bear-beschilderen\/","og_locale":"nn_NO","og_type":"article","og_title":"Dikke dame beeldjes los","og_description":"Dit polystone Dikke Dame beeldjes los 20 cm met kun je beschilderen naar je eigen smaak. Met mooie kortingen voor ateliers en grote groepen.","og_url":"https:\/\/nanabeeldjes.nl\/nn\/winkel\/cadeau-tips\/diy-pakket-brick-bear-beschilderen\/","og_site_name":"NANA BEELDJES","article_modified_time":"2025-12-14T23:08:17+00:00","twitter_card":"summary_large_image","twitter_title":"DIY Pakket Brick Bear Beschilderen","twitter_image":"https:\/\/nanabeeldjes.nl\/wp-content\/uploads\/2024\/11\/brick_bear_diy_pakket_artwise_02.webp","twitter_misc":{"Price":"&euro;&nbsp;29,95","Availability":"In stock"},"schema":{"@context":"https:\/\/schema.org","@graph":[{"@type":["WebPage","ItemPage"],"@id":"https:\/\/nanabeeldjes.nl\/winkel\/cadeau-tips\/diy-pakket-brick-bear-beschilderen\/","url":"https:\/\/nanabeeldjes.nl\/winkel\/cadeau-tips\/diy-pakket-brick-bear-beschilderen\/","name":"DIY Pakket Brick Bear Beeldje","isPartOf":{"@id":"https:\/\/nanabeeldjes.nl\/#website"},"primaryImageOfPage":{"@id":"https:\/\/nanabeeldjes.nl\/winkel\/cadeau-tips\/diy-pakket-brick-bear-beschilderen\/#primaryimage"},"image":{"@id":"https:\/\/nanabeeldjes.nl\/winkel\/cadeau-tips\/diy-pakket-brick-bear-beschilderen\/#primaryimage"},"thumbnailUrl":"https:\/\/nanabeeldjes.nl\/wp-content\/uploads\/2024\/11\/brick_bear_diy_pakket_artwise_02.webp","datePublished":"2024-10-13T09:49:11+00:00","dateModified":"2025-12-14T23:08:17+00:00","description":"Met dit nieuwe poly-stone Brick Bear DIY Pakket kun je naar je eigen smaak het beer-beeldje beschilderen. Maak zelf thuis een geweldig kunstwerk! Of leuk voor feestjes.","breadcrumb":{"@id":"https:\/\/nanabeeldjes.nl\/winkel\/cadeau-tips\/diy-pakket-brick-bear-beschilderen\/#breadcrumb"},"inLanguage":"nn-NO","potentialAction":[{"@type":"ReadAction","target":["https:\/\/nanabeeldjes.nl\/winkel\/cadeau-tips\/diy-pakket-brick-bear-beschilderen\/"]}]},{"@type":"ImageObject","inLanguage":"nn-NO","@id":"https:\/\/nanabeeldjes.nl\/winkel\/cadeau-tips\/diy-pakket-brick-bear-beschilderen\/#primaryimage","url":"https:\/\/nanabeeldjes.nl\/wp-content\/uploads\/2024\/11\/brick_bear_diy_pakket_artwise_02.webp","contentUrl":"https:\/\/nanabeeldjes.nl\/wp-content\/uploads\/2024\/11\/brick_bear_diy_pakket_artwise_02.webp","width":1080,"height":1080},{"@type":"BreadcrumbList","@id":"https:\/\/nanabeeldjes.nl\/winkel\/cadeau-tips\/diy-pakket-brick-bear-beschilderen\/#breadcrumb","itemListElement":[{"@type":"ListItem","position":1,"name":"Home","item":"https:\/\/nanabeeldjes.nl\/"},{"@type":"ListItem","position":2,"name":"Shop","item":"https:\/\/nanabeeldjes.nl\/shop\/"},{"@type":"ListItem","position":3,"name":"DIY Pakket Brick Bear Beschilderen"}]},{"@type":"WebSite","@id":"https:\/\/nanabeeldjes.nl\/#website","url":"https:\/\/nanabeeldjes.nl\/","name":"NANA FIGURINER","description":"Unieke creatieve schilderpakketten","publisher":{"@id":"https:\/\/nanabeeldjes.nl\/#organization"},"potentialAction":[{"@type":"SearchAction","target":{"@type":"EntryPoint","urlTemplate":"https:\/\/nanabeeldjes.nl\/?s={search_term_string}"},"query-input":{"@type":"PropertyValueSpecification","valueRequired":true,"valueName":"search_term_string"}}],"inLanguage":"nn-NO"},{"@type":"Organization","@id":"https:\/\/nanabeeldjes.nl\/#organization","name":"NANA FIGURINER","url":"https:\/\/nanabeeldjes.nl\/","logo":{"@type":"ImageObject","inLanguage":"nn-NO","@id":"https:\/\/nanabeeldjes.nl\/#\/schema\/logo\/image\/","url":"https:\/\/nanabeeldjes.nl\/wp-content\/uploads\/2024\/11\/cropped-nana_beeldjes_logo.png","contentUrl":"https:\/\/nanabeeldjes.nl\/wp-content\/uploads\/2024\/11\/cropped-nana_beeldjes_logo.png","width":921,"height":111,"caption":"NANA BEELDJES"},"image":{"@id":"https:\/\/nanabeeldjes.nl\/#\/schema\/logo\/image\/"}}]},"product_price_amount":"29.95","product_price_currency":"EUR","og_availability":"instock","product_availability":"instock","product_retailer_item_id":"nana-diy-pakket-brick-bear","product_condition":"new"},"_links":{"self":[{"href":"https:\/\/nanabeeldjes.nl\/nn\/wp-json\/wp\/v2\/product\/17167","targetHints":{"allow":["GET"]}}],"collection":[{"href":"https:\/\/nanabeeldjes.nl\/nn\/wp-json\/wp\/v2\/product"}],"about":[{"href":"https:\/\/nanabeeldjes.nl\/nn\/wp-json\/wp\/v2\/types\/product"}],"replies":[{"embeddable":true,"href":"https:\/\/nanabeeldjes.nl\/nn\/wp-json\/wp\/v2\/comments?post=17167"}],"wp:featuredmedia":[{"embeddable":true,"href":"https:\/\/nanabeeldjes.nl\/nn\/wp-json\/wp\/v2\/media\/17456"}],"wp:attachment":[{"href":"https:\/\/nanabeeldjes.nl\/nn\/wp-json\/wp\/v2\/media?parent=17167"}],"wp:term":[{"taxonomy":"product_brand","embeddable":true,"href":"https:\/\/nanabeeldjes.nl\/nn\/wp-json\/wp\/v2\/product_brand?post=17167"},{"taxonomy":"product_cat","embeddable":true,"href":"https:\/\/nanabeeldjes.nl\/nn\/wp-json\/wp\/v2\/product_cat?post=17167"},{"taxonomy":"product_tag","embeddable":true,"href":"https:\/\/nanabeeldjes.nl\/nn\/wp-json\/wp\/v2\/product_tag?post=17167"}],"curies":[{"name":"wp","href":"https:\/\/api.w.org\/{rel}","templated":true}]}}