{"id":3,"date":"2024-03-16T10:26:45","date_gmt":"2024-03-16T10:26:45","guid":{"rendered":"https:\/\/nanabeeldjes.nl\/?page_id=3"},"modified":"2025-02-24T13:36:39","modified_gmt":"2025-02-24T12:36:39","slug":"privacy-policy","status":"publish","type":"page","link":"https:\/\/nanabeeldjes.nl\/pl\/privacy-policy\/","title":{"rendered":"Privacy policy"},"content":{"rendered":"<div data-elementor-type=\"wp-page\" data-elementor-id=\"3\" class=\"elementor elementor-3\" data-elementor-post-type=\"page\">\n\t\t\t\t<div class=\"elementor-element elementor-element-3e6c0678 e-flex e-con-boxed e-con e-parent\" data-id=\"3e6c0678\" data-element_type=\"container\" data-e-type=\"container\">\n\t\t\t\t\t<div class=\"e-con-inner\">\n\t\t\t\t<div class=\"elementor-element elementor-element-5b8bd34b elementor-widget elementor-widget-text-editor\" data-id=\"5b8bd34b\" data-element_type=\"widget\" data-e-type=\"widget\" data-widget_type=\"text-editor.default\">\n\t\t\t\t<div class=\"elementor-widget-container\">\n\t\t\t\t\t\t\t\t\t<p><strong>Polityka prywatno\u015bci Artwise<br><\/strong>Korzystaj\u0105c z tej witryny, u\u017cytkownik akceptuje nasz\u0105 polityk\u0119 prywatno\u015bci. Poniewa\u017c prywatno\u015b\u0107 u\u017cytkownika jest wa\u017cna, wyja\u015bniamy tutaj, w jaki spos\u00f3b przetwarzane s\u0105 jego dane osobowe podczas korzystania z naszych us\u0142ug.&nbsp;<span style=\"font-style: inherit; font-weight: inherit; text-align: var(--text-align);\">Je\u015bli po przeczytaniu tego tekstu nadal masz pytania, ch\u0119tnie si\u0119 z Tob\u0105 skontaktujemy. Nasze dane kontaktowe znajduj\u0105 si\u0119 na dole tej strony.<\/span><\/p>\n<p><span style=\"font-style: inherit; font-weight: inherit; text-align: var(--text-align);\">&nbsp;<\/span><\/p>\n<p><strong>Dane osobowe<br><\/strong>Artwise traktuje Twoje dane osobowe z nale\u017cyt\u0105 staranno\u015bci\u0105. Podczas tworzenia konta u nas prosimy o podanie mi\u0119dzy innymi imienia i nazwiska, adresu e-mail, danych adresowych i (je\u015bli s\u0105 inne) danych do faktury. U\u017cywamy tych danych do wysy\u0142ania zam\u00f3wionych artyku\u0142\u00f3w i faktur oraz do udzielania dalszych instrukcji dotycz\u0105cych tworzenia konta Artwise. Dane osobowe u\u017cytkownika b\u0119d\u0105 traktowane przez Artwise w spos\u00f3b ostro\u017cny i poufny i b\u0119d\u0105 udost\u0119pniane stronom trzecim wy\u0142\u0105cznie w zwi\u0105zku z transakcjami p\u0142atniczymi i dostaw\u0105. U\u017cytkownik mo\u017ce r\u00f3wnie\u017c wskaza\u0107 (np. podczas procedury sk\u0142adania zam\u00f3wienia), czy chce otrzymywa\u0107 nasz okresowy biuletyn. U\u017cytkownik mo\u017ce jednak zrezygnowa\u0107 z subskrypcji w dowolnym momencie, je\u015bli nie jest zainteresowany otrzymywaniem naszego biuletynu. Na dole ka\u017cdego newslettera znajduje si\u0119 przycisk rezygnacji z subskrypcji.&nbsp;<span style=\"font-style: inherit; font-weight: inherit; text-align: var(--text-align);\">Je\u015bli chcesz zmieni\u0107 swoje dane lub usun\u0105\u0107 je z naszych plik\u00f3w, skontaktuj si\u0119 z nami. Dane kontaktowe znajduj\u0105 si\u0119 poni\u017cej.&nbsp;<\/span><span style=\"font-style: inherit; font-weight: inherit; text-align: var(--text-align);\">Rejestracja u nas odbywa si\u0119 za po\u015brednictwem strony https:\/\/, co oznacza, \u017ce odbywa si\u0119 za po\u015brednictwem bezpiecznego po\u0142\u0105czenia z nami. Nie mo\u017cemy zobaczy\u0107 Twojego has\u0142a. Dane, kt\u00f3rymi dzielimy si\u0119 z ruchem p\u0142atno\u015bci i dostaw, r\u00f3wnie\u017c odbywaj\u0105 si\u0119 za po\u015brednictwem tego samego bezpiecznego po\u0142\u0105czenia.<\/span><\/p>\n<p><span style=\"font-style: inherit; font-weight: inherit; text-align: var(--text-align);\">&nbsp;<\/span><\/p>\n<p><strong>Dane osobowe i osoby trzecie<br><\/strong>Dane osobowe u\u017cytkownika nie b\u0119d\u0105 przekazywane stronom trzecim bez jego wyra\u017anej zgody.&nbsp;<span style=\"font-style: inherit; font-weight: inherit; text-align: var(--text-align);\">Pracownicy i partnerzy s\u0105 zobowi\u0105zani do zachowania poufno\u015bci danych u\u017cytkownika.<\/span><\/p>\t\t\t\t\t\t\t\t<\/div>\n\t\t\t\t<\/div>\n\t\t\t\t\t<\/div>\n\t\t\t\t<\/div>\n\t\t\t\t<\/div>","protected":false},"excerpt":{"rendered":"<p>Privacybeleid ArtwiseDoor gebruik te maken van deze website geef je aan ons privacy beleid te accepteren. Omdat jouw privacy belangrijk is, leggen wij hier duidelijk uit hoe je persoonsgegevens worden verwerkt als je gebruik maakt van onze dienst.&nbsp;Wanneer je na het lezen van dit schrijven nog steeds vragen hebt, vernemen wij dat graag. Zie hiervoor [&hellip;]<\/p>","protected":false},"author":1,"featured_media":0,"parent":0,"menu_order":0,"comment_status":"closed","ping_status":"open","template":"","meta":{"site-sidebar-layout":"default","site-content-layout":"","ast-site-content-layout":"default","site-content-style":"default","site-sidebar-style":"default","ast-global-header-display":"","ast-banner-title-visibility":"","ast-main-header-display":"","ast-hfb-above-header-display":"","ast-hfb-below-header-display":"","ast-hfb-mobile-header-display":"","site-post-title":"","ast-breadcrumbs-content":"","ast-featured-img":"","footer-sml-layout":"","ast-disable-related-posts":"","theme-transparent-header-meta":"","adv-header-id-meta":"","stick-header-meta":"","header-above-stick-meta":"","header-main-stick-meta":"","header-below-stick-meta":"","astra-migrate-meta-layouts":"set","ast-page-background-enabled":"default","ast-page-background-meta":{"desktop":{"background-color":"var(--ast-global-color-4)","background-image":"","background-repeat":"repeat","background-position":"center center","background-size":"auto","background-attachment":"scroll","background-type":"","background-media":"","overlay-type":"","overlay-color":"","overlay-opacity":"","overlay-gradient":""},"tablet":{"background-color":"","background-image":"","background-repeat":"repeat","background-position":"center center","background-size":"auto","background-attachment":"scroll","background-type":"","background-media":"","overlay-type":"","overlay-color":"","overlay-opacity":"","overlay-gradient":""},"mobile":{"background-color":"","background-image":"","background-repeat":"repeat","background-position":"center center","background-size":"auto","background-attachment":"scroll","background-type":"","background-media":"","overlay-type":"","overlay-color":"","overlay-opacity":"","overlay-gradient":""}},"ast-content-background-meta":{"desktop":{"background-color":"var(--ast-global-color-5)","background-image":"","background-repeat":"repeat","background-position":"center center","background-size":"auto","background-attachment":"scroll","background-type":"","background-media":"","overlay-type":"","overlay-color":"","overlay-opacity":"","overlay-gradient":""},"tablet":{"background-color":"var(--ast-global-color-5)","background-image":"","background-repeat":"repeat","background-position":"center center","background-size":"auto","background-attachment":"scroll","background-type":"","background-media":"","overlay-type":"","overlay-color":"","overlay-opacity":"","overlay-gradient":""},"mobile":{"background-color":"var(--ast-global-color-5)","background-image":"","background-repeat":"repeat","background-position":"center center","background-size":"auto","background-attachment":"scroll","background-type":"","background-media":"","overlay-type":"","overlay-color":"","overlay-opacity":"","overlay-gradient":""}},"footnotes":""},"class_list":["post-3","page","type-page","status-publish","hentry"],"yoast_head":"<!-- This site is optimized with the Yoast SEO Premium plugin v27.3 (Yoast SEO v27.5) - https:\/\/yoast.com\/product\/yoast-seo-premium-wordpress\/ -->\n<title>Privacy policy - NANA BEELDJES<\/title>\n<meta name=\"robots\" content=\"index, follow, max-snippet:-1, max-image-preview:large, max-video-preview:-1\" \/>\n<link rel=\"canonical\" href=\"https:\/\/nanabeeldjes.nl\/pl\/privacy-policy\/\" \/>\n<meta property=\"og:locale\" content=\"pl_PL\" \/>\n<meta property=\"og:type\" content=\"article\" \/>\n<meta property=\"og:title\" content=\"Privacy policy\" \/>\n<meta property=\"og:description\" content=\"Privacybeleid ArtwiseDoor gebruik te maken van deze website geef je aan ons privacy beleid te accepteren. Omdat jouw privacy belangrijk is, leggen wij hier duidelijk uit hoe je persoonsgegevens worden verwerkt als je gebruik maakt van onze dienst.&nbsp;Wanneer je na het lezen van dit schrijven nog steeds vragen hebt, vernemen wij dat graag. Zie hiervoor [&hellip;]\" \/>\n<meta property=\"og:url\" content=\"https:\/\/nanabeeldjes.nl\/pl\/privacy-policy\/\" \/>\n<meta property=\"og:site_name\" content=\"NANA BEELDJES\" \/>\n<meta property=\"article:modified_time\" content=\"2025-02-24T12:36:39+00:00\" \/>\n<meta name=\"twitter:card\" content=\"summary_large_image\" \/>\n<meta name=\"twitter:label1\" content=\"Szacowany czas czytania\" \/>\n\t<meta name=\"twitter:data1\" content=\"2 minuty\" \/>\n<script type=\"application\/ld+json\" class=\"yoast-schema-graph\">{\"@context\":\"https:\\\/\\\/schema.org\",\"@graph\":[{\"@type\":\"WebPage\",\"@id\":\"https:\\\/\\\/nanabeeldjes.nl\\\/privacy-policy\\\/\",\"url\":\"https:\\\/\\\/nanabeeldjes.nl\\\/privacy-policy\\\/\",\"name\":\"Privacy policy - NANA BEELDJES\",\"isPartOf\":{\"@id\":\"https:\\\/\\\/nanabeeldjes.nl\\\/#website\"},\"datePublished\":\"2024-03-16T10:26:45+00:00\",\"dateModified\":\"2025-02-24T12:36:39+00:00\",\"breadcrumb\":{\"@id\":\"https:\\\/\\\/nanabeeldjes.nl\\\/privacy-policy\\\/#breadcrumb\"},\"inLanguage\":\"pl-PL\",\"potentialAction\":[{\"@type\":\"ReadAction\",\"target\":[\"https:\\\/\\\/nanabeeldjes.nl\\\/privacy-policy\\\/\"]}]},{\"@type\":\"BreadcrumbList\",\"@id\":\"https:\\\/\\\/nanabeeldjes.nl\\\/privacy-policy\\\/#breadcrumb\",\"itemListElement\":[{\"@type\":\"ListItem\",\"position\":1,\"name\":\"Home\",\"item\":\"https:\\\/\\\/nanabeeldjes.nl\\\/\"},{\"@type\":\"ListItem\",\"position\":2,\"name\":\"Privacy policy\"}]},{\"@type\":\"WebSite\",\"@id\":\"https:\\\/\\\/nanabeeldjes.nl\\\/#website\",\"url\":\"https:\\\/\\\/nanabeeldjes.nl\\\/\",\"name\":\"NANA BEELDJES\",\"description\":\"Unieke creatieve schilderpakketten\",\"publisher\":{\"@id\":\"https:\\\/\\\/nanabeeldjes.nl\\\/#organization\"},\"potentialAction\":[{\"@type\":\"SearchAction\",\"target\":{\"@type\":\"EntryPoint\",\"urlTemplate\":\"https:\\\/\\\/nanabeeldjes.nl\\\/?s={search_term_string}\"},\"query-input\":{\"@type\":\"PropertyValueSpecification\",\"valueRequired\":true,\"valueName\":\"search_term_string\"}}],\"inLanguage\":\"pl-PL\"},{\"@type\":\"Organization\",\"@id\":\"https:\\\/\\\/nanabeeldjes.nl\\\/#organization\",\"name\":\"NANA BEELDJES\",\"url\":\"https:\\\/\\\/nanabeeldjes.nl\\\/\",\"logo\":{\"@type\":\"ImageObject\",\"inLanguage\":\"pl-PL\",\"@id\":\"https:\\\/\\\/nanabeeldjes.nl\\\/#\\\/schema\\\/logo\\\/image\\\/\",\"url\":\"https:\\\/\\\/nanabeeldjes.nl\\\/wp-content\\\/uploads\\\/2024\\\/11\\\/cropped-nana_beeldjes_logo.png\",\"contentUrl\":\"https:\\\/\\\/nanabeeldjes.nl\\\/wp-content\\\/uploads\\\/2024\\\/11\\\/cropped-nana_beeldjes_logo.png\",\"width\":921,\"height\":111,\"caption\":\"NANA BEELDJES\"},\"image\":{\"@id\":\"https:\\\/\\\/nanabeeldjes.nl\\\/#\\\/schema\\\/logo\\\/image\\\/\"}}]}<\/script>\n<!-- \/ Yoast SEO Premium plugin. -->","yoast_head_json":{"title":"Privacy policy - NANA BEELDJES","robots":{"index":"index","follow":"follow","max-snippet":"max-snippet:-1","max-image-preview":"max-image-preview:large","max-video-preview":"max-video-preview:-1"},"canonical":"https:\/\/nanabeeldjes.nl\/pl\/privacy-policy\/","og_locale":"pl_PL","og_type":"article","og_title":"Privacy policy","og_description":"Privacybeleid ArtwiseDoor gebruik te maken van deze website geef je aan ons privacy beleid te accepteren. Omdat jouw privacy belangrijk is, leggen wij hier duidelijk uit hoe je persoonsgegevens worden verwerkt als je gebruik maakt van onze dienst.&nbsp;Wanneer je na het lezen van dit schrijven nog steeds vragen hebt, vernemen wij dat graag. Zie hiervoor [&hellip;]","og_url":"https:\/\/nanabeeldjes.nl\/pl\/privacy-policy\/","og_site_name":"NANA BEELDJES","article_modified_time":"2025-02-24T12:36:39+00:00","twitter_card":"summary_large_image","twitter_misc":{"Szacowany czas czytania":"2 minuty"},"schema":{"@context":"https:\/\/schema.org","@graph":[{"@type":"WebPage","@id":"https:\/\/nanabeeldjes.nl\/privacy-policy\/","url":"https:\/\/nanabeeldjes.nl\/privacy-policy\/","name":"Privacy policy - NANA BEELDJES","isPartOf":{"@id":"https:\/\/nanabeeldjes.nl\/#website"},"datePublished":"2024-03-16T10:26:45+00:00","dateModified":"2025-02-24T12:36:39+00:00","breadcrumb":{"@id":"https:\/\/nanabeeldjes.nl\/privacy-policy\/#breadcrumb"},"inLanguage":"pl-PL","potentialAction":[{"@type":"ReadAction","target":["https:\/\/nanabeeldjes.nl\/privacy-policy\/"]}]},{"@type":"BreadcrumbList","@id":"https:\/\/nanabeeldjes.nl\/privacy-policy\/#breadcrumb","itemListElement":[{"@type":"ListItem","position":1,"name":"Home","item":"https:\/\/nanabeeldjes.nl\/"},{"@type":"ListItem","position":2,"name":"Privacy policy"}]},{"@type":"WebSite","@id":"https:\/\/nanabeeldjes.nl\/#website","url":"https:\/\/nanabeeldjes.nl\/","name":"FIGURKI NANA","description":"Unieke creatieve schilderpakketten","publisher":{"@id":"https:\/\/nanabeeldjes.nl\/#organization"},"potentialAction":[{"@type":"SearchAction","target":{"@type":"EntryPoint","urlTemplate":"https:\/\/nanabeeldjes.nl\/?s={search_term_string}"},"query-input":{"@type":"PropertyValueSpecification","valueRequired":true,"valueName":"search_term_string"}}],"inLanguage":"pl-PL"},{"@type":"Organization","@id":"https:\/\/nanabeeldjes.nl\/#organization","name":"FIGURKI NANA","url":"https:\/\/nanabeeldjes.nl\/","logo":{"@type":"ImageObject","inLanguage":"pl-PL","@id":"https:\/\/nanabeeldjes.nl\/#\/schema\/logo\/image\/","url":"https:\/\/nanabeeldjes.nl\/wp-content\/uploads\/2024\/11\/cropped-nana_beeldjes_logo.png","contentUrl":"https:\/\/nanabeeldjes.nl\/wp-content\/uploads\/2024\/11\/cropped-nana_beeldjes_logo.png","width":921,"height":111,"caption":"NANA BEELDJES"},"image":{"@id":"https:\/\/nanabeeldjes.nl\/#\/schema\/logo\/image\/"}}]}},"_links":{"self":[{"href":"https:\/\/nanabeeldjes.nl\/pl\/wp-json\/wp\/v2\/pages\/3","targetHints":{"allow":["GET"]}}],"collection":[{"href":"https:\/\/nanabeeldjes.nl\/pl\/wp-json\/wp\/v2\/pages"}],"about":[{"href":"https:\/\/nanabeeldjes.nl\/pl\/wp-json\/wp\/v2\/types\/page"}],"author":[{"embeddable":true,"href":"https:\/\/nanabeeldjes.nl\/pl\/wp-json\/wp\/v2\/users\/1"}],"replies":[{"embeddable":true,"href":"https:\/\/nanabeeldjes.nl\/pl\/wp-json\/wp\/v2\/comments?post=3"}],"version-history":[{"count":10,"href":"https:\/\/nanabeeldjes.nl\/pl\/wp-json\/wp\/v2\/pages\/3\/revisions"}],"predecessor-version":[{"id":17895,"href":"https:\/\/nanabeeldjes.nl\/pl\/wp-json\/wp\/v2\/pages\/3\/revisions\/17895"}],"wp:attachment":[{"href":"https:\/\/nanabeeldjes.nl\/pl\/wp-json\/wp\/v2\/media?parent=3"}],"curies":[{"name":"wp","href":"https:\/\/api.w.org\/{rel}","templated":true}]}}