{"id":11774,"date":"2022-08-09T08:11:49","date_gmt":"2022-08-09T06:11:49","guid":{"rendered":"https:\/\/nanabeeldjes.nl\/winkel\/niet-gecategoriseerd\/dikke-dame-beeldje-los-klassiek-yoga\/"},"modified":"2025-12-15T00:16:03","modified_gmt":"2025-12-14T23:16:03","slug":"nana-beeldje-yoga-los-diy","status":"publish","type":"product","link":"https:\/\/nanabeeldjes.nl\/pl\/winkel\/cadeau-tips\/nana-beeldje-yoga-los-diy\/","title":{"rendered":"Figurka Nana Yoga DIY"},"content":{"rendered":"<p>Dzi\u0119ki naszej figurce Nana mo\u017cesz wykaza\u0107 si\u0119 kreatywno\u015bci\u0105 w domu. Z \u0142atwo\u015bci\u0105 pomaluj t\u0119 wyj\u0105tkow\u0105 figurk\u0119 w domu. Zorganizuj domowe warsztaty z przyjaci\u00f3\u0142mi, kole\u017cankami lub rodzin\u0105 albo zr\u00f3b to sam. Podczas kreatywnych warsztat\u00f3w w Artwise inspirujemy si\u0119 artystk\u0105 Niki de Saint Phalle. Ta francuska malarka i rze\u017abiarka stworzy\u0142a swoje pierwsze rze\u017aby kolorowych kobiet w 1965 roku. Rze\u017aby te nazwa\u0142a Nana's. Jej Nany symbolizuj\u0105 silne i wolne kobiety. Pod\u0105\u017caj\u0105c \u015bladami tej francuskiej artystki, mo\u017cesz namalowa\u0107 swoj\u0105 w\u0142asn\u0105 kolorow\u0105 Nan\u0119! Wybierz wz\u00f3r na <a href=\"\/\/nl.pinterest.com\/artwise0418\/dikke-dame-beeldjes-artwise-workshops\/?invite_code=8f6d27c08f684973ae3ac92c95800c1b&amp;sender=806074170713579610\\&quot;\" target=\"\\&quot;_blank\\&quot;\" rel=\"\\&quot;noopener\\&quot; noopener\">Pinterest<\/a>, pomaluj figurk\u0119 farb\u0105 akrylow\u0105 i stw\u00f3rz swoj\u0105 unikaln\u0105 figurk\u0119!<\/p>\n<p>&nbsp;<\/p>\n<p>Figurki s\u0105 wykonywane r\u0119cznie. Oznacza to, \u017ce na figurkach mog\u0105 by\u0107 widoczne minimalne niedoskona\u0142o\u015bci. Na szcz\u0119\u015bcie niedoskona\u0142o\u015bci te mo\u017cna doskonale zatuszowa\u0107 poprzez malowanie.<\/p>\n<p>&nbsp;<\/p>\n<p>Lubisz sp\u0119dza\u0107 popo\u0142udnia lub wieczory na kreatywnej zabawie? Ale nie wiesz od czego zacz\u0105\u0107, gdzie znale\u017a\u0107 materia\u0142y lub jak wykona\u0107 projekt? A mo\u017ce chcesz najpierw wypr\u00f3bowa\u0107 nowe kreatywne hobby, ale nie chcesz od razu kupowa\u0107 wielu materia\u0142\u00f3w hobbystycznych? W takim razie zestaw do samodzielnego wykonania od Artwise jest w\u0142a\u015bnie dla Ciebie!<\/p>\n<p>&nbsp;<\/p>\n<p>Wolisz zacz\u0105\u0107 od zestawu Artwise do samodzielnego wykonania, zawieraj\u0105cego wszystkie materia\u0142y i instrukcje? Za dodatkowe 5\u20ac otrzymasz kompletny zestaw do kreatywnego malowania. <a href=\"https:\/\/nanabeeldjes.nl\/pl\/winkel\/cadeau-tips\/diy-pakket-nana-beeldje-beschilderen-yoga-dans\/\">Kliknij tutaj<\/a><\/p>\n<p>&nbsp;<\/p>\n<p><i>Kreatywny prezent, Grube figurki damskie do samodzielnego pomalowania, Zestaw do majsterkowania dla doros\u0142ych, Zestaw do majsterkowania dla doros\u0142ych, Grube figurki kobiet, Grube figurki damskie<\/i><\/p>","protected":false},"excerpt":{"rendered":"<p>Ta polistyrenowa figurka Nany o wysoko\u015bci ok. 20 cm z coko\u0142em mo\u017ce by\u0107 pomalowana wed\u0142ug w\u0142asnych upodoba\u0144. Te weso\u0142e i popularne figurki s\u0105 r\u00f3wnie\u017c nazywane Fat Ladies lub Dolly's. Figurki Nana s\u0105 znane dzi\u0119ki francuskiej malarce i rze\u017abiarce Niki de Saint Phalle. Jej figurki Nana symbolizuj\u0105 siln\u0105 i woln\u0105 kobiet\u0119.<\/p>\n<p>W naszym sklepie internetowym znajdziesz 2 rodzaje figurek. Wybierz jeden z wariant\u00f3w jogi lub ta\u0144ca. Nast\u0119pnie zabierz si\u0119 do pracy w domu z farb\u0105 akrylow\u0105 i stw\u00f3rz sw\u00f3j w\u0142asny, niepowtarzalny projekt!<\/p>","protected":false},"featured_media":17750,"comment_status":"closed","ping_status":"closed","template":"","meta":{"site-sidebar-layout":"default","site-content-layout":"default","ast-site-content-layout":"default","site-content-style":"default","site-sidebar-style":"default","ast-global-header-display":"","ast-banner-title-visibility":"","ast-main-header-display":"","ast-hfb-above-header-display":"","ast-hfb-below-header-display":"","ast-hfb-mobile-header-display":"","site-post-title":"","ast-breadcrumbs-content":"","ast-featured-img":"","footer-sml-layout":"","ast-disable-related-posts":"","theme-transparent-header-meta":"default","adv-header-id-meta":"","stick-header-meta":"default","header-above-stick-meta":"","header-main-stick-meta":"","header-below-stick-meta":"","astra-migrate-meta-layouts":"set","ast-page-background-enabled":"default","ast-page-background-meta":{"desktop":{"background-color":"var(--ast-global-color-4)","background-image":"","background-repeat":"repeat","background-position":"center center","background-size":"auto","background-attachment":"scroll","background-type":"","background-media":"","overlay-type":"","overlay-color":"","overlay-opacity":"","overlay-gradient":""},"tablet":{"background-color":"","background-image":"","background-repeat":"repeat","background-position":"center center","background-size":"auto","background-attachment":"scroll","background-type":"","background-media":"","overlay-type":"","overlay-color":"","overlay-opacity":"","overlay-gradient":""},"mobile":{"background-color":"","background-image":"","background-repeat":"repeat","background-position":"center center","background-size":"auto","background-attachment":"scroll","background-type":"","background-media":"","overlay-type":"","overlay-color":"","overlay-opacity":"","overlay-gradient":""}},"ast-content-background-meta":{"desktop":{"background-color":"var(--ast-global-color-5)","background-image":"","background-repeat":"repeat","background-position":"center center","background-size":"auto","background-attachment":"scroll","background-type":"","background-media":"","overlay-type":"","overlay-color":"","overlay-opacity":"","overlay-gradient":""},"tablet":{"background-color":"var(--ast-global-color-5)","background-image":"","background-repeat":"repeat","background-position":"center center","background-size":"auto","background-attachment":"scroll","background-type":"","background-media":"","overlay-type":"","overlay-color":"","overlay-opacity":"","overlay-gradient":""},"mobile":{"background-color":"var(--ast-global-color-5)","background-image":"","background-repeat":"repeat","background-position":"center center","background-size":"auto","background-attachment":"scroll","background-type":"","background-media":"","overlay-type":"","overlay-color":"","overlay-opacity":"","overlay-gradient":""}}},"product_brand":[],"product_cat":[30,55,57],"product_tag":[],"class_list":{"0":"post-11774","1":"product","2":"type-product","3":"status-publish","4":"has-post-thumbnail","6":"product_cat-cadeau-tips","7":"product_cat-knutselmaterialen","8":"product_cat-nana-beeldjes","9":"product_shipping_class-pakket","10":"desktop-align-left","11":"tablet-align-left","12":"mobile-align-left","13":"ast-product-gallery-layout-horizontal-slider","14":"ast-product-tabs-layout-horizontal","16":"first","17":"instock","18":"featured","19":"downloadable","20":"taxable","21":"shipping-taxable","22":"purchasable","23":"product-type-simple"},"yoast_head":"<!-- This site is optimized with the Yoast SEO Premium plugin v27.3 (Yoast SEO v27.5) - https:\/\/yoast.com\/product\/yoast-seo-premium-wordpress\/ -->\n<title>NANA Beeldjes Yoga Los<\/title>\n<meta name=\"description\" content=\"Dit stevige polystone NANA beeldje of dikke dame beeldje Yoga kun je beschilderen naar eigen inzicht. Maak een uniek kunstwerk voor thuis of kantoor.\" \/>\n<meta name=\"robots\" content=\"index, follow, max-snippet:-1, max-image-preview:large, max-video-preview:-1\" \/>\n<link rel=\"canonical\" href=\"https:\/\/nanabeeldjes.nl\/pl\/winkel\/cadeau-tips\/nana-beeldje-yoga-los-diy\/\" \/>\n<meta property=\"og:locale\" content=\"pl_PL\" \/>\n<meta property=\"og:type\" content=\"article\" \/>\n<meta property=\"og:title\" content=\"Dikke dame beeldjes los\" \/>\n<meta property=\"og:description\" content=\"Dit polystone Dikke Dame beeldjes los 20 cm met kun je beschilderen naar je eigen smaak. Met mooie kortingen voor ateliers en grote groepen.\" \/>\n<meta property=\"og:url\" content=\"https:\/\/nanabeeldjes.nl\/pl\/winkel\/cadeau-tips\/nana-beeldje-yoga-los-diy\/\" \/>\n<meta property=\"og:site_name\" content=\"NANA BEELDJES\" \/>\n<meta property=\"article:modified_time\" content=\"2025-12-14T23:16:03+00:00\" \/>\n<meta name=\"twitter:card\" content=\"summary_large_image\" \/>\n<meta name=\"twitter:title\" content=\"Nana Beeldje Yoga DIY\" \/>\n<meta name=\"twitter:image\" content=\"https:\/\/nanabeeldjes.nl\/wp-content\/uploads\/2024\/11\/nana_beeldje_yoga_voorkant-scaled.webp\" \/>\n<meta name=\"twitter:label1\" content=\"Cena\" \/>\n\t<meta name=\"twitter:data1\" content=\"&euro;&nbsp;24,95\" \/>\n\t<meta name=\"twitter:label2\" content=\"Dost\u0119pno\u015b\u0107\" \/>\n\t<meta name=\"twitter:data2\" content=\"Dost\u0119pny\" \/>\n<script type=\"application\/ld+json\" class=\"yoast-schema-graph\">{\"@context\":\"https:\\\/\\\/schema.org\",\"@graph\":[{\"@type\":[\"WebPage\",\"ItemPage\"],\"@id\":\"https:\\\/\\\/nanabeeldjes.nl\\\/winkel\\\/cadeau-tips\\\/nana-beeldje-yoga-los-diy\\\/\",\"url\":\"https:\\\/\\\/nanabeeldjes.nl\\\/winkel\\\/cadeau-tips\\\/nana-beeldje-yoga-los-diy\\\/\",\"name\":\"NANA Beeldjes Yoga Los\",\"isPartOf\":{\"@id\":\"https:\\\/\\\/nanabeeldjes.nl\\\/#website\"},\"primaryImageOfPage\":{\"@id\":\"https:\\\/\\\/nanabeeldjes.nl\\\/winkel\\\/cadeau-tips\\\/nana-beeldje-yoga-los-diy\\\/#primaryimage\"},\"image\":{\"@id\":\"https:\\\/\\\/nanabeeldjes.nl\\\/winkel\\\/cadeau-tips\\\/nana-beeldje-yoga-los-diy\\\/#primaryimage\"},\"thumbnailUrl\":\"https:\\\/\\\/nanabeeldjes.nl\\\/wp-content\\\/uploads\\\/2024\\\/11\\\/nana_beeldje_yoga_voorkant-scaled.webp\",\"datePublished\":\"2022-08-09T06:11:49+00:00\",\"dateModified\":\"2025-12-14T23:16:03+00:00\",\"description\":\"Dit stevige polystone NANA beeldje of dikke dame beeldje Yoga kun je beschilderen naar eigen inzicht. Maak een uniek kunstwerk voor thuis of kantoor.\",\"breadcrumb\":{\"@id\":\"https:\\\/\\\/nanabeeldjes.nl\\\/winkel\\\/cadeau-tips\\\/nana-beeldje-yoga-los-diy\\\/#breadcrumb\"},\"inLanguage\":\"pl-PL\",\"potentialAction\":[{\"@type\":\"ReadAction\",\"target\":[\"https:\\\/\\\/nanabeeldjes.nl\\\/winkel\\\/cadeau-tips\\\/nana-beeldje-yoga-los-diy\\\/\"]}]},{\"@type\":\"ImageObject\",\"inLanguage\":\"pl-PL\",\"@id\":\"https:\\\/\\\/nanabeeldjes.nl\\\/winkel\\\/cadeau-tips\\\/nana-beeldje-yoga-los-diy\\\/#primaryimage\",\"url\":\"https:\\\/\\\/nanabeeldjes.nl\\\/wp-content\\\/uploads\\\/2024\\\/11\\\/nana_beeldje_yoga_voorkant-scaled.webp\",\"contentUrl\":\"https:\\\/\\\/nanabeeldjes.nl\\\/wp-content\\\/uploads\\\/2024\\\/11\\\/nana_beeldje_yoga_voorkant-scaled.webp\",\"width\":2560,\"height\":2560},{\"@type\":\"BreadcrumbList\",\"@id\":\"https:\\\/\\\/nanabeeldjes.nl\\\/winkel\\\/cadeau-tips\\\/nana-beeldje-yoga-los-diy\\\/#breadcrumb\",\"itemListElement\":[{\"@type\":\"ListItem\",\"position\":1,\"name\":\"Home\",\"item\":\"https:\\\/\\\/nanabeeldjes.nl\\\/\"},{\"@type\":\"ListItem\",\"position\":2,\"name\":\"Shop\",\"item\":\"https:\\\/\\\/nanabeeldjes.nl\\\/shop\\\/\"},{\"@type\":\"ListItem\",\"position\":3,\"name\":\"Nana Beeldje Yoga DIY\"}]},{\"@type\":\"WebSite\",\"@id\":\"https:\\\/\\\/nanabeeldjes.nl\\\/#website\",\"url\":\"https:\\\/\\\/nanabeeldjes.nl\\\/\",\"name\":\"NANA BEELDJES\",\"description\":\"Unieke creatieve schilderpakketten\",\"publisher\":{\"@id\":\"https:\\\/\\\/nanabeeldjes.nl\\\/#organization\"},\"potentialAction\":[{\"@type\":\"SearchAction\",\"target\":{\"@type\":\"EntryPoint\",\"urlTemplate\":\"https:\\\/\\\/nanabeeldjes.nl\\\/?s={search_term_string}\"},\"query-input\":{\"@type\":\"PropertyValueSpecification\",\"valueRequired\":true,\"valueName\":\"search_term_string\"}}],\"inLanguage\":\"pl-PL\"},{\"@type\":\"Organization\",\"@id\":\"https:\\\/\\\/nanabeeldjes.nl\\\/#organization\",\"name\":\"NANA BEELDJES\",\"url\":\"https:\\\/\\\/nanabeeldjes.nl\\\/\",\"logo\":{\"@type\":\"ImageObject\",\"inLanguage\":\"pl-PL\",\"@id\":\"https:\\\/\\\/nanabeeldjes.nl\\\/#\\\/schema\\\/logo\\\/image\\\/\",\"url\":\"https:\\\/\\\/nanabeeldjes.nl\\\/wp-content\\\/uploads\\\/2024\\\/11\\\/cropped-nana_beeldjes_logo.png\",\"contentUrl\":\"https:\\\/\\\/nanabeeldjes.nl\\\/wp-content\\\/uploads\\\/2024\\\/11\\\/cropped-nana_beeldjes_logo.png\",\"width\":921,\"height\":111,\"caption\":\"NANA BEELDJES\"},\"image\":{\"@id\":\"https:\\\/\\\/nanabeeldjes.nl\\\/#\\\/schema\\\/logo\\\/image\\\/\"}}]}<\/script>\n<meta property=\"product:price:amount\" content=\"24.95\" \/>\n<meta property=\"product:price:currency\" content=\"EUR\" \/>\n<meta property=\"og:availability\" content=\"instock\" \/>\n<meta property=\"product:availability\" content=\"instock\" \/>\n<meta property=\"product:retailer_item_id\" content=\"nana-yoga-los\" \/>\n<meta property=\"product:condition\" content=\"new\" \/>\n<!-- \/ Yoast SEO Premium plugin. -->","yoast_head_json":{"title":"NANA Beeldjes Yoga Los","description":"Dit stevige polystone NANA beeldje of dikke dame beeldje Yoga kun je beschilderen naar eigen inzicht. Maak een uniek kunstwerk voor thuis of kantoor.","robots":{"index":"index","follow":"follow","max-snippet":"max-snippet:-1","max-image-preview":"max-image-preview:large","max-video-preview":"max-video-preview:-1"},"canonical":"https:\/\/nanabeeldjes.nl\/pl\/winkel\/cadeau-tips\/nana-beeldje-yoga-los-diy\/","og_locale":"pl_PL","og_type":"article","og_title":"Dikke dame beeldjes los","og_description":"Dit polystone Dikke Dame beeldjes los 20 cm met kun je beschilderen naar je eigen smaak. Met mooie kortingen voor ateliers en grote groepen.","og_url":"https:\/\/nanabeeldjes.nl\/pl\/winkel\/cadeau-tips\/nana-beeldje-yoga-los-diy\/","og_site_name":"NANA BEELDJES","article_modified_time":"2025-12-14T23:16:03+00:00","twitter_card":"summary_large_image","twitter_title":"Nana Beeldje Yoga DIY","twitter_image":"https:\/\/nanabeeldjes.nl\/wp-content\/uploads\/2024\/11\/nana_beeldje_yoga_voorkant-scaled.webp","twitter_misc":{"Cena":"&euro;&nbsp;24,95","Dost\u0119pno\u015b\u0107":"Dost\u0119pny"},"schema":{"@context":"https:\/\/schema.org","@graph":[{"@type":["WebPage","ItemPage"],"@id":"https:\/\/nanabeeldjes.nl\/winkel\/cadeau-tips\/nana-beeldje-yoga-los-diy\/","url":"https:\/\/nanabeeldjes.nl\/winkel\/cadeau-tips\/nana-beeldje-yoga-los-diy\/","name":"NANA Beeldjes Yoga Los","isPartOf":{"@id":"https:\/\/nanabeeldjes.nl\/#website"},"primaryImageOfPage":{"@id":"https:\/\/nanabeeldjes.nl\/winkel\/cadeau-tips\/nana-beeldje-yoga-los-diy\/#primaryimage"},"image":{"@id":"https:\/\/nanabeeldjes.nl\/winkel\/cadeau-tips\/nana-beeldje-yoga-los-diy\/#primaryimage"},"thumbnailUrl":"https:\/\/nanabeeldjes.nl\/wp-content\/uploads\/2024\/11\/nana_beeldje_yoga_voorkant-scaled.webp","datePublished":"2022-08-09T06:11:49+00:00","dateModified":"2025-12-14T23:16:03+00:00","description":"Dit stevige polystone NANA beeldje of dikke dame beeldje Yoga kun je beschilderen naar eigen inzicht. Maak een uniek kunstwerk voor thuis of kantoor.","breadcrumb":{"@id":"https:\/\/nanabeeldjes.nl\/winkel\/cadeau-tips\/nana-beeldje-yoga-los-diy\/#breadcrumb"},"inLanguage":"pl-PL","potentialAction":[{"@type":"ReadAction","target":["https:\/\/nanabeeldjes.nl\/winkel\/cadeau-tips\/nana-beeldje-yoga-los-diy\/"]}]},{"@type":"ImageObject","inLanguage":"pl-PL","@id":"https:\/\/nanabeeldjes.nl\/winkel\/cadeau-tips\/nana-beeldje-yoga-los-diy\/#primaryimage","url":"https:\/\/nanabeeldjes.nl\/wp-content\/uploads\/2024\/11\/nana_beeldje_yoga_voorkant-scaled.webp","contentUrl":"https:\/\/nanabeeldjes.nl\/wp-content\/uploads\/2024\/11\/nana_beeldje_yoga_voorkant-scaled.webp","width":2560,"height":2560},{"@type":"BreadcrumbList","@id":"https:\/\/nanabeeldjes.nl\/winkel\/cadeau-tips\/nana-beeldje-yoga-los-diy\/#breadcrumb","itemListElement":[{"@type":"ListItem","position":1,"name":"Home","item":"https:\/\/nanabeeldjes.nl\/"},{"@type":"ListItem","position":2,"name":"Shop","item":"https:\/\/nanabeeldjes.nl\/shop\/"},{"@type":"ListItem","position":3,"name":"Nana Beeldje Yoga DIY"}]},{"@type":"WebSite","@id":"https:\/\/nanabeeldjes.nl\/#website","url":"https:\/\/nanabeeldjes.nl\/","name":"FIGURKI NANA","description":"Unieke creatieve schilderpakketten","publisher":{"@id":"https:\/\/nanabeeldjes.nl\/#organization"},"potentialAction":[{"@type":"SearchAction","target":{"@type":"EntryPoint","urlTemplate":"https:\/\/nanabeeldjes.nl\/?s={search_term_string}"},"query-input":{"@type":"PropertyValueSpecification","valueRequired":true,"valueName":"search_term_string"}}],"inLanguage":"pl-PL"},{"@type":"Organization","@id":"https:\/\/nanabeeldjes.nl\/#organization","name":"FIGURKI NANA","url":"https:\/\/nanabeeldjes.nl\/","logo":{"@type":"ImageObject","inLanguage":"pl-PL","@id":"https:\/\/nanabeeldjes.nl\/#\/schema\/logo\/image\/","url":"https:\/\/nanabeeldjes.nl\/wp-content\/uploads\/2024\/11\/cropped-nana_beeldjes_logo.png","contentUrl":"https:\/\/nanabeeldjes.nl\/wp-content\/uploads\/2024\/11\/cropped-nana_beeldjes_logo.png","width":921,"height":111,"caption":"NANA BEELDJES"},"image":{"@id":"https:\/\/nanabeeldjes.nl\/#\/schema\/logo\/image\/"}}]},"product_price_amount":"24.95","product_price_currency":"EUR","og_availability":"instock","product_availability":"instock","product_retailer_item_id":"nana-yoga-los","product_condition":"new"},"_links":{"self":[{"href":"https:\/\/nanabeeldjes.nl\/pl\/wp-json\/wp\/v2\/product\/11774","targetHints":{"allow":["GET"]}}],"collection":[{"href":"https:\/\/nanabeeldjes.nl\/pl\/wp-json\/wp\/v2\/product"}],"about":[{"href":"https:\/\/nanabeeldjes.nl\/pl\/wp-json\/wp\/v2\/types\/product"}],"replies":[{"embeddable":true,"href":"https:\/\/nanabeeldjes.nl\/pl\/wp-json\/wp\/v2\/comments?post=11774"}],"wp:featuredmedia":[{"embeddable":true,"href":"https:\/\/nanabeeldjes.nl\/pl\/wp-json\/wp\/v2\/media\/17750"}],"wp:attachment":[{"href":"https:\/\/nanabeeldjes.nl\/pl\/wp-json\/wp\/v2\/media?parent=11774"}],"wp:term":[{"taxonomy":"product_brand","embeddable":true,"href":"https:\/\/nanabeeldjes.nl\/pl\/wp-json\/wp\/v2\/product_brand?post=11774"},{"taxonomy":"product_cat","embeddable":true,"href":"https:\/\/nanabeeldjes.nl\/pl\/wp-json\/wp\/v2\/product_cat?post=11774"},{"taxonomy":"product_tag","embeddable":true,"href":"https:\/\/nanabeeldjes.nl\/pl\/wp-json\/wp\/v2\/product_tag?post=11774"}],"curies":[{"name":"wp","href":"https:\/\/api.w.org\/{rel}","templated":true}]}}