{"id":9358,"date":"2021-11-17T14:51:40","date_gmt":"2021-11-17T13:51:40","guid":{"rendered":"https:\/\/nanabeeldjes.nl\/winkel\/niet-gecategoriseerd\/diy-pakket-dikke-dame-beeldje-beschilderen-dans-vrij\/"},"modified":"2025-12-15T00:09:55","modified_gmt":"2025-12-14T23:09:55","slug":"diy-pakket-nana-beeldje-dans","status":"publish","type":"product","link":"https:\/\/nanabeeldjes.nl\/pl\/winkel\/cadeau-tips\/diy-pakket-nana-beeldje-dans\/","title":{"rendered":"Zestaw DIY Figurka Nany Taniec"},"content":{"rendered":"<p>Dzi\u0119ki naszemu kompletnemu kreatywnemu zestawowi do samodzielnego malowania figurki Nana mo\u017cesz w domowym zaciszu stworzy\u0107 wyj\u0105tkow\u0105 figurk\u0119. W ten spos\u00f3b mo\u017cesz zorganizowa\u0107 domowe warsztaty z przyjaci\u00f3\u0142mi, kole\u017cankami lub rodzin\u0105 lub zacz\u0105\u0107 samodzielnie.<\/p>\n<h4><\/h4>\n<h4><strong>Zestaw do samodzielnego monta\u017cu zawiera:<\/strong><\/h4>\n<ul>\n<li>Nana beeldje (polystone) van 20 cm met sokkel*<\/li>\n<li>Handige flyer met tips &amp; tricks + downloadbare foto-instructie (PDF) waarin stap-voor-stap wordt uitgelegd hoe je zelf een mooi beeldje kan beschilderen waar je trots op bent! (digitale workshop)<\/li>\n<li>5 szczotek w r\u00f3\u017cnych rozmiarach<\/li>\n<li>5 cupjes Royal Talens Acrylverf in primaire kleuren (zwart, blauw, rood, geel en wit) + instructie kleuren mengen<\/li>\n<li>Lakier, dla b\u0142yszcz\u0105cej pow\u0142oki<\/li>\n<li>Wattenstaafjes<\/li>\n<\/ul>\n<p>Tip: Als je aan de slag gaat met lijnen, werk je het meest strak met behulp van een paintmarker. Het ligt aan het ontwerp of je deze nodig hebt of niet. De stiften werken super fijn! Deze kun je in wit, zwart of goud toevoegen aan je bestelling.<\/p>\n<h4><\/h4>\n<h4><strong>Zbieranie siebie:<\/strong><\/h4>\n<ul>\n<li>O\u0142\u00f3wek<\/li>\n<li>S\u0142oik z wod\u0105<\/li>\n<li>Papier kuchenny<\/li>\n<li>(Plastikowa) p\u0142yta<\/li>\n<\/ul>\n<h4><\/h4>\n<h4><strong>Zo werkt ons creatieve thuispakket:<\/strong><\/h4>\n<p>Lubisz sp\u0119dza\u0107 popo\u0142udnia lub wieczory na kreatywnej zabawie? Ale nie wiesz od czego zacz\u0105\u0107, gdzie znale\u017a\u0107 materia\u0142y lub jak wykona\u0107 projekt? A mo\u017ce chcesz najpierw wypr\u00f3bowa\u0107 nowe kreatywne hobby, ale nie chcesz od razu kupowa\u0107 wielu materia\u0142\u00f3w hobbystycznych? W takim razie zestaw do samodzielnego wykonania od Artwise jest w\u0142a\u015bnie dla Ciebie!<\/p>\n<p>&nbsp;<\/p>\n<p>Tijdens deze creatieve Do it yourself-workshop laten we ons inspireren door kunstenares Niki de Saint Phalle. Deze Franse kunstschilderes en beeldhoudster maakte in 1965 haar eerste beelden van kleurrijke vrouwen. Zij noemde deze beelden Nana&#8217;s. Haar Nana&#8217;s staan symbool voor sterke en vrije vrouwen. In de voetsporen van deze Franse kunstenares ga jij je eigen kleurrijke Nana beschilderen!<br \/>\nKies een ontwerp en beschilder jouw beeldje met de kwaliteitsverf van Royal Talens uit het DIY-pakket en cre\u00eber zo jouw unieke beeldje!<\/p>\n<p>&nbsp;<\/p>\n<p><i>Kreatywny prezent, Grube figurki damskie do samodzielnego pomalowania, Zestaw do majsterkowania dla doros\u0142ych, Zestaw do majsterkowania dla doros\u0142ych, Grube figurki kobiet, Grube figurki damskie<\/i><\/p>","protected":false},"excerpt":{"rendered":"<p>Dzi\u0119ki naszemu kompletnemu kreatywnemu pakietowi do samodzielnego malowania figurek Nana mo\u017cesz wykaza\u0107 si\u0119 kreatywno\u015bci\u0105 w domu, maluj\u0105c popularn\u0105 figurk\u0119 Nana. Te weso\u0142e figurki s\u0105 r\u00f3wnie\u017c nazywane Fat Ladies lub Dolly's. Figurki Nana s\u0105 znane dzi\u0119ki francuskiej malarce i rze\u017abiarce Niki de Saint Phalle. Jej figurki Nana symbolizuj\u0105 siln\u0105 i woln\u0105 kobiet\u0119.<\/p>\n<p>Zabierz si\u0119 do pracy w domu z kompletnym zestawem DIY zawieraj\u0105cym delikatn\u0105 farb\u0119 akrylow\u0105 Royal Talens. Dzi\u0119ki niemu mo\u017cesz stworzy\u0107 sw\u00f3j w\u0142asny, niepowtarzalny projekt! Chcesz wiedzie\u0107, co zawiera ten zestaw DIY? Przewi\u0144 w d\u00f3\u0142.<\/p>","protected":false},"featured_media":17752,"comment_status":"closed","ping_status":"closed","template":"","meta":{"site-sidebar-layout":"default","site-content-layout":"default","ast-site-content-layout":"default","site-content-style":"default","site-sidebar-style":"default","ast-global-header-display":"","ast-banner-title-visibility":"","ast-main-header-display":"","ast-hfb-above-header-display":"","ast-hfb-below-header-display":"","ast-hfb-mobile-header-display":"","site-post-title":"","ast-breadcrumbs-content":"","ast-featured-img":"","footer-sml-layout":"","ast-disable-related-posts":"","theme-transparent-header-meta":"default","adv-header-id-meta":"","stick-header-meta":"default","header-above-stick-meta":"","header-main-stick-meta":"","header-below-stick-meta":"","astra-migrate-meta-layouts":"set","ast-page-background-enabled":"default","ast-page-background-meta":{"desktop":{"background-color":"var(--ast-global-color-4)","background-image":"","background-repeat":"repeat","background-position":"center center","background-size":"auto","background-attachment":"scroll","background-type":"","background-media":"","overlay-type":"","overlay-color":"","overlay-opacity":"","overlay-gradient":""},"tablet":{"background-color":"","background-image":"","background-repeat":"repeat","background-position":"center center","background-size":"auto","background-attachment":"scroll","background-type":"","background-media":"","overlay-type":"","overlay-color":"","overlay-opacity":"","overlay-gradient":""},"mobile":{"background-color":"","background-image":"","background-repeat":"repeat","background-position":"center center","background-size":"auto","background-attachment":"scroll","background-type":"","background-media":"","overlay-type":"","overlay-color":"","overlay-opacity":"","overlay-gradient":""}},"ast-content-background-meta":{"desktop":{"background-color":"var(--ast-global-color-5)","background-image":"","background-repeat":"repeat","background-position":"center center","background-size":"auto","background-attachment":"scroll","background-type":"","background-media":"","overlay-type":"","overlay-color":"","overlay-opacity":"","overlay-gradient":""},"tablet":{"background-color":"var(--ast-global-color-5)","background-image":"","background-repeat":"repeat","background-position":"center center","background-size":"auto","background-attachment":"scroll","background-type":"","background-media":"","overlay-type":"","overlay-color":"","overlay-opacity":"","overlay-gradient":""},"mobile":{"background-color":"var(--ast-global-color-5)","background-image":"","background-repeat":"repeat","background-position":"center center","background-size":"auto","background-attachment":"scroll","background-type":"","background-media":"","overlay-type":"","overlay-color":"","overlay-opacity":"","overlay-gradient":""}}},"product_brand":[],"product_cat":[30,40,57,58],"product_tag":[],"class_list":{"0":"post-9358","1":"product","2":"type-product","3":"status-publish","4":"has-post-thumbnail","6":"product_cat-cadeau-tips","7":"product_cat-creatieve-diy-pakketten","8":"product_cat-nana-beeldjes","9":"product_cat-schilder-pakketten","10":"product_shipping_class-pakket","11":"desktop-align-left","12":"tablet-align-left","13":"mobile-align-left","14":"ast-product-gallery-layout-horizontal-slider","15":"ast-product-tabs-layout-horizontal","17":"first","18":"instock","19":"featured","20":"downloadable","21":"taxable","22":"shipping-taxable","23":"purchasable","24":"product-type-simple"},"yoast_head":"<!-- This site is optimized with the Yoast SEO Premium plugin v27.3 (Yoast SEO v27.5) - https:\/\/yoast.com\/product\/yoast-seo-premium-wordpress\/ -->\n<title>DIY Pakket Nana Beeldje Dans<\/title>\n<meta name=\"description\" content=\"Met ons complete creatieve DIY pakket Nana Beeldje kun je thuis creatief aan de slag en maak je zelf een uniek kunstwerk voor thuis of op kantoor.\" \/>\n<meta name=\"robots\" content=\"index, follow, max-snippet:-1, max-image-preview:large, max-video-preview:-1\" \/>\n<link rel=\"canonical\" href=\"https:\/\/nanabeeldjes.nl\/pl\/winkel\/cadeau-tips\/diy-pakket-nana-beeldje-dans\/\" \/>\n<meta property=\"og:locale\" content=\"pl_PL\" \/>\n<meta property=\"og:type\" content=\"article\" \/>\n<meta property=\"og:title\" content=\"DIY Pakket Nana Beeldje Dans\" \/>\n<meta property=\"og:description\" content=\"Met ons complete creatieve DIY pakket Nana Beeldje kun je thuis creatief aan de slag en maak je zelf een uniek kunstwerk voor thuis of op kantoor.\" \/>\n<meta property=\"og:url\" content=\"https:\/\/nanabeeldjes.nl\/pl\/winkel\/cadeau-tips\/diy-pakket-nana-beeldje-dans\/\" \/>\n<meta property=\"og:site_name\" content=\"NANA BEELDJES\" \/>\n<meta property=\"article:modified_time\" content=\"2025-12-14T23:09:55+00:00\" \/>\n<meta property=\"og:image\" content=\"https:\/\/nanabeeldjes.nl\/wp-content\/uploads\/2024\/11\/nana_beeldje_set_dans_02.webp\" \/>\n\t<meta property=\"og:image:width\" content=\"1080\" \/>\n\t<meta property=\"og:image:height\" content=\"1080\" \/>\n\t<meta property=\"og:image:type\" content=\"image\/webp\" \/>\n<meta name=\"twitter:card\" content=\"summary_large_image\" \/>\n<meta name=\"twitter:label1\" content=\"Cena\" \/>\n\t<meta name=\"twitter:data1\" content=\"&euro;&nbsp;29,95\" \/>\n\t<meta name=\"twitter:label2\" content=\"Dost\u0119pno\u015b\u0107\" \/>\n\t<meta name=\"twitter:data2\" content=\"Dost\u0119pny\" \/>\n<script type=\"application\/ld+json\" class=\"yoast-schema-graph\">{\"@context\":\"https:\\\/\\\/schema.org\",\"@graph\":[{\"@type\":[\"WebPage\",\"ItemPage\"],\"@id\":\"https:\\\/\\\/nanabeeldjes.nl\\\/winkel\\\/cadeau-tips\\\/diy-pakket-nana-beeldje-dans\\\/\",\"url\":\"https:\\\/\\\/nanabeeldjes.nl\\\/winkel\\\/cadeau-tips\\\/diy-pakket-nana-beeldje-dans\\\/\",\"name\":\"DIY Pakket Nana Beeldje Dans\",\"isPartOf\":{\"@id\":\"https:\\\/\\\/nanabeeldjes.nl\\\/#website\"},\"primaryImageOfPage\":{\"@id\":\"https:\\\/\\\/nanabeeldjes.nl\\\/winkel\\\/cadeau-tips\\\/diy-pakket-nana-beeldje-dans\\\/#primaryimage\"},\"image\":{\"@id\":\"https:\\\/\\\/nanabeeldjes.nl\\\/winkel\\\/cadeau-tips\\\/diy-pakket-nana-beeldje-dans\\\/#primaryimage\"},\"thumbnailUrl\":\"https:\\\/\\\/nanabeeldjes.nl\\\/wp-content\\\/uploads\\\/2024\\\/11\\\/nana_beeldje_set_dans_02.webp\",\"datePublished\":\"2021-11-17T13:51:40+00:00\",\"dateModified\":\"2025-12-14T23:09:55+00:00\",\"description\":\"Met ons complete creatieve DIY pakket Nana Beeldje kun je thuis creatief aan de slag en maak je zelf een uniek kunstwerk voor thuis of op kantoor.\",\"breadcrumb\":{\"@id\":\"https:\\\/\\\/nanabeeldjes.nl\\\/winkel\\\/cadeau-tips\\\/diy-pakket-nana-beeldje-dans\\\/#breadcrumb\"},\"inLanguage\":\"pl-PL\",\"potentialAction\":[{\"@type\":\"ReadAction\",\"target\":[\"https:\\\/\\\/nanabeeldjes.nl\\\/winkel\\\/cadeau-tips\\\/diy-pakket-nana-beeldje-dans\\\/\"]}]},{\"@type\":\"ImageObject\",\"inLanguage\":\"pl-PL\",\"@id\":\"https:\\\/\\\/nanabeeldjes.nl\\\/winkel\\\/cadeau-tips\\\/diy-pakket-nana-beeldje-dans\\\/#primaryimage\",\"url\":\"https:\\\/\\\/nanabeeldjes.nl\\\/wp-content\\\/uploads\\\/2024\\\/11\\\/nana_beeldje_set_dans_02.webp\",\"contentUrl\":\"https:\\\/\\\/nanabeeldjes.nl\\\/wp-content\\\/uploads\\\/2024\\\/11\\\/nana_beeldje_set_dans_02.webp\",\"width\":1080,\"height\":1080},{\"@type\":\"BreadcrumbList\",\"@id\":\"https:\\\/\\\/nanabeeldjes.nl\\\/winkel\\\/cadeau-tips\\\/diy-pakket-nana-beeldje-dans\\\/#breadcrumb\",\"itemListElement\":[{\"@type\":\"ListItem\",\"position\":1,\"name\":\"Home\",\"item\":\"https:\\\/\\\/nanabeeldjes.nl\\\/\"},{\"@type\":\"ListItem\",\"position\":2,\"name\":\"Shop\",\"item\":\"https:\\\/\\\/nanabeeldjes.nl\\\/shop\\\/\"},{\"@type\":\"ListItem\",\"position\":3,\"name\":\"DIY Pakket Nana Beeldje Dans\"}]},{\"@type\":\"WebSite\",\"@id\":\"https:\\\/\\\/nanabeeldjes.nl\\\/#website\",\"url\":\"https:\\\/\\\/nanabeeldjes.nl\\\/\",\"name\":\"NANA BEELDJES\",\"description\":\"Unieke creatieve schilderpakketten\",\"publisher\":{\"@id\":\"https:\\\/\\\/nanabeeldjes.nl\\\/#organization\"},\"potentialAction\":[{\"@type\":\"SearchAction\",\"target\":{\"@type\":\"EntryPoint\",\"urlTemplate\":\"https:\\\/\\\/nanabeeldjes.nl\\\/?s={search_term_string}\"},\"query-input\":{\"@type\":\"PropertyValueSpecification\",\"valueRequired\":true,\"valueName\":\"search_term_string\"}}],\"inLanguage\":\"pl-PL\"},{\"@type\":\"Organization\",\"@id\":\"https:\\\/\\\/nanabeeldjes.nl\\\/#organization\",\"name\":\"NANA BEELDJES\",\"url\":\"https:\\\/\\\/nanabeeldjes.nl\\\/\",\"logo\":{\"@type\":\"ImageObject\",\"inLanguage\":\"pl-PL\",\"@id\":\"https:\\\/\\\/nanabeeldjes.nl\\\/#\\\/schema\\\/logo\\\/image\\\/\",\"url\":\"https:\\\/\\\/nanabeeldjes.nl\\\/wp-content\\\/uploads\\\/2024\\\/11\\\/cropped-nana_beeldjes_logo.png\",\"contentUrl\":\"https:\\\/\\\/nanabeeldjes.nl\\\/wp-content\\\/uploads\\\/2024\\\/11\\\/cropped-nana_beeldjes_logo.png\",\"width\":921,\"height\":111,\"caption\":\"NANA BEELDJES\"},\"image\":{\"@id\":\"https:\\\/\\\/nanabeeldjes.nl\\\/#\\\/schema\\\/logo\\\/image\\\/\"}}]}<\/script>\n<meta property=\"product:price:amount\" content=\"29.95\" \/>\n<meta property=\"product:price:currency\" content=\"EUR\" \/>\n<meta property=\"og:availability\" content=\"instock\" \/>\n<meta property=\"product:availability\" content=\"instock\" \/>\n<meta property=\"product:retailer_item_id\" content=\"nana-diy-pakket-nana-dans\" \/>\n<meta property=\"product:condition\" content=\"new\" \/>\n<!-- \/ Yoast SEO Premium plugin. -->","yoast_head_json":{"title":"Zestaw DIY Figurka Nany Taniec","description":"Met ons complete creatieve DIY pakket Nana Beeldje kun je thuis creatief aan de slag en maak je zelf een uniek kunstwerk voor thuis of op kantoor.","robots":{"index":"index","follow":"follow","max-snippet":"max-snippet:-1","max-image-preview":"max-image-preview:large","max-video-preview":"max-video-preview:-1"},"canonical":"https:\/\/nanabeeldjes.nl\/pl\/winkel\/cadeau-tips\/diy-pakket-nana-beeldje-dans\/","og_locale":"pl_PL","og_type":"article","og_title":"DIY Pakket Nana Beeldje Dans","og_description":"Met ons complete creatieve DIY pakket Nana Beeldje kun je thuis creatief aan de slag en maak je zelf een uniek kunstwerk voor thuis of op kantoor.","og_url":"https:\/\/nanabeeldjes.nl\/pl\/winkel\/cadeau-tips\/diy-pakket-nana-beeldje-dans\/","og_site_name":"NANA BEELDJES","article_modified_time":"2025-12-14T23:09:55+00:00","og_image":[{"width":1080,"height":1080,"url":"https:\/\/nanabeeldjes.nl\/wp-content\/uploads\/2024\/11\/nana_beeldje_set_dans_02.webp","type":"image\/webp"}],"twitter_card":"summary_large_image","twitter_misc":{"Cena":"&euro;&nbsp;29,95","Dost\u0119pno\u015b\u0107":"Dost\u0119pny"},"schema":{"@context":"https:\/\/schema.org","@graph":[{"@type":["WebPage","ItemPage"],"@id":"https:\/\/nanabeeldjes.nl\/winkel\/cadeau-tips\/diy-pakket-nana-beeldje-dans\/","url":"https:\/\/nanabeeldjes.nl\/winkel\/cadeau-tips\/diy-pakket-nana-beeldje-dans\/","name":"Zestaw DIY Figurka Nany Taniec","isPartOf":{"@id":"https:\/\/nanabeeldjes.nl\/#website"},"primaryImageOfPage":{"@id":"https:\/\/nanabeeldjes.nl\/winkel\/cadeau-tips\/diy-pakket-nana-beeldje-dans\/#primaryimage"},"image":{"@id":"https:\/\/nanabeeldjes.nl\/winkel\/cadeau-tips\/diy-pakket-nana-beeldje-dans\/#primaryimage"},"thumbnailUrl":"https:\/\/nanabeeldjes.nl\/wp-content\/uploads\/2024\/11\/nana_beeldje_set_dans_02.webp","datePublished":"2021-11-17T13:51:40+00:00","dateModified":"2025-12-14T23:09:55+00:00","description":"Met ons complete creatieve DIY pakket Nana Beeldje kun je thuis creatief aan de slag en maak je zelf een uniek kunstwerk voor thuis of op kantoor.","breadcrumb":{"@id":"https:\/\/nanabeeldjes.nl\/winkel\/cadeau-tips\/diy-pakket-nana-beeldje-dans\/#breadcrumb"},"inLanguage":"pl-PL","potentialAction":[{"@type":"ReadAction","target":["https:\/\/nanabeeldjes.nl\/winkel\/cadeau-tips\/diy-pakket-nana-beeldje-dans\/"]}]},{"@type":"ImageObject","inLanguage":"pl-PL","@id":"https:\/\/nanabeeldjes.nl\/winkel\/cadeau-tips\/diy-pakket-nana-beeldje-dans\/#primaryimage","url":"https:\/\/nanabeeldjes.nl\/wp-content\/uploads\/2024\/11\/nana_beeldje_set_dans_02.webp","contentUrl":"https:\/\/nanabeeldjes.nl\/wp-content\/uploads\/2024\/11\/nana_beeldje_set_dans_02.webp","width":1080,"height":1080},{"@type":"BreadcrumbList","@id":"https:\/\/nanabeeldjes.nl\/winkel\/cadeau-tips\/diy-pakket-nana-beeldje-dans\/#breadcrumb","itemListElement":[{"@type":"ListItem","position":1,"name":"Home","item":"https:\/\/nanabeeldjes.nl\/"},{"@type":"ListItem","position":2,"name":"Shop","item":"https:\/\/nanabeeldjes.nl\/shop\/"},{"@type":"ListItem","position":3,"name":"DIY Pakket Nana Beeldje Dans"}]},{"@type":"WebSite","@id":"https:\/\/nanabeeldjes.nl\/#website","url":"https:\/\/nanabeeldjes.nl\/","name":"FIGURKI NANA","description":"Unieke creatieve schilderpakketten","publisher":{"@id":"https:\/\/nanabeeldjes.nl\/#organization"},"potentialAction":[{"@type":"SearchAction","target":{"@type":"EntryPoint","urlTemplate":"https:\/\/nanabeeldjes.nl\/?s={search_term_string}"},"query-input":{"@type":"PropertyValueSpecification","valueRequired":true,"valueName":"search_term_string"}}],"inLanguage":"pl-PL"},{"@type":"Organization","@id":"https:\/\/nanabeeldjes.nl\/#organization","name":"FIGURKI NANA","url":"https:\/\/nanabeeldjes.nl\/","logo":{"@type":"ImageObject","inLanguage":"pl-PL","@id":"https:\/\/nanabeeldjes.nl\/#\/schema\/logo\/image\/","url":"https:\/\/nanabeeldjes.nl\/wp-content\/uploads\/2024\/11\/cropped-nana_beeldjes_logo.png","contentUrl":"https:\/\/nanabeeldjes.nl\/wp-content\/uploads\/2024\/11\/cropped-nana_beeldjes_logo.png","width":921,"height":111,"caption":"NANA BEELDJES"},"image":{"@id":"https:\/\/nanabeeldjes.nl\/#\/schema\/logo\/image\/"}}]},"product_price_amount":"29.95","product_price_currency":"EUR","og_availability":"instock","product_availability":"instock","product_retailer_item_id":"nana-diy-pakket-nana-dans","product_condition":"new"},"_links":{"self":[{"href":"https:\/\/nanabeeldjes.nl\/pl\/wp-json\/wp\/v2\/product\/9358","targetHints":{"allow":["GET"]}}],"collection":[{"href":"https:\/\/nanabeeldjes.nl\/pl\/wp-json\/wp\/v2\/product"}],"about":[{"href":"https:\/\/nanabeeldjes.nl\/pl\/wp-json\/wp\/v2\/types\/product"}],"replies":[{"embeddable":true,"href":"https:\/\/nanabeeldjes.nl\/pl\/wp-json\/wp\/v2\/comments?post=9358"}],"wp:featuredmedia":[{"embeddable":true,"href":"https:\/\/nanabeeldjes.nl\/pl\/wp-json\/wp\/v2\/media\/17752"}],"wp:attachment":[{"href":"https:\/\/nanabeeldjes.nl\/pl\/wp-json\/wp\/v2\/media?parent=9358"}],"wp:term":[{"taxonomy":"product_brand","embeddable":true,"href":"https:\/\/nanabeeldjes.nl\/pl\/wp-json\/wp\/v2\/product_brand?post=9358"},{"taxonomy":"product_cat","embeddable":true,"href":"https:\/\/nanabeeldjes.nl\/pl\/wp-json\/wp\/v2\/product_cat?post=9358"},{"taxonomy":"product_tag","embeddable":true,"href":"https:\/\/nanabeeldjes.nl\/pl\/wp-json\/wp\/v2\/product_tag?post=9358"}],"curies":[{"name":"wp","href":"https:\/\/api.w.org\/{rel}","templated":true}]}}