{"id":3,"date":"2024-03-16T10:26:45","date_gmt":"2024-03-16T10:26:45","guid":{"rendered":"https:\/\/nanabeeldjes.nl\/?page_id=3"},"modified":"2025-02-24T13:36:39","modified_gmt":"2025-02-24T12:36:39","slug":"privacy-policy","status":"publish","type":"page","link":"https:\/\/nanabeeldjes.nl\/sl\/privacy-policy\/","title":{"rendered":"Privacy policy"},"content":{"rendered":"<div data-elementor-type=\"wp-page\" data-elementor-id=\"3\" class=\"elementor elementor-3\" data-elementor-post-type=\"page\">\n\t\t\t\t<div class=\"elementor-element elementor-element-3e6c0678 e-flex e-con-boxed e-con e-parent\" data-id=\"3e6c0678\" data-element_type=\"container\" data-e-type=\"container\">\n\t\t\t\t\t<div class=\"e-con-inner\">\n\t\t\t\t<div class=\"elementor-element elementor-element-5b8bd34b elementor-widget elementor-widget-text-editor\" data-id=\"5b8bd34b\" data-element_type=\"widget\" data-e-type=\"widget\" data-widget_type=\"text-editor.default\">\n\t\t\t\t<div class=\"elementor-widget-container\">\n\t\t\t\t\t\t\t\t\t<p><strong>Politika zasebnosti Artwise<br><\/strong>Z uporabo tega spletnega mesta se strinjate z na\u0161im pravilnikom o zasebnosti. Ker je va\u0161a zasebnost pomembna, tukaj jasno pojasnjujemo, kako se obdelujejo va\u0161i osebni podatki, ko uporabljate na\u0161e storitve.&nbsp;<span style=\"font-style: inherit; font-weight: inherit; text-align: var(--text-align);\">\u010ce imate po prebranem besedilu \u0161e vedno vpra\u0161anja, vas bomo z veseljem sprejeli. Na\u0161e kontaktne podatke najdete na dnu te strani.<\/span><\/p>\n<p><span style=\"font-style: inherit; font-weight: inherit; text-align: var(--text-align);\">&nbsp;<\/span><\/p>\n<p><strong>Osebni podatki<br><\/strong>Dru\u017eba Artwise skrbno ravna z va\u0161imi osebnimi podatki. Ko pri nas ustvarite ra\u010dun, vas med drugim prosimo, da vpi\u0161ete svoje ime, e-po\u0161tni naslov, podatke o naslovu in (\u010de so druga\u010dni) podatke o ra\u010dunu. Te podatke uporabimo, da vam po\u0161ljemo naro\u010dene izdelke in ra\u010dun ter vam posredujemo nadaljnja navodila za ustvarjanje ra\u010duna Artwise. Dru\u017eba Artwise bo va\u0161e osebne podatke obravnavala skrbno in zaupno ter jih bo dala na voljo tretjim osebam le v povezavi s pla\u010dilnimi transakcijami in dostavo. Prav tako lahko navedete (npr. med postopkom naro\u010danja), ali \u017eelite prejemati na\u0161e redne novice. Vendar se lahko kadar koli odjavite, \u010de vas na\u0161e novice ne zanimajo. Na dnu vsakega glasila je gumb za odjavo.&nbsp;<span style=\"font-style: inherit; font-weight: inherit; text-align: var(--text-align);\">\u010ce \u017eelite spremeniti svoje podatke ali se odstraniti iz na\u0161ih datotek, se obrnite na nas. Oglejte si spodnje kontaktne podatke.&nbsp;<\/span><span style=\"font-style: inherit; font-weight: inherit; text-align: var(--text-align);\">Va\u0161a registracija pri nas poteka prek spletne strani https:\/\/, kar pomeni, da poteka prek varne povezave z nami. Va\u0161ega gesla ne moremo videti. Tudi podatki, ki jih delimo s pla\u010dilnim in dostavnim prometom, potekajo prek iste varne povezave.<\/span><\/p>\n<p><span style=\"font-style: inherit; font-weight: inherit; text-align: var(--text-align);\">&nbsp;<\/span><\/p>\n<p><strong>Osebni podatki in tretje osebe<br><\/strong>Va\u0161i osebni podatki ne bodo posredovani tretjim osebam brez va\u0161e izrecne privolitve.&nbsp;<span style=\"font-style: inherit; font-weight: inherit; text-align: var(--text-align);\">Osebje in partnerji so dol\u017eni spo\u0161tovati zaupnost va\u0161ih podatkov.<\/span><\/p>\t\t\t\t\t\t\t\t<\/div>\n\t\t\t\t<\/div>\n\t\t\t\t\t<\/div>\n\t\t\t\t<\/div>\n\t\t\t\t<\/div>","protected":false},"excerpt":{"rendered":"<p>Privacybeleid ArtwiseDoor gebruik te maken van deze website geef je aan ons privacy beleid te accepteren. Omdat jouw privacy belangrijk is, leggen wij hier duidelijk uit hoe je persoonsgegevens worden verwerkt als je gebruik maakt van onze dienst.&nbsp;Wanneer je na het lezen van dit schrijven nog steeds vragen hebt, vernemen wij dat graag. Zie hiervoor [&hellip;]<\/p>","protected":false},"author":1,"featured_media":0,"parent":0,"menu_order":0,"comment_status":"closed","ping_status":"open","template":"","meta":{"site-sidebar-layout":"default","site-content-layout":"","ast-site-content-layout":"default","site-content-style":"default","site-sidebar-style":"default","ast-global-header-display":"","ast-banner-title-visibility":"","ast-main-header-display":"","ast-hfb-above-header-display":"","ast-hfb-below-header-display":"","ast-hfb-mobile-header-display":"","site-post-title":"","ast-breadcrumbs-content":"","ast-featured-img":"","footer-sml-layout":"","ast-disable-related-posts":"","theme-transparent-header-meta":"","adv-header-id-meta":"","stick-header-meta":"","header-above-stick-meta":"","header-main-stick-meta":"","header-below-stick-meta":"","astra-migrate-meta-layouts":"set","ast-page-background-enabled":"default","ast-page-background-meta":{"desktop":{"background-color":"var(--ast-global-color-4)","background-image":"","background-repeat":"repeat","background-position":"center center","background-size":"auto","background-attachment":"scroll","background-type":"","background-media":"","overlay-type":"","overlay-color":"","overlay-opacity":"","overlay-gradient":""},"tablet":{"background-color":"","background-image":"","background-repeat":"repeat","background-position":"center center","background-size":"auto","background-attachment":"scroll","background-type":"","background-media":"","overlay-type":"","overlay-color":"","overlay-opacity":"","overlay-gradient":""},"mobile":{"background-color":"","background-image":"","background-repeat":"repeat","background-position":"center center","background-size":"auto","background-attachment":"scroll","background-type":"","background-media":"","overlay-type":"","overlay-color":"","overlay-opacity":"","overlay-gradient":""}},"ast-content-background-meta":{"desktop":{"background-color":"var(--ast-global-color-5)","background-image":"","background-repeat":"repeat","background-position":"center center","background-size":"auto","background-attachment":"scroll","background-type":"","background-media":"","overlay-type":"","overlay-color":"","overlay-opacity":"","overlay-gradient":""},"tablet":{"background-color":"var(--ast-global-color-5)","background-image":"","background-repeat":"repeat","background-position":"center center","background-size":"auto","background-attachment":"scroll","background-type":"","background-media":"","overlay-type":"","overlay-color":"","overlay-opacity":"","overlay-gradient":""},"mobile":{"background-color":"var(--ast-global-color-5)","background-image":"","background-repeat":"repeat","background-position":"center center","background-size":"auto","background-attachment":"scroll","background-type":"","background-media":"","overlay-type":"","overlay-color":"","overlay-opacity":"","overlay-gradient":""}},"footnotes":""},"class_list":["post-3","page","type-page","status-publish","hentry"],"yoast_head":"<!-- This site is optimized with the Yoast SEO Premium plugin v27.3 (Yoast SEO v27.5) - https:\/\/yoast.com\/product\/yoast-seo-premium-wordpress\/ -->\n<title>Privacy policy - NANA BEELDJES<\/title>\n<meta name=\"robots\" content=\"index, follow, max-snippet:-1, max-image-preview:large, max-video-preview:-1\" \/>\n<link rel=\"canonical\" href=\"https:\/\/nanabeeldjes.nl\/sl\/privacy-policy\/\" \/>\n<meta property=\"og:locale\" content=\"sl_SI\" \/>\n<meta property=\"og:type\" content=\"article\" \/>\n<meta property=\"og:title\" content=\"Privacy policy\" \/>\n<meta property=\"og:description\" content=\"Privacybeleid ArtwiseDoor gebruik te maken van deze website geef je aan ons privacy beleid te accepteren. Omdat jouw privacy belangrijk is, leggen wij hier duidelijk uit hoe je persoonsgegevens worden verwerkt als je gebruik maakt van onze dienst.&nbsp;Wanneer je na het lezen van dit schrijven nog steeds vragen hebt, vernemen wij dat graag. Zie hiervoor [&hellip;]\" \/>\n<meta property=\"og:url\" content=\"https:\/\/nanabeeldjes.nl\/sl\/privacy-policy\/\" \/>\n<meta property=\"og:site_name\" content=\"NANA BEELDJES\" \/>\n<meta property=\"article:modified_time\" content=\"2025-02-24T12:36:39+00:00\" \/>\n<meta name=\"twitter:card\" content=\"summary_large_image\" \/>\n<meta name=\"twitter:label1\" content=\"Est. reading time\" \/>\n\t<meta name=\"twitter:data1\" content=\"2 minuti\" \/>\n<script type=\"application\/ld+json\" class=\"yoast-schema-graph\">{\"@context\":\"https:\\\/\\\/schema.org\",\"@graph\":[{\"@type\":\"WebPage\",\"@id\":\"https:\\\/\\\/nanabeeldjes.nl\\\/privacy-policy\\\/\",\"url\":\"https:\\\/\\\/nanabeeldjes.nl\\\/privacy-policy\\\/\",\"name\":\"Privacy policy - NANA BEELDJES\",\"isPartOf\":{\"@id\":\"https:\\\/\\\/nanabeeldjes.nl\\\/#website\"},\"datePublished\":\"2024-03-16T10:26:45+00:00\",\"dateModified\":\"2025-02-24T12:36:39+00:00\",\"breadcrumb\":{\"@id\":\"https:\\\/\\\/nanabeeldjes.nl\\\/privacy-policy\\\/#breadcrumb\"},\"inLanguage\":\"sl-SI\",\"potentialAction\":[{\"@type\":\"ReadAction\",\"target\":[\"https:\\\/\\\/nanabeeldjes.nl\\\/privacy-policy\\\/\"]}]},{\"@type\":\"BreadcrumbList\",\"@id\":\"https:\\\/\\\/nanabeeldjes.nl\\\/privacy-policy\\\/#breadcrumb\",\"itemListElement\":[{\"@type\":\"ListItem\",\"position\":1,\"name\":\"Home\",\"item\":\"https:\\\/\\\/nanabeeldjes.nl\\\/\"},{\"@type\":\"ListItem\",\"position\":2,\"name\":\"Privacy policy\"}]},{\"@type\":\"WebSite\",\"@id\":\"https:\\\/\\\/nanabeeldjes.nl\\\/#website\",\"url\":\"https:\\\/\\\/nanabeeldjes.nl\\\/\",\"name\":\"NANA BEELDJES\",\"description\":\"Unieke creatieve schilderpakketten\",\"publisher\":{\"@id\":\"https:\\\/\\\/nanabeeldjes.nl\\\/#organization\"},\"potentialAction\":[{\"@type\":\"SearchAction\",\"target\":{\"@type\":\"EntryPoint\",\"urlTemplate\":\"https:\\\/\\\/nanabeeldjes.nl\\\/?s={search_term_string}\"},\"query-input\":{\"@type\":\"PropertyValueSpecification\",\"valueRequired\":true,\"valueName\":\"search_term_string\"}}],\"inLanguage\":\"sl-SI\"},{\"@type\":\"Organization\",\"@id\":\"https:\\\/\\\/nanabeeldjes.nl\\\/#organization\",\"name\":\"NANA BEELDJES\",\"url\":\"https:\\\/\\\/nanabeeldjes.nl\\\/\",\"logo\":{\"@type\":\"ImageObject\",\"inLanguage\":\"sl-SI\",\"@id\":\"https:\\\/\\\/nanabeeldjes.nl\\\/#\\\/schema\\\/logo\\\/image\\\/\",\"url\":\"https:\\\/\\\/nanabeeldjes.nl\\\/wp-content\\\/uploads\\\/2024\\\/11\\\/cropped-nana_beeldjes_logo.png\",\"contentUrl\":\"https:\\\/\\\/nanabeeldjes.nl\\\/wp-content\\\/uploads\\\/2024\\\/11\\\/cropped-nana_beeldjes_logo.png\",\"width\":921,\"height\":111,\"caption\":\"NANA BEELDJES\"},\"image\":{\"@id\":\"https:\\\/\\\/nanabeeldjes.nl\\\/#\\\/schema\\\/logo\\\/image\\\/\"}}]}<\/script>\n<!-- \/ Yoast SEO Premium plugin. -->","yoast_head_json":{"title":"Privacy policy - NANA BEELDJES","robots":{"index":"index","follow":"follow","max-snippet":"max-snippet:-1","max-image-preview":"max-image-preview:large","max-video-preview":"max-video-preview:-1"},"canonical":"https:\/\/nanabeeldjes.nl\/sl\/privacy-policy\/","og_locale":"sl_SI","og_type":"article","og_title":"Privacy policy","og_description":"Privacybeleid ArtwiseDoor gebruik te maken van deze website geef je aan ons privacy beleid te accepteren. Omdat jouw privacy belangrijk is, leggen wij hier duidelijk uit hoe je persoonsgegevens worden verwerkt als je gebruik maakt van onze dienst.&nbsp;Wanneer je na het lezen van dit schrijven nog steeds vragen hebt, vernemen wij dat graag. Zie hiervoor [&hellip;]","og_url":"https:\/\/nanabeeldjes.nl\/sl\/privacy-policy\/","og_site_name":"NANA BEELDJES","article_modified_time":"2025-02-24T12:36:39+00:00","twitter_card":"summary_large_image","twitter_misc":{"Est. reading time":"2 minuti"},"schema":{"@context":"https:\/\/schema.org","@graph":[{"@type":"WebPage","@id":"https:\/\/nanabeeldjes.nl\/privacy-policy\/","url":"https:\/\/nanabeeldjes.nl\/privacy-policy\/","name":"Privacy policy - NANA BEELDJES","isPartOf":{"@id":"https:\/\/nanabeeldjes.nl\/#website"},"datePublished":"2024-03-16T10:26:45+00:00","dateModified":"2025-02-24T12:36:39+00:00","breadcrumb":{"@id":"https:\/\/nanabeeldjes.nl\/privacy-policy\/#breadcrumb"},"inLanguage":"sl-SI","potentialAction":[{"@type":"ReadAction","target":["https:\/\/nanabeeldjes.nl\/privacy-policy\/"]}]},{"@type":"BreadcrumbList","@id":"https:\/\/nanabeeldjes.nl\/privacy-policy\/#breadcrumb","itemListElement":[{"@type":"ListItem","position":1,"name":"Home","item":"https:\/\/nanabeeldjes.nl\/"},{"@type":"ListItem","position":2,"name":"Privacy policy"}]},{"@type":"WebSite","@id":"https:\/\/nanabeeldjes.nl\/#website","url":"https:\/\/nanabeeldjes.nl\/","name":"NANA FIGURINE","description":"Unieke creatieve schilderpakketten","publisher":{"@id":"https:\/\/nanabeeldjes.nl\/#organization"},"potentialAction":[{"@type":"SearchAction","target":{"@type":"EntryPoint","urlTemplate":"https:\/\/nanabeeldjes.nl\/?s={search_term_string}"},"query-input":{"@type":"PropertyValueSpecification","valueRequired":true,"valueName":"search_term_string"}}],"inLanguage":"sl-SI"},{"@type":"Organization","@id":"https:\/\/nanabeeldjes.nl\/#organization","name":"NANA FIGURINE","url":"https:\/\/nanabeeldjes.nl\/","logo":{"@type":"ImageObject","inLanguage":"sl-SI","@id":"https:\/\/nanabeeldjes.nl\/#\/schema\/logo\/image\/","url":"https:\/\/nanabeeldjes.nl\/wp-content\/uploads\/2024\/11\/cropped-nana_beeldjes_logo.png","contentUrl":"https:\/\/nanabeeldjes.nl\/wp-content\/uploads\/2024\/11\/cropped-nana_beeldjes_logo.png","width":921,"height":111,"caption":"NANA BEELDJES"},"image":{"@id":"https:\/\/nanabeeldjes.nl\/#\/schema\/logo\/image\/"}}]}},"_links":{"self":[{"href":"https:\/\/nanabeeldjes.nl\/sl\/wp-json\/wp\/v2\/pages\/3","targetHints":{"allow":["GET"]}}],"collection":[{"href":"https:\/\/nanabeeldjes.nl\/sl\/wp-json\/wp\/v2\/pages"}],"about":[{"href":"https:\/\/nanabeeldjes.nl\/sl\/wp-json\/wp\/v2\/types\/page"}],"author":[{"embeddable":true,"href":"https:\/\/nanabeeldjes.nl\/sl\/wp-json\/wp\/v2\/users\/1"}],"replies":[{"embeddable":true,"href":"https:\/\/nanabeeldjes.nl\/sl\/wp-json\/wp\/v2\/comments?post=3"}],"version-history":[{"count":10,"href":"https:\/\/nanabeeldjes.nl\/sl\/wp-json\/wp\/v2\/pages\/3\/revisions"}],"predecessor-version":[{"id":17895,"href":"https:\/\/nanabeeldjes.nl\/sl\/wp-json\/wp\/v2\/pages\/3\/revisions\/17895"}],"wp:attachment":[{"href":"https:\/\/nanabeeldjes.nl\/sl\/wp-json\/wp\/v2\/media?parent=3"}],"curies":[{"name":"wp","href":"https:\/\/api.w.org\/{rel}","templated":true}]}}