{"id":3,"date":"2024-03-16T10:26:45","date_gmt":"2024-03-16T10:26:45","guid":{"rendered":"https:\/\/nanabeeldjes.nl\/?page_id=3"},"modified":"2025-02-24T13:36:39","modified_gmt":"2025-02-24T12:36:39","slug":"privacy-policy","status":"publish","type":"page","link":"https:\/\/nanabeeldjes.nl\/sv\/privacy-policy\/","title":{"rendered":"Privacy policy"},"content":{"rendered":"<div data-elementor-type=\"wp-page\" data-elementor-id=\"3\" class=\"elementor elementor-3\" data-elementor-post-type=\"page\">\n\t\t\t\t<div class=\"elementor-element elementor-element-3e6c0678 e-flex e-con-boxed e-con e-parent\" data-id=\"3e6c0678\" data-element_type=\"container\" data-e-type=\"container\">\n\t\t\t\t\t<div class=\"e-con-inner\">\n\t\t\t\t<div class=\"elementor-element elementor-element-5b8bd34b elementor-widget elementor-widget-text-editor\" data-id=\"5b8bd34b\" data-element_type=\"widget\" data-e-type=\"widget\" data-widget_type=\"text-editor.default\">\n\t\t\t\t<div class=\"elementor-widget-container\">\n\t\t\t\t\t\t\t\t\t<p><strong>Integritetspolicy Artwise<br><\/strong>Genom att anv\u00e4nda den h\u00e4r webbplatsen godk\u00e4nner du v\u00e5r integritetspolicy. Eftersom din integritet \u00e4r viktig f\u00f6rklarar vi h\u00e4r tydligt hur dina personuppgifter behandlas n\u00e4r du anv\u00e4nder v\u00e5r tj\u00e4nst.&nbsp;<span style=\"font-style: inherit; font-weight: inherit; text-align: var(--text-align);\">Om du fortfarande har fr\u00e5gor efter att ha l\u00e4st detta vill vi g\u00e4rna att du h\u00f6r av dig till oss. V\u00e5ra kontaktuppgifter finns l\u00e4ngst ned p\u00e5 denna sida.<\/span><\/p>\n<p><span style=\"font-style: inherit; font-weight: inherit; text-align: var(--text-align);\">&nbsp;<\/span><\/p>\n<p><strong>Personuppgifter<br><\/strong>Artwise hanterar dina personuppgifter med omsorg. N\u00e4r du skapar ett konto hos oss ber vi dig att fylla i bland annat namn, e-postadress, adressuppgifter och (om annan) fakturauppgifter. Vi anv\u00e4nder dessa uppgifter f\u00f6r att skicka de best\u00e4llda varorna och fakturan till dig och f\u00f6r att ge dig ytterligare instruktioner om hur du skapar ditt Artwise-konto. Dina personuppgifter kommer att hanteras noggrant och konfidentiellt av Artwise och kommer endast att g\u00f6ras tillg\u00e4ngliga f\u00f6r tredje part i samband med betalningstransaktioner och leverans. Du kan ocks\u00e5 ange (t.ex. under best\u00e4llningsf\u00f6rfarandet) om du vill f\u00e5 v\u00e5rt regelbundna nyhetsbrev. Du kan dock n\u00e4r som helst avregistrera dig om du inte \u00e4r intresserad av v\u00e5rt nyhetsbrev. Det finns en avregistreringsknapp l\u00e4ngst ned i varje nyhetsbrev.&nbsp;<span style=\"font-style: inherit; font-weight: inherit; text-align: var(--text-align);\">Om du vill \u00e4ndra dina uppgifter eller ta bort dig sj\u00e4lv fr\u00e5n v\u00e5ra filer, v\u00e4nligen kontakta oss. Se kontaktuppgifter nedan.&nbsp;<\/span><span style=\"font-style: inherit; font-weight: inherit; text-align: var(--text-align);\">Din registrering hos oss sker via https:\/\/ vilket inneb\u00e4r att det sker via en s\u00e4ker anslutning till oss. Vi kan inte se ditt l\u00f6senord. De uppgifter som vi delar med betalnings- och leveranstrafiken sker ocks\u00e5 via samma s\u00e4kra anslutning.<\/span><\/p>\n<p><span style=\"font-style: inherit; font-weight: inherit; text-align: var(--text-align);\">&nbsp;<\/span><\/p>\n<p><strong>Personuppgifter och tredje part<br><\/strong>Dina personuppgifter kommer inte att l\u00e4mnas ut till tredje part utan ditt uttryckliga medgivande.&nbsp;<span style=\"font-style: inherit; font-weight: inherit; text-align: var(--text-align);\">Personal och partners \u00e4r skyldiga att respektera sekretessen f\u00f6r dina uppgifter.<\/span><\/p>\t\t\t\t\t\t\t\t<\/div>\n\t\t\t\t<\/div>\n\t\t\t\t\t<\/div>\n\t\t\t\t<\/div>\n\t\t\t\t<\/div>","protected":false},"excerpt":{"rendered":"<p>Privacybeleid ArtwiseDoor gebruik te maken van deze website geef je aan ons privacy beleid te accepteren. Omdat jouw privacy belangrijk is, leggen wij hier duidelijk uit hoe je persoonsgegevens worden verwerkt als je gebruik maakt van onze dienst.&nbsp;Wanneer je na het lezen van dit schrijven nog steeds vragen hebt, vernemen wij dat graag. Zie hiervoor [&hellip;]<\/p>","protected":false},"author":1,"featured_media":0,"parent":0,"menu_order":0,"comment_status":"closed","ping_status":"open","template":"","meta":{"site-sidebar-layout":"default","site-content-layout":"","ast-site-content-layout":"default","site-content-style":"default","site-sidebar-style":"default","ast-global-header-display":"","ast-banner-title-visibility":"","ast-main-header-display":"","ast-hfb-above-header-display":"","ast-hfb-below-header-display":"","ast-hfb-mobile-header-display":"","site-post-title":"","ast-breadcrumbs-content":"","ast-featured-img":"","footer-sml-layout":"","ast-disable-related-posts":"","theme-transparent-header-meta":"","adv-header-id-meta":"","stick-header-meta":"","header-above-stick-meta":"","header-main-stick-meta":"","header-below-stick-meta":"","astra-migrate-meta-layouts":"set","ast-page-background-enabled":"default","ast-page-background-meta":{"desktop":{"background-color":"var(--ast-global-color-4)","background-image":"","background-repeat":"repeat","background-position":"center center","background-size":"auto","background-attachment":"scroll","background-type":"","background-media":"","overlay-type":"","overlay-color":"","overlay-opacity":"","overlay-gradient":""},"tablet":{"background-color":"","background-image":"","background-repeat":"repeat","background-position":"center center","background-size":"auto","background-attachment":"scroll","background-type":"","background-media":"","overlay-type":"","overlay-color":"","overlay-opacity":"","overlay-gradient":""},"mobile":{"background-color":"","background-image":"","background-repeat":"repeat","background-position":"center center","background-size":"auto","background-attachment":"scroll","background-type":"","background-media":"","overlay-type":"","overlay-color":"","overlay-opacity":"","overlay-gradient":""}},"ast-content-background-meta":{"desktop":{"background-color":"var(--ast-global-color-5)","background-image":"","background-repeat":"repeat","background-position":"center center","background-size":"auto","background-attachment":"scroll","background-type":"","background-media":"","overlay-type":"","overlay-color":"","overlay-opacity":"","overlay-gradient":""},"tablet":{"background-color":"var(--ast-global-color-5)","background-image":"","background-repeat":"repeat","background-position":"center center","background-size":"auto","background-attachment":"scroll","background-type":"","background-media":"","overlay-type":"","overlay-color":"","overlay-opacity":"","overlay-gradient":""},"mobile":{"background-color":"var(--ast-global-color-5)","background-image":"","background-repeat":"repeat","background-position":"center center","background-size":"auto","background-attachment":"scroll","background-type":"","background-media":"","overlay-type":"","overlay-color":"","overlay-opacity":"","overlay-gradient":""}},"footnotes":""},"class_list":["post-3","page","type-page","status-publish","hentry"],"yoast_head":"<!-- This site is optimized with the Yoast SEO Premium plugin v27.3 (Yoast SEO v27.5) - https:\/\/yoast.com\/product\/yoast-seo-premium-wordpress\/ -->\n<title>Privacy policy - NANA BEELDJES<\/title>\n<meta name=\"robots\" content=\"index, follow, max-snippet:-1, max-image-preview:large, max-video-preview:-1\" \/>\n<link rel=\"canonical\" href=\"https:\/\/nanabeeldjes.nl\/sv\/privacy-policy\/\" \/>\n<meta property=\"og:locale\" content=\"sv_SE\" \/>\n<meta property=\"og:type\" content=\"article\" \/>\n<meta property=\"og:title\" content=\"Privacy policy\" \/>\n<meta property=\"og:description\" content=\"Privacybeleid ArtwiseDoor gebruik te maken van deze website geef je aan ons privacy beleid te accepteren. Omdat jouw privacy belangrijk is, leggen wij hier duidelijk uit hoe je persoonsgegevens worden verwerkt als je gebruik maakt van onze dienst.&nbsp;Wanneer je na het lezen van dit schrijven nog steeds vragen hebt, vernemen wij dat graag. Zie hiervoor [&hellip;]\" \/>\n<meta property=\"og:url\" content=\"https:\/\/nanabeeldjes.nl\/sv\/privacy-policy\/\" \/>\n<meta property=\"og:site_name\" content=\"NANA BEELDJES\" \/>\n<meta property=\"article:modified_time\" content=\"2025-02-24T12:36:39+00:00\" \/>\n<meta name=\"twitter:card\" content=\"summary_large_image\" \/>\n<meta name=\"twitter:label1\" content=\"Ber\u00e4knad l\u00e4stid\" \/>\n\t<meta name=\"twitter:data1\" content=\"2 minuter\" \/>\n<script type=\"application\/ld+json\" class=\"yoast-schema-graph\">{\"@context\":\"https:\\\/\\\/schema.org\",\"@graph\":[{\"@type\":\"WebPage\",\"@id\":\"https:\\\/\\\/nanabeeldjes.nl\\\/privacy-policy\\\/\",\"url\":\"https:\\\/\\\/nanabeeldjes.nl\\\/privacy-policy\\\/\",\"name\":\"Privacy policy - NANA BEELDJES\",\"isPartOf\":{\"@id\":\"https:\\\/\\\/nanabeeldjes.nl\\\/#website\"},\"datePublished\":\"2024-03-16T10:26:45+00:00\",\"dateModified\":\"2025-02-24T12:36:39+00:00\",\"breadcrumb\":{\"@id\":\"https:\\\/\\\/nanabeeldjes.nl\\\/privacy-policy\\\/#breadcrumb\"},\"inLanguage\":\"sv-SE\",\"potentialAction\":[{\"@type\":\"ReadAction\",\"target\":[\"https:\\\/\\\/nanabeeldjes.nl\\\/privacy-policy\\\/\"]}]},{\"@type\":\"BreadcrumbList\",\"@id\":\"https:\\\/\\\/nanabeeldjes.nl\\\/privacy-policy\\\/#breadcrumb\",\"itemListElement\":[{\"@type\":\"ListItem\",\"position\":1,\"name\":\"Home\",\"item\":\"https:\\\/\\\/nanabeeldjes.nl\\\/\"},{\"@type\":\"ListItem\",\"position\":2,\"name\":\"Privacy policy\"}]},{\"@type\":\"WebSite\",\"@id\":\"https:\\\/\\\/nanabeeldjes.nl\\\/#website\",\"url\":\"https:\\\/\\\/nanabeeldjes.nl\\\/\",\"name\":\"NANA BEELDJES\",\"description\":\"Unieke creatieve schilderpakketten\",\"publisher\":{\"@id\":\"https:\\\/\\\/nanabeeldjes.nl\\\/#organization\"},\"potentialAction\":[{\"@type\":\"SearchAction\",\"target\":{\"@type\":\"EntryPoint\",\"urlTemplate\":\"https:\\\/\\\/nanabeeldjes.nl\\\/?s={search_term_string}\"},\"query-input\":{\"@type\":\"PropertyValueSpecification\",\"valueRequired\":true,\"valueName\":\"search_term_string\"}}],\"inLanguage\":\"sv-SE\"},{\"@type\":\"Organization\",\"@id\":\"https:\\\/\\\/nanabeeldjes.nl\\\/#organization\",\"name\":\"NANA BEELDJES\",\"url\":\"https:\\\/\\\/nanabeeldjes.nl\\\/\",\"logo\":{\"@type\":\"ImageObject\",\"inLanguage\":\"sv-SE\",\"@id\":\"https:\\\/\\\/nanabeeldjes.nl\\\/#\\\/schema\\\/logo\\\/image\\\/\",\"url\":\"https:\\\/\\\/nanabeeldjes.nl\\\/wp-content\\\/uploads\\\/2024\\\/11\\\/cropped-nana_beeldjes_logo.png\",\"contentUrl\":\"https:\\\/\\\/nanabeeldjes.nl\\\/wp-content\\\/uploads\\\/2024\\\/11\\\/cropped-nana_beeldjes_logo.png\",\"width\":921,\"height\":111,\"caption\":\"NANA BEELDJES\"},\"image\":{\"@id\":\"https:\\\/\\\/nanabeeldjes.nl\\\/#\\\/schema\\\/logo\\\/image\\\/\"}}]}<\/script>\n<!-- \/ Yoast SEO Premium plugin. -->","yoast_head_json":{"title":"Privacy policy - NANA BEELDJES","robots":{"index":"index","follow":"follow","max-snippet":"max-snippet:-1","max-image-preview":"max-image-preview:large","max-video-preview":"max-video-preview:-1"},"canonical":"https:\/\/nanabeeldjes.nl\/sv\/privacy-policy\/","og_locale":"sv_SE","og_type":"article","og_title":"Privacy policy","og_description":"Privacybeleid ArtwiseDoor gebruik te maken van deze website geef je aan ons privacy beleid te accepteren. Omdat jouw privacy belangrijk is, leggen wij hier duidelijk uit hoe je persoonsgegevens worden verwerkt als je gebruik maakt van onze dienst.&nbsp;Wanneer je na het lezen van dit schrijven nog steeds vragen hebt, vernemen wij dat graag. Zie hiervoor [&hellip;]","og_url":"https:\/\/nanabeeldjes.nl\/sv\/privacy-policy\/","og_site_name":"NANA BEELDJES","article_modified_time":"2025-02-24T12:36:39+00:00","twitter_card":"summary_large_image","twitter_misc":{"Ber\u00e4knad l\u00e4stid":"2 minuter"},"schema":{"@context":"https:\/\/schema.org","@graph":[{"@type":"WebPage","@id":"https:\/\/nanabeeldjes.nl\/privacy-policy\/","url":"https:\/\/nanabeeldjes.nl\/privacy-policy\/","name":"Privacy policy - NANA BEELDJES","isPartOf":{"@id":"https:\/\/nanabeeldjes.nl\/#website"},"datePublished":"2024-03-16T10:26:45+00:00","dateModified":"2025-02-24T12:36:39+00:00","breadcrumb":{"@id":"https:\/\/nanabeeldjes.nl\/privacy-policy\/#breadcrumb"},"inLanguage":"sv-SE","potentialAction":[{"@type":"ReadAction","target":["https:\/\/nanabeeldjes.nl\/privacy-policy\/"]}]},{"@type":"BreadcrumbList","@id":"https:\/\/nanabeeldjes.nl\/privacy-policy\/#breadcrumb","itemListElement":[{"@type":"ListItem","position":1,"name":"Home","item":"https:\/\/nanabeeldjes.nl\/"},{"@type":"ListItem","position":2,"name":"Privacy policy"}]},{"@type":"WebSite","@id":"https:\/\/nanabeeldjes.nl\/#website","url":"https:\/\/nanabeeldjes.nl\/","name":"NANA FIGURINER","description":"Unieke creatieve schilderpakketten","publisher":{"@id":"https:\/\/nanabeeldjes.nl\/#organization"},"potentialAction":[{"@type":"SearchAction","target":{"@type":"EntryPoint","urlTemplate":"https:\/\/nanabeeldjes.nl\/?s={search_term_string}"},"query-input":{"@type":"PropertyValueSpecification","valueRequired":true,"valueName":"search_term_string"}}],"inLanguage":"sv-SE"},{"@type":"Organization","@id":"https:\/\/nanabeeldjes.nl\/#organization","name":"NANA FIGURINER","url":"https:\/\/nanabeeldjes.nl\/","logo":{"@type":"ImageObject","inLanguage":"sv-SE","@id":"https:\/\/nanabeeldjes.nl\/#\/schema\/logo\/image\/","url":"https:\/\/nanabeeldjes.nl\/wp-content\/uploads\/2024\/11\/cropped-nana_beeldjes_logo.png","contentUrl":"https:\/\/nanabeeldjes.nl\/wp-content\/uploads\/2024\/11\/cropped-nana_beeldjes_logo.png","width":921,"height":111,"caption":"NANA BEELDJES"},"image":{"@id":"https:\/\/nanabeeldjes.nl\/#\/schema\/logo\/image\/"}}]}},"_links":{"self":[{"href":"https:\/\/nanabeeldjes.nl\/sv\/wp-json\/wp\/v2\/pages\/3","targetHints":{"allow":["GET"]}}],"collection":[{"href":"https:\/\/nanabeeldjes.nl\/sv\/wp-json\/wp\/v2\/pages"}],"about":[{"href":"https:\/\/nanabeeldjes.nl\/sv\/wp-json\/wp\/v2\/types\/page"}],"author":[{"embeddable":true,"href":"https:\/\/nanabeeldjes.nl\/sv\/wp-json\/wp\/v2\/users\/1"}],"replies":[{"embeddable":true,"href":"https:\/\/nanabeeldjes.nl\/sv\/wp-json\/wp\/v2\/comments?post=3"}],"version-history":[{"count":10,"href":"https:\/\/nanabeeldjes.nl\/sv\/wp-json\/wp\/v2\/pages\/3\/revisions"}],"predecessor-version":[{"id":17895,"href":"https:\/\/nanabeeldjes.nl\/sv\/wp-json\/wp\/v2\/pages\/3\/revisions\/17895"}],"wp:attachment":[{"href":"https:\/\/nanabeeldjes.nl\/sv\/wp-json\/wp\/v2\/media?parent=3"}],"curies":[{"name":"wp","href":"https:\/\/api.w.org\/{rel}","templated":true}]}}